{"id":2812,"date":"2021-09-03T16:00:16","date_gmt":"2021-09-03T15:00:16","guid":{"rendered":"http:\/\/www.rougier-atelier.com\/?post_type=product&#038;p=2812"},"modified":"2022-02-28T17:41:33","modified_gmt":"2022-02-28T16:41:33","slug":"pu61-erotomlash-livret-1er-alexis-pelletier","status":"publish","type":"product","link":"http:\/\/www.rougier-atelier.com\/?product=pu61-erotomlash-livret-1er-alexis-pelletier","title":{"rendered":"PU61 &#8211; \u00c9rotoMlash &#8211; Livret 1er &#8211; Alexis Pelletier"},"content":{"rendered":"<p><a href=\"http:\/\/www.rougier-atelier.com\/?product=ficelle-n93-psalmlash\">Plis Urgents n\u00b027 \u2013 PSALMLASH,<\/a>Alexis Pelletier, \u00e9crivain habite et travaille \u00e0 Rouen,\u00a0pratique la litt\u00e9rature, la musicologie et l\u2019enseignement.\u00a0En po\u00e9sie et th\u00e9\u00e2tre, Mlash croise ses doubles\u00a0Zipw\u00e9 et Pluk &#8211; trois personnages \u00e0 l\u2019encontre du\u00a0propos po\u00e9tique ? Mais la po\u00e9sie, la forme et la\u00a0libert\u00e9 choisie de sa contrainte ne m\u00e8nent-elle pas\u00a0au non-po\u00e8me versifi\u00e9 ?\u00a0Dans ces carnets retrouv\u00e9s, Zipw\u00e9 et Mlash partagent\u00a0le d\u00e9sir et en jouent sous le regard amus\u00e9 du\u00a0grand absent Pluk.<\/p>\n<p>Livret 1er &#8211;\u00a0Avant-propos &#8211;\u00a0Une m\u00e9canique &#8211;\u00a0La voix les seins<\/p>\n<p>Livret 2e (\u00e0 para\u00eetre en 2022) &#8211;\u00a0Un souvenir \u2014 Fragments \u00e9l\u00e9giaques \u2014 De dos<\/p>\n","protected":false},"excerpt":{"rendered":"<p>Livre broch\u00e9 en jaquette, 300 ex.\u00a0Num\u00e9rot\u00e9s &#8211;\u00a056 p., 10.5 x 15 cm, papier verg\u00e9\u00a0Collora-book.<br \/>\nISBN 979-10-93019-72-7<br \/>\nIllustr\u00e9 de deux graves en taille-douce de Vincent Rougier.<br \/>\nTirage num\u00e9rot\u00e9 courant : 16\u20ac.<\/p>\n","protected":false},"featured_media":2814,"template":"","meta":[],"product_brand":[],"product_cat":[16,17],"product_tag":[674,73,242,40],"class_list":{"0":"post-2812","1":"product","2":"type-product","3":"status-publish","4":"has-post-thumbnail","6":"product_cat-les-editions","7":"product_cat-plis-urgents","8":"product_tag-674","9":"product_tag-alexis-pelletier","10":"product_tag-mlash","11":"product_tag-vincent-rougier","13":"first","14":"instock","15":"featured","16":"shipping-taxable","17":"purchasable","18":"product-type-simple"},"_links":{"self":[{"href":"http:\/\/www.rougier-atelier.com\/index.php?rest_route=\/wp\/v2\/product\/2812","targetHints":{"allow":["GET"]}}],"collection":[{"href":"http:\/\/www.rougier-atelier.com\/index.php?rest_route=\/wp\/v2\/product"}],"about":[{"href":"http:\/\/www.rougier-atelier.com\/index.php?rest_route=\/wp\/v2\/types\/product"}],"wp:featuredmedia":[{"embeddable":true,"href":"http:\/\/www.rougier-atelier.com\/index.php?rest_route=\/wp\/v2\/media\/2814"}],"wp:attachment":[{"href":"http:\/\/www.rougier-atelier.com\/index.php?rest_route=%2Fwp%2Fv2%2Fmedia&parent=2812"}],"wp:term":[{"taxonomy":"product_brand","embeddable":true,"href":"http:\/\/www.rougier-atelier.com\/index.php?rest_route=%2Fwp%2Fv2%2Fproduct_brand&post=2812"},{"taxonomy":"product_cat","embeddable":true,"href":"http:\/\/www.rougier-atelier.com\/index.php?rest_route=%2Fwp%2Fv2%2Fproduct_cat&post=2812"},{"taxonomy":"product_tag","embeddable":true,"href":"http:\/\/www.rougier-atelier.com\/index.php?rest_route=%2Fwp%2Fv2%2Fproduct_tag&post=2812"}],"curies":[{"name":"wp","href":"https:\/\/api.w.org\/{rel}","templated":true}]}}