{"id":2818,"date":"2021-09-03T16:30:08","date_gmt":"2021-09-03T15:30:08","guid":{"rendered":"http:\/\/www.rougier-atelier.com\/?post_type=product&#038;p=2818"},"modified":"2021-09-03T16:55:00","modified_gmt":"2021-09-03T15:55:00","slug":"pu61-coffret-erotomlash-livret-1er-alexis-pelletier","status":"publish","type":"product","link":"http:\/\/www.rougier-atelier.com\/?product=pu61-coffret-erotomlash-livret-1er-alexis-pelletier","title":{"rendered":"PU61 &#8211; coffret \u2013 \u00c9rotoMlash \u2013 Livret 1er \u2013 Alexis Pelletier &#8211;"},"content":{"rendered":"<p>Alexis Pelletier, \u00e9crivain habite et travaille \u00e0 Rouen, pratique la litt\u00e9rature, la musicologie et l\u2019enseignement. En po\u00e9sie et th\u00e9\u00e2tre, Mlash croise ses doubles Zipw\u00e9 et Pluk &#8211; trois personnages \u00e0 l\u2019encontre du propos po\u00e9tique ? Mais la po\u00e9sie, la forme et la libert\u00e9 choisie de sa contrainte ne m\u00e8nent-elle pas au non-po\u00e8me versifi\u00e9 ?<br \/>\nDans ces carnets retrouv\u00e9s, Zipw\u00e9 et Mlash partagent le d\u00e9sir et en jouent sous le regard amus\u00e9 du grand absent Pluk.<br \/>\nLivret 1er<br \/>\nAvant-propos<br \/>\nUne m\u00e9canique<br \/>\nLa voix les seins<\/p>\n<p>Livret 2e (\u00e0 para\u00eetre en 2022)<br \/>\nUn souvenir \u2014 Fragments \u00e9l\u00e9giaques \u2014 De dos<\/p>\n","protected":false},"excerpt":{"rendered":"<p>Tirage de t\u00eate en coffret contenant deux gravures originales de Vincent Rougier, 8 exemplaires sign\u00e9s et un froiss\u00e9 original.<br \/>\n56 p., 10.5 x 15 cm, papier verg\u00e9 Clairefontaine.<br \/>\nISBN 979-10-93019-72-7<\/p>\n","protected":false},"featured_media":2813,"template":"","meta":[],"product_brand":[],"product_cat":[191,16,17],"product_tag":[674,73,676,675,242,40],"class_list":{"0":"post-2818","1":"product","2":"type-product","3":"status-publish","4":"has-post-thumbnail","6":"product_cat-beaux-arts","7":"product_cat-les-editions","8":"product_cat-plis-urgents","9":"product_tag-674","10":"product_tag-alexis-pelletier","11":"product_tag-coffrets","12":"product_tag-erotomlash","13":"product_tag-mlash","14":"product_tag-vincent-rougier","16":"first","17":"instock","18":"featured","19":"shipping-taxable","20":"purchasable","21":"product-type-simple"},"_links":{"self":[{"href":"http:\/\/www.rougier-atelier.com\/index.php?rest_route=\/wp\/v2\/product\/2818","targetHints":{"allow":["GET"]}}],"collection":[{"href":"http:\/\/www.rougier-atelier.com\/index.php?rest_route=\/wp\/v2\/product"}],"about":[{"href":"http:\/\/www.rougier-atelier.com\/index.php?rest_route=\/wp\/v2\/types\/product"}],"wp:featuredmedia":[{"embeddable":true,"href":"http:\/\/www.rougier-atelier.com\/index.php?rest_route=\/wp\/v2\/media\/2813"}],"wp:attachment":[{"href":"http:\/\/www.rougier-atelier.com\/index.php?rest_route=%2Fwp%2Fv2%2Fmedia&parent=2818"}],"wp:term":[{"taxonomy":"product_brand","embeddable":true,"href":"http:\/\/www.rougier-atelier.com\/index.php?rest_route=%2Fwp%2Fv2%2Fproduct_brand&post=2818"},{"taxonomy":"product_cat","embeddable":true,"href":"http:\/\/www.rougier-atelier.com\/index.php?rest_route=%2Fwp%2Fv2%2Fproduct_cat&post=2818"},{"taxonomy":"product_tag","embeddable":true,"href":"http:\/\/www.rougier-atelier.com\/index.php?rest_route=%2Fwp%2Fv2%2Fproduct_tag&post=2818"}],"curies":[{"name":"wp","href":"https:\/\/api.w.org\/{rel}","templated":true}]}}