{"id":2833,"date":"2021-10-07T17:39:05","date_gmt":"2021-10-07T16:39:05","guid":{"rendered":"http:\/\/www.rougier-atelier.com\/?post_type=product&#038;p=2833"},"modified":"2021-10-09T17:07:23","modified_gmt":"2021-10-09T16:07:23","slug":"ficelle-n146-le-train-ne-sifflera-plus-alain-helissen","status":"publish","type":"product","link":"http:\/\/www.rougier-atelier.com\/?product=ficelle-n146-le-train-ne-sifflera-plus-alain-helissen","title":{"rendered":"Ficelle n\u00b0146 &#8211; LE TRAIN NE SIFFLERA PLUS &#8211; Alain H\u00e9lissen"},"content":{"rendered":"<p>Ces Nd\u00e9 pour vous aider \u00e0 sourire d\u2019une telle incompr\u00e9hension.<br \/>\nDidascalies :<br \/>\n<span style=\"color: #ff0000;\">\u00abBanale rupture et o\u00f9 un parfait jeu de cons s\u2019engage\u00bb.<\/span><br \/>\n<span style=\"color: #ff0000;\">\u00abCol\u00e8re regrettable pour la po\u00e9sie et la litt\u00e9rature\u00bb.<\/span><br \/>\n<span style=\"color: #ff0000;\">\u00abEt ben oui, une arme ou du talent n\u2019existent que si l\u2019on sait s\u2019en servir \u00e0 l\u2019\u00e9cran et \u00e0 propos\u00bb.<\/span><br \/>\n<span style=\"color: #ff0000;\">\u00abOui, bravo. Le lecteur comprendra ta passion et tes bons souvenirs d\u2019embauche en tant que cariste chez Amazon\u00bb.<\/span><br \/>\n<span style=\"color: #ff0000;\">\u00abIl est certain qu\u2019une bonne giclette devrait te soulager\u00bb.<\/span><\/p>\n<p><a href=\"http:\/\/alainhelissen.over-blog.com\">http:\/\/alainhelissen.over-blog.com<\/a><\/p>\n<p><span class=\"Apple-converted-space\">\u00a0<\/span>Alain HELISSEN est n\u00e9 en 1954, en Moselle. Il vit d\u00e9sormais \u00e0 Metz, o\u00f9 il anime, depuis 2007, des rencontres po\u00e9tiques trimestrielles (m\u00e9diath\u00e8que Verlaine). Parmi ses derni\u00e8res publications : \u00ab Des lettres de la Voie Lact\u00e9e \u00bb, Cactus In\u00e9branlable \u00e9ditions, 2016, \u00ab On joue tout seul \u00bb, \u00e9d. Corps Puce, 2010. Il se consacre presque exclusivement, ces derni\u00e8res ann\u00e9es, \u00e0 la r\u00e9alisation de livres d\u2019artiste, seul ou en duo avec des plasticien(ne)s. Il vient de publier un livre \u00e0 partir de peintures originales de Germain Roesz : \u00ab P\u00e9rim\u00e8tres \u00bb (\u00e9ditions Lieux-dits). Son \u00e9criture oscille entre un lyrisme introspectif, pour le versant po\u00e9tique, et l\u2019humour d\u00e9clin\u00e9 dans des textes courts ou sous forme d\u2019aphorismes. Il fait aussi des lectures publiques. Toute son actualit\u00e9 est visible sur son blog :<span class=\"Apple-converted-space\">\u00a0<\/span><\/p>\n<p>&nbsp;<\/p>\n","protected":false},"excerpt":{"rendered":"<p>CORRESPONDANCE &#8211; HUMOUR<br \/>\nLivret broch\u00e9 couture plate, 200 ex. 48p,<br \/>\nCouverture \u00e0 trois rabats,<br \/>\n10,5 x 15 cm.<br \/>\nTirage courant :13\u20ac<br \/>\nISSN 1252-5405<br \/>\nISBN 979-10-93019-73-4<br \/>\n\u00c9lectre : ee.electre.com<br \/>\nGescom &#8211; Dilicom<br \/>\nGencod &#8211; 310249 096 13<br \/>\nwww.rougier-atelier.com<\/p>\n","protected":false},"featured_media":2842,"template":"","meta":[],"product_brand":[],"product_cat":[16,15,19],"product_tag":[681,678,677,680,679,40],"class_list":{"0":"post-2833","1":"product","2":"type-product","3":"status-publish","4":"has-post-thumbnail","6":"product_cat-les-editions","7":"product_cat-revue-ficelleplisurgents","8":"product_cat-livres-dartiste","9":"product_tag-681","10":"product_tag-alain-helissen","11":"product_tag-ficelle-146","12":"product_tag-gary","13":"product_tag-le-train-ne-sifflera-plus","14":"product_tag-vincent-rougier","16":"first","17":"instock","18":"featured","19":"shipping-taxable","20":"purchasable","21":"product-type-simple"},"_links":{"self":[{"href":"http:\/\/www.rougier-atelier.com\/index.php?rest_route=\/wp\/v2\/product\/2833","targetHints":{"allow":["GET"]}}],"collection":[{"href":"http:\/\/www.rougier-atelier.com\/index.php?rest_route=\/wp\/v2\/product"}],"about":[{"href":"http:\/\/www.rougier-atelier.com\/index.php?rest_route=\/wp\/v2\/types\/product"}],"wp:featuredmedia":[{"embeddable":true,"href":"http:\/\/www.rougier-atelier.com\/index.php?rest_route=\/wp\/v2\/media\/2842"}],"wp:attachment":[{"href":"http:\/\/www.rougier-atelier.com\/index.php?rest_route=%2Fwp%2Fv2%2Fmedia&parent=2833"}],"wp:term":[{"taxonomy":"product_brand","embeddable":true,"href":"http:\/\/www.rougier-atelier.com\/index.php?rest_route=%2Fwp%2Fv2%2Fproduct_brand&post=2833"},{"taxonomy":"product_cat","embeddable":true,"href":"http:\/\/www.rougier-atelier.com\/index.php?rest_route=%2Fwp%2Fv2%2Fproduct_cat&post=2833"},{"taxonomy":"product_tag","embeddable":true,"href":"http:\/\/www.rougier-atelier.com\/index.php?rest_route=%2Fwp%2Fv2%2Fproduct_tag&post=2833"}],"curies":[{"name":"wp","href":"https:\/\/api.w.org\/{rel}","templated":true}]}}