{"id":2850,"date":"2021-12-11T15:59:18","date_gmt":"2021-12-11T14:59:18","guid":{"rendered":"http:\/\/www.rougier-atelier.com\/?post_type=product&#038;p=2850"},"modified":"2021-12-11T16:14:31","modified_gmt":"2021-12-11T15:14:31","slug":"ficelle-147-agendada-4-werner-lambersy","status":"publish","type":"product","link":"http:\/\/www.rougier-atelier.com\/?product=ficelle-147-agendada-4-werner-lambersy","title":{"rendered":"ficelle 147 &#8211; AGENDADA &#8211; 4 &#8211; Werner Lambersy"},"content":{"rendered":"<p>Aphorismes : Oui, ces courts propos parfois d\u00e9routants, impertinents qui lib\u00e8rent notre esprit encombr\u00e9 par les vicissitude du quotidien &#8211; TiensTiens ! Werner Lambersy nous offre quelques notes \u00e9ruptives que vous d\u00e9couvrirez en quatre livrets, quatre \u00absaisons\u00bb, \u00abcomme \u00e0 la t\u00e9l\u00e9\u00bb au fil des ann\u00e9es \u00e0 venir. \u00a0Yves Barr\u00e9 l\u2019illustre avec spontan\u00e9it\u00e9<span class=\"Apple-converted-space\">\u00a0 <\/span>de quelques \u00abbandeaux\u00bb<span class=\"Apple-converted-space\">\u00a0<\/span><\/p>\n<p><strong>Werner Lambersy<\/strong> vient de nous quitter. Grand po\u00e8te, prosateur, observateur, il nous offre quelques notes \u00e9ruptives que vous d\u00e9couvrirez en ce 4\u00e8 livret tr\u00e8s \u00e0-propos de sa fin de vie ; dernier de ces \u00abquatre saisons\u00bb, au fil de la rivi\u00e8re o\u00f9 le \u00ab\u00a0<i>futur est en amont<\/i>\u00ab\u00a0, notre \u00ab\u00a0<i>demain \u00e0 la source<\/i>\u00ab\u00a0.<span class=\"Apple-converted-space\">\u00a0\u00a0<\/span><strong>Yves Barr\u00e9<\/strong>, vieux complice de mes petites \u00e9ditions illustre ces quatre livrets avec talent et spontan\u00e9it\u00e9 de quelques dessins en<span class=\"Apple-converted-space\">\u00a0 <\/span>bandeaux et linogravures.<span class=\"Apple-converted-space\">\u00a0<\/span><\/p>\n<p>Chez le m\u00eame \u00e9diteur :<br \/>\nVU DU TRAIN -1: ficelle n\u00b065<br \/>\nVU DU TRAIN -2: ficelle n\u00b074<br \/>\nPARIS PARIS ALLER RETOUR : ficelle n\u00b0105 &#8211; ill. Ga\u00eblle Pelachaud<br \/>\nLE ROI BERDAGOT : (jeunesse) 978-2-913040-35-9 ill. P. Castex Menier<br \/>\nOPSIMATH : 978-2-913040-99-3 Werner Lambersy &amp; A.M. Vesco<br \/>\nDERNI\u00c8RES NOUVELLES D\u2019ULYSSE : 979-10-93019-11-6 &#8211; ill. A.M. Vesco<br \/>\nLA D\u00c9CLARATION : 978-2-913040-45-1 W. Lambersy &amp; V. Rougier<br \/>\nAGENDADA &#8211; 1 &#8211; 2 &#8211; 3 &amp; 4 : ill. Yves Barr\u00e9<\/p>\n<p>Yves Barr\u00e9 :<br \/>\nN\u00e9 en 1949, Yves Barr\u00e9 vit dans la campagne sarthoise. \u00ab Po\u00e8te d\u00e9finitivement inclassable \u00bb, selon la d\u00e9finition du Prix Claude Ribouillault qui lui a \u00e9t\u00e9 d\u00e9cern\u00e9 en 2003, Yves Barr\u00e9 \u00e9crit, dessine, peint, sculpte.<br \/>\nURTICANTES &#8211; 978-2-913040-95-0 Jean-Claude Touzeil &amp; Yves Barr\u00e9 \u00c9TAT DE CHAISES &#8211; 979-10-93019-04-8 Yves Barr\u00e9<br \/>\nAPHORISMES &#8211; 979-10-93019-13-0 Jacques Coly &amp; Yves Barr\u00e9<br \/>\nOISEAUX &#8211; 979-10-93019-48-2 Paul Badin &amp; Yves Barr\u00e9 \u2014 (jeunesse)<br \/>\nAGENDADA &#8211; 1 &#8211; 979-10-93019-51-2 Werner Lambersy &amp; Yves Barr\u00e9 AGENDADA &#8211; 2 &#8211; 979-10-93019-61-1 Werner Lambersy &amp; Yves Barr\u00e9 AGENDADA &#8211; 3 &#8211; 979-10-93019-68-0 Werner Lambersy &amp; Yves Barr\u00e9 AGENDADA &#8211; 4 &#8211; 979-10-93019-74-1 Werner Lambersy &amp; Yves Barr\u00e9<\/p>\n","protected":false},"excerpt":{"rendered":"<p>ISBN 979-10-93019-74-1 \u2014 ISSN 1252-5405<br \/>\nLivret broch\u00e9 couture plate, 300 ex.<br \/>\n40p., 10,5 x 15 cm.<br \/>\nTirage courant :11\u20ac<br \/>\n<a href=\"https:\/\/fr.wikipedia.org\/wiki\/Werner_Lambersy\">Werner Lambersy<\/a><br \/>\n<em>\u00abIl faut fermer la parenth\u00e8se que l\u2019on a imprudemment ouverte en naissant\u00bb<br \/>\n\u00abJe n\u2019ai pas pu mettre de mots sur l\u2019amour, juste de l\u2019amour sur les mots\u00bb.<\/em><\/p>\n","protected":false},"featured_media":2851,"template":"","meta":[],"product_brand":[],"product_cat":[16,15],"product_tag":[682,559,683,326,41,150],"class_list":{"0":"post-2850","1":"product","2":"type-product","3":"status-publish","4":"has-post-thumbnail","6":"product_cat-les-editions","7":"product_cat-revue-ficelleplisurgents","8":"product_tag-682","9":"product_tag-agendada","10":"product_tag-lagendada-4","11":"product_tag-poesie-aphorismes","12":"product_tag-werner-lambersy","13":"product_tag-barre","15":"first","16":"instock","17":"featured","18":"shipping-taxable","19":"purchasable","20":"product-type-simple"},"_links":{"self":[{"href":"http:\/\/www.rougier-atelier.com\/index.php?rest_route=\/wp\/v2\/product\/2850","targetHints":{"allow":["GET"]}}],"collection":[{"href":"http:\/\/www.rougier-atelier.com\/index.php?rest_route=\/wp\/v2\/product"}],"about":[{"href":"http:\/\/www.rougier-atelier.com\/index.php?rest_route=\/wp\/v2\/types\/product"}],"wp:featuredmedia":[{"embeddable":true,"href":"http:\/\/www.rougier-atelier.com\/index.php?rest_route=\/wp\/v2\/media\/2851"}],"wp:attachment":[{"href":"http:\/\/www.rougier-atelier.com\/index.php?rest_route=%2Fwp%2Fv2%2Fmedia&parent=2850"}],"wp:term":[{"taxonomy":"product_brand","embeddable":true,"href":"http:\/\/www.rougier-atelier.com\/index.php?rest_route=%2Fwp%2Fv2%2Fproduct_brand&post=2850"},{"taxonomy":"product_cat","embeddable":true,"href":"http:\/\/www.rougier-atelier.com\/index.php?rest_route=%2Fwp%2Fv2%2Fproduct_cat&post=2850"},{"taxonomy":"product_tag","embeddable":true,"href":"http:\/\/www.rougier-atelier.com\/index.php?rest_route=%2Fwp%2Fv2%2Fproduct_tag&post=2850"}],"curies":[{"name":"wp","href":"https:\/\/api.w.org\/{rel}","templated":true}]}}