{"id":2866,"date":"2022-02-28T19:10:53","date_gmt":"2022-02-28T18:10:53","guid":{"rendered":"http:\/\/www.rougier-atelier.com\/?post_type=product&#038;p=2866"},"modified":"2022-02-28T19:35:49","modified_gmt":"2022-02-28T18:35:49","slug":"pu62-erotomlash-livret-2e-alexis-pelletier","status":"publish","type":"product","link":"http:\/\/www.rougier-atelier.com\/?product=pu62-erotomlash-livret-2e-alexis-pelletier","title":{"rendered":"PU62 \u2013 \u00c9rotoMlash \u2013 Livret 2\u00e8 \u2013 Alexis Pelletier"},"content":{"rendered":"<p>Livret 2e<span class=\"Apple-converted-space\">\u00a0<\/span><br \/>\nUn souvenir \u2014 Fragments \u00e9l\u00e9giaques \u2014 De dos<br \/>\nUn entretien post-ludique.<br \/>\n\u00ab\u00a0Livret 1er, Paru en 2021 \u2014Avant-propos de l\u2019\u00e9diteur \u2014 Une m\u00e9canique et, La voix les seins\u00a0\u00bb.<br \/>\n\u00ab\u00a0<i>Apr\u00e8s un premier livret, il \u00e9tait loisible d\u2019en attendre un deuxi\u00e8me. Le voici. Et peut-\u00eatre dans la maison de Stantre un troisi\u00e8me est encore cach\u00e9. Je l\u2019ignore totalement.<\/i><br \/>\n<i>Ce sont donc une nouvelle fois des textes retrouv\u00e9s assez r\u00e9cemment. Et je suis incapable de les dater sauf \u00e0 r\u00e9p\u00e9ter comme pour ceux du premier livret qu\u2019ils datent d\u2019\u00e9poques tr\u00e8s diverses dans la production mlashienne.<\/i><br \/>\n<i>Mlash n\u2019a jamais pr\u00e9tendu \u00e0 la forme du po\u00e8me. Et ces textes n\u2019\u00e9chappent pas \u00e0 ce retrait. Pourquoi, selon lui, entrer dans les d\u00e9bats qui d\u00e9finissent un po\u00e8me, qui assignent telle attente au po\u00e9tique et qui le plus souvent ne renvoient qu\u2019\u00e0 de vieilles lunes un peu d\u00e9caties mais modernes, affirme-t-on, forc\u00e9ment modernes et le plus souvent creuses ? Il ne cherche qu\u2019\u00e0 se d\u00e9prendre de lui dans le regard de l\u2019autre<\/i>\u00ab\u00a0.<\/p>\n<p>A.P.<\/p>\n","protected":false},"excerpt":{"rendered":"<p>Livre broch\u00e9 en jaquette, 300 ex.Num\u00e9rot\u00e9s<br \/>\n40 p., 10.5 x 15 cm, papier verg\u00e9 Collora-book.<br \/>\nISBN 979-10-93019-75-8<br \/>\nGencod Dilicom 310 559 410 44 10<br \/>\nDisponible sur :<span class=\"Apple-converted-space\">\u00a0<\/span><br \/>\nElectre, SFL et <strong>Rougier-atelier<\/strong>.<br \/>\nTirage num\u00e9rot\u00e9 courant : 16\u20ac.<\/p>\n","protected":false},"featured_media":2867,"template":"","meta":[],"product_brand":[],"product_cat":[16,17],"product_tag":[542,684,73,675,242,241],"class_list":{"0":"post-2866","1":"product","2":"type-product","3":"status-publish","4":"has-post-thumbnail","6":"product_cat-les-editions","7":"product_cat-plis-urgents","8":"product_tag-1252-5405","9":"product_tag-979-10-93019-75-8","10":"product_tag-alexis-pelletier","11":"product_tag-erotomlash","12":"product_tag-mlash","13":"product_tag-psalmlash","15":"first","16":"instock","17":"featured","18":"shipping-taxable","19":"purchasable","20":"product-type-simple"},"_links":{"self":[{"href":"http:\/\/www.rougier-atelier.com\/index.php?rest_route=\/wp\/v2\/product\/2866","targetHints":{"allow":["GET"]}}],"collection":[{"href":"http:\/\/www.rougier-atelier.com\/index.php?rest_route=\/wp\/v2\/product"}],"about":[{"href":"http:\/\/www.rougier-atelier.com\/index.php?rest_route=\/wp\/v2\/types\/product"}],"wp:featuredmedia":[{"embeddable":true,"href":"http:\/\/www.rougier-atelier.com\/index.php?rest_route=\/wp\/v2\/media\/2867"}],"wp:attachment":[{"href":"http:\/\/www.rougier-atelier.com\/index.php?rest_route=%2Fwp%2Fv2%2Fmedia&parent=2866"}],"wp:term":[{"taxonomy":"product_brand","embeddable":true,"href":"http:\/\/www.rougier-atelier.com\/index.php?rest_route=%2Fwp%2Fv2%2Fproduct_brand&post=2866"},{"taxonomy":"product_cat","embeddable":true,"href":"http:\/\/www.rougier-atelier.com\/index.php?rest_route=%2Fwp%2Fv2%2Fproduct_cat&post=2866"},{"taxonomy":"product_tag","embeddable":true,"href":"http:\/\/www.rougier-atelier.com\/index.php?rest_route=%2Fwp%2Fv2%2Fproduct_tag&post=2866"}],"curies":[{"name":"wp","href":"https:\/\/api.w.org\/{rel}","templated":true}]}}