{"id":2919,"date":"2022-05-02T13:54:48","date_gmt":"2022-05-02T12:54:48","guid":{"rendered":"http:\/\/www.rougier-atelier.com\/?post_type=product&#038;p=2919"},"modified":"2022-05-02T13:58:28","modified_gmt":"2022-05-02T12:58:28","slug":"ficelle-partagee-n8-on-peut-dire-ca-comme-ca-bernard-colas","status":"publish","type":"product","link":"http:\/\/www.rougier-atelier.com\/?product=ficelle-partagee-n8-on-peut-dire-ca-comme-ca-bernard-colas","title":{"rendered":"ficelle partag\u00e9e N\u00b08 &#8211; ON PEUT DIRE \u00c7A COMME \u00c7A &#8211; Bernard Colas"},"content":{"rendered":"<p>200 aphorismes<br \/>\nde<br \/>\nBernard Colas<br \/>\nIllustrations d\u2019Yves Barr\u00e9 &#8211; Avant propos d&rsquo;illustrations<br \/>\nChass\u00e9 par la R\u00e9volution du coll\u00e8ge o\u00f9 il enseignait, l&rsquo;abb\u00e9 Pierre de la M\u00e9sang\u00e8re s&rsquo;attacha alors \u00e0 d\u00e9crire les toilettes des femmes dans le Journal des dames et des modes. Deux mille gravures, r\u00e9parties en vingt volumes d\u00e9tailleront les Costumes parisiens de la fin du XVIIIe si\u00e8cle et du commencement du XIXe. Les noms du dessinateur et du graveur ne sont pas mentionn\u00e9s. J&rsquo;ai emprunt\u00e9 \u00e0 ces images les portraits des vignettes pour ce Ficelle (source gallica.bnf.fr).<br \/>\nYB<br \/>\nSur les huit cents aphorismes propos\u00e9s par l\u2019auteur, pour des raisons \u00e9ditoriales, nous n\u2019en avons retenu que deux cents. J\u2019ai pr\u00e9f\u00e9r\u00e9 conserver la num\u00e9rotation propos\u00e9e par l\u2019auteur, respectant ainsi notre science<br \/>\nqu\u2019est \u00ab la math\u00e9matique \u00bb et la num\u00e9rotation qu\u2019elle nous propose. Ces textes n\u2019ont d\u2019autre ambition que de se lire comme un journal quotidien plein d\u2019humour, qui nous maintient dans le vivable malgr\u00e9 nos obligations<br \/>\nhumaines.<\/p>\n<p>Vous munir d\u2019un coupe papier et d\u00e9licatement couper les pages en t\u00eate de livre, cela s\u2019appelle \u00ab\u00a0d\u00e9couronner le livre\u00a0\u00bb.<\/p>\n","protected":false},"excerpt":{"rendered":"<p>Illustrations d&rsquo;<strong>Yves Barr\u00e9<\/strong>,<br \/>\nISBN 9791093019796 &#8211; Couverture \u00e0 rabats, 10 x 15 cm, 36 p,<br \/>\nficelle Partag\u00e9e N\u00b08 &#8211; 200 aphorismes.<\/p>\n<p><span class=\"Apple-converted-space\">\u00a0<\/span>1 &#8211; Vouloir plaire \u00e0 tout prix, c\u2019est s\u2019attendre \u00e0 payer de sa personne.<\/p>\n<p>2 &#8211; Quand on n\u2019est plus dans la course, c\u2019est qu\u2019on prend un mauvais chemin.<\/p>\n<p>3 \u2013 Dans le monde d\u2019aujourd\u2019hui, il est difficile de se faire une opinion. Mais plus facile une opinion contraire.<\/p>\n<p>4 &#8211; Pour beaucoup de gens, dire ce qu\u2019ils pensent c\u2019est dire plusieurs fois la m\u00eame chose.<\/p>\n","protected":false},"featured_media":2926,"template":"","meta":[],"product_brand":[],"product_cat":[16,499,15],"product_tag":[692,690,691,150],"class_list":{"0":"post-2919","1":"product","2":"type-product","3":"status-publish","4":"has-post-thumbnail","6":"product_cat-les-editions","7":"product_cat-ficelle-partagee","8":"product_cat-revue-ficelleplisurgents","9":"product_tag-692","10":"product_tag-ficelle-partagee-n8","11":"product_tag-on-peut-dire-ca-comme-ca","12":"product_tag-barre","14":"first","15":"instock","16":"featured","17":"shipping-taxable","18":"purchasable","19":"product-type-simple"},"_links":{"self":[{"href":"http:\/\/www.rougier-atelier.com\/index.php?rest_route=\/wp\/v2\/product\/2919","targetHints":{"allow":["GET"]}}],"collection":[{"href":"http:\/\/www.rougier-atelier.com\/index.php?rest_route=\/wp\/v2\/product"}],"about":[{"href":"http:\/\/www.rougier-atelier.com\/index.php?rest_route=\/wp\/v2\/types\/product"}],"wp:featuredmedia":[{"embeddable":true,"href":"http:\/\/www.rougier-atelier.com\/index.php?rest_route=\/wp\/v2\/media\/2926"}],"wp:attachment":[{"href":"http:\/\/www.rougier-atelier.com\/index.php?rest_route=%2Fwp%2Fv2%2Fmedia&parent=2919"}],"wp:term":[{"taxonomy":"product_brand","embeddable":true,"href":"http:\/\/www.rougier-atelier.com\/index.php?rest_route=%2Fwp%2Fv2%2Fproduct_brand&post=2919"},{"taxonomy":"product_cat","embeddable":true,"href":"http:\/\/www.rougier-atelier.com\/index.php?rest_route=%2Fwp%2Fv2%2Fproduct_cat&post=2919"},{"taxonomy":"product_tag","embeddable":true,"href":"http:\/\/www.rougier-atelier.com\/index.php?rest_route=%2Fwp%2Fv2%2Fproduct_tag&post=2919"}],"curies":[{"name":"wp","href":"https:\/\/api.w.org\/{rel}","templated":true}]}}