{"id":2968,"date":"2022-06-26T10:17:11","date_gmt":"2022-06-26T09:17:11","guid":{"rendered":"http:\/\/www.rougier-atelier.com\/?post_type=product&#038;p=2968"},"modified":"2025-10-09T00:02:16","modified_gmt":"2025-10-08T23:02:16","slug":"les-petits-tableaux","status":"publish","type":"product","link":"http:\/\/www.rougier-atelier.com\/?product=les-petits-tableaux","title":{"rendered":"Les petits tableaux"},"content":{"rendered":"","protected":false},"excerpt":{"rendered":"<p>Acrylique sur toile, format 18 x 24 cm.<br \/>\nR\u00e9f\u00e9rence en bas de page sur fond noir apr\u00e8s avoir cliquer sur l&rsquo;image.<\/p>\n","protected":false},"featured_media":2969,"template":"","meta":[],"product_brand":[],"product_cat":[191,192],"product_tag":[481,796,699,40],"class_list":{"0":"post-2968","1":"product","2":"type-product","3":"status-publish","4":"has-post-thumbnail","6":"product_cat-beaux-arts","7":"product_cat-peintures","8":"product_tag-peinture","9":"product_tag-petits-tableaux","10":"product_tag-tableaux","11":"product_tag-vincent-rougier","13":"first","14":"instock","15":"featured","16":"shipping-taxable","17":"purchasable","18":"product-type-simple"},"_links":{"self":[{"href":"http:\/\/www.rougier-atelier.com\/index.php?rest_route=\/wp\/v2\/product\/2968","targetHints":{"allow":["GET"]}}],"collection":[{"href":"http:\/\/www.rougier-atelier.com\/index.php?rest_route=\/wp\/v2\/product"}],"about":[{"href":"http:\/\/www.rougier-atelier.com\/index.php?rest_route=\/wp\/v2\/types\/product"}],"wp:featuredmedia":[{"embeddable":true,"href":"http:\/\/www.rougier-atelier.com\/index.php?rest_route=\/wp\/v2\/media\/2969"}],"wp:attachment":[{"href":"http:\/\/www.rougier-atelier.com\/index.php?rest_route=%2Fwp%2Fv2%2Fmedia&parent=2968"}],"wp:term":[{"taxonomy":"product_brand","embeddable":true,"href":"http:\/\/www.rougier-atelier.com\/index.php?rest_route=%2Fwp%2Fv2%2Fproduct_brand&post=2968"},{"taxonomy":"product_cat","embeddable":true,"href":"http:\/\/www.rougier-atelier.com\/index.php?rest_route=%2Fwp%2Fv2%2Fproduct_cat&post=2968"},{"taxonomy":"product_tag","embeddable":true,"href":"http:\/\/www.rougier-atelier.com\/index.php?rest_route=%2Fwp%2Fv2%2Fproduct_tag&post=2968"}],"curies":[{"name":"wp","href":"https:\/\/api.w.org\/{rel}","templated":true}]}}