{"id":2999,"date":"2022-10-12T19:02:54","date_gmt":"2022-10-12T18:02:54","guid":{"rendered":"http:\/\/www.rougier-atelier.com\/?post_type=product&#038;p=2999"},"modified":"2022-12-19T10:18:33","modified_gmt":"2022-12-19T09:18:33","slug":"ficelle-149-florence-saint-roch-perceverance-des-brumes","status":"publish","type":"product","link":"http:\/\/www.rougier-atelier.com\/?product=ficelle-149-florence-saint-roch-perceverance-des-brumes","title":{"rendered":"Ficelle 149 \u2014 Florence  Saint-Roch \u2014 PERC\u00c9V\u00c9RANCE DES BRUMES"},"content":{"rendered":"<p>Que sont ces dix po\u00e8mes ? \u2014 l\u2019attention \u00e0 \u2014 dis moi le chemin \u2014 c\u2019est o\u00f9 Valbelle \u2014 l\u2019autre bout du r\u00e9el \u2014 le chemin vers \u2014 l\u2019appr\u00e9hender \u2014 les dolomites me regardent \u2014 la lumi\u00e8re me grise \u2014 l\u2019incertitude de mes pas \u2014 ne traverse pas \u2014 j\u2019entre-p\u00e9n\u00e8tre \u2014 subis l\u2019amu\u00efe \u2014 opacit\u00e9 de l\u2019espace \u2014 l\u2019ubac et l\u2019adret sont la boucle de M\u00f6bius \u2014 retrouver la lenteur \u2014 le paysage dans le dessin \u2014 je marche sur \u2014 le papier me fuit \u2014 le crayon dress\u00e9 est l\u2019\u00e9quilibre dolomite \u2014 le trac\u00e9 du chemin \u2014 le jusant mouille mon papier \u2014 et \u2014. \u00e0 propos \u2014 c\u2019est quoi la transparence des propos \u2014 c\u2019est quoi le trac\u00e9 \u2014 la trace du chemin \u2014 la trace de l\u2019\u00e9criture ?<br \/>\nLa voici \u2014 Nd\u00e9<\/p>\n<p>Florence Saint-Roch est n\u00e9e \u00e0 Saint-Omer (62) o\u00f9 elle vit, lit, court, travaille, \u00e9crit.<\/p>\n<p>Derni\u00e8res publications :<br \/>\nPers\u00e9v\u00e9rance des brumes, Rougier V \u00e9d.,Ficelle 149,- 2022<br \/>\nRouge peau rouge, \u00e9d. Le Castor astral, 2021<br \/>\nCourir avec Lucy, \u00e9d. Invenit, 2021<br \/>\nTu dis d\u00e9livrer la lumi\u00e8re, avec S. Dewulf, \u00e9d. Pourquoi viens-tu si tard, 2021<br \/>\nEssayer le bleu, \u00e9d. du Frau, 2021<br \/>\nBouger les lignes, \u00e9d. L\u2019A\u00efl des ours, 2021<br \/>\nEmbarque, Les Venterniers, 2017, 2020<br \/>\nCe souffle entre le monde et nous, Brin &amp; E. \u00e9diteurs, 2019<br \/>\nAntoine Emaz de a \u00e0 z, Les Venterniers, 2019<br \/>\n\u00c9clipse, Rougier V \u00e9d., PU51, 2018<br \/>\nLa Nouvelle chute des graves, Ce qui reste, 2018<br \/>\nBouger les lignes, avec S. Durbec, Cahiers du Museur, 2018<br \/>\nParcelle 101, P. i. sage int\u00e9rieur, 2018<br \/>\n\u00c9clipses, Ed. Vincent Rougier, 2018<br \/>\nLa po\u00e9sie ne sert \u00e0 rien, La Main qui \u00e9crit, 2016<br \/>\nD\u2019en haut le jardin, avec L. Guilbaud, Cahiers du Museur, 2016<br \/>\nCe que nous attendons du po\u00e8te, La Main qui \u00e9crit, 2015<br \/>\nLe Sens du vent, Tarabuste, 2015<br \/>\nAu bout du fil, avec Maud Thiria, \u00e9d.Musimot 2022<\/p>\n<p>On trouvera aussi, sous le nom de Florence Emptaz :<br \/>\nAux pieds de Flaubert, essai, Grasset, 2001<br \/>\nLe Mangeur de chagrins, Le Riffle, 2006<br \/>\nF\u00eate des M\u00e8res, r\u00e9cit, Stock, 2009, J\u2019ai lu, 2011<br \/>\nDivorces, r\u00e9cit, Stock, 2011<br \/>\nRom\u00e9o et Juliette en cuisine, Les Venterniers, 2015<\/p>\n<p>Partages en po\u00e9sie :<br \/>\nMembre du comit\u00e9 de r\u00e9daction de Terre \u00e0 ciel. En charge des rubriques \u00ab Retour aux sources \u00bb,<br \/>\n\u00ab Cahiers d\u2019essai \u00bb, \u00ab Autour du feu \u00bb, ainsi que de l\u2019anthologie annuelle r\u00e9unie en septembre.<br \/>\nEn charge de la rubrique \u00ab Se mettre \u00e0 la page \u00bb pour la revue D\u00e9charge.<\/p>\n","protected":false},"excerpt":{"rendered":"<p>\u00ab\u00a0Dans le brouillard venu d\u2019un coup<br \/>\nLa montagne se d\u00e9prend<br \/>\nAmu\u00efe sa consonance de base<br \/>\nGomm\u00e9s ses lin\u00e9aments\u00a0\u00bb<br \/>\nNd\u00e9 :<br \/>\nQue sont ces dix po\u00e8mes ? \u2014 l\u2019attention \u00e0 \u2014 dis moi le chemin \u2014 c\u2019est o\u00f9 Valbelle \u2014 l\u2019autre bout du r\u00e9el \u2014 le chemin vers \u2014 &#8230;<\/p>\n","protected":false},"featured_media":3000,"template":"","meta":[],"product_brand":[],"product_cat":[16,15,459],"product_tag":[701,702,585,700,40],"class_list":{"0":"post-2999","1":"product","2":"type-product","3":"status-publish","4":"has-post-thumbnail","6":"product_cat-les-editions","7":"product_cat-revue-ficelleplisurgents","8":"product_cat-poesie-peinture","9":"product_tag-701","10":"product_tag-ficelle-149","11":"product_tag-florence-saint-roc","12":"product_tag-perseverance-de-la-brume","13":"product_tag-vincent-rougier","15":"first","16":"instock","17":"featured","18":"shipping-taxable","19":"purchasable","20":"product-type-simple"},"_links":{"self":[{"href":"http:\/\/www.rougier-atelier.com\/index.php?rest_route=\/wp\/v2\/product\/2999","targetHints":{"allow":["GET"]}}],"collection":[{"href":"http:\/\/www.rougier-atelier.com\/index.php?rest_route=\/wp\/v2\/product"}],"about":[{"href":"http:\/\/www.rougier-atelier.com\/index.php?rest_route=\/wp\/v2\/types\/product"}],"wp:featuredmedia":[{"embeddable":true,"href":"http:\/\/www.rougier-atelier.com\/index.php?rest_route=\/wp\/v2\/media\/3000"}],"wp:attachment":[{"href":"http:\/\/www.rougier-atelier.com\/index.php?rest_route=%2Fwp%2Fv2%2Fmedia&parent=2999"}],"wp:term":[{"taxonomy":"product_brand","embeddable":true,"href":"http:\/\/www.rougier-atelier.com\/index.php?rest_route=%2Fwp%2Fv2%2Fproduct_brand&post=2999"},{"taxonomy":"product_cat","embeddable":true,"href":"http:\/\/www.rougier-atelier.com\/index.php?rest_route=%2Fwp%2Fv2%2Fproduct_cat&post=2999"},{"taxonomy":"product_tag","embeddable":true,"href":"http:\/\/www.rougier-atelier.com\/index.php?rest_route=%2Fwp%2Fv2%2Fproduct_tag&post=2999"}],"curies":[{"name":"wp","href":"https:\/\/api.w.org\/{rel}","templated":true}]}}