{"id":3060,"date":"2023-02-11T17:04:01","date_gmt":"2023-02-11T16:04:01","guid":{"rendered":"http:\/\/www.rougier-atelier.com\/?post_type=product&#038;p=3060"},"modified":"2023-02-11T17:05:01","modified_gmt":"2023-02-11T16:05:01","slug":"pu-63-et-64-lusure-et-le-deuil-du-chagrin","status":"publish","type":"product","link":"http:\/\/www.rougier-atelier.com\/?product=pu-63-et-64-lusure-et-le-deuil-du-chagrin","title":{"rendered":"PU 63 et 64 &#8211; L&rsquo;USURE et LE DEUIL DU CHAGRIN"},"content":{"rendered":"<p>Livrets 1 et 2 r\u00e9unis<br \/>\nAnnie Dana<br \/>\nN\u00e9e \u00e0 Alger, Annie Dana vit d\u00e9sormais \u00e0 Paris. Elle commence des \u00e9tudes de philosophie \u00e0 la Sorbonne, puis devient com\u00e9dienne et enseigne l\u2019art dramatique.<br \/>\n\u00c9prise de lecture, sa passion des textes la conduit \u00e0 l\u2019\u00e9criture. Elle publie deux fictions romanesques, \u00ab \u00c9blouie \u00bb (1981) et \u00ab L\u2019oracle invers\u00e9 \u00bb (1983) aux \u00c9ditions Rupture et enregistre \u00e0 France Culture une pi\u00e8ce de th\u00e9\u00e2tre \u00ab Odyssea \u00bb (1984). Depuis une<br \/>\nvingtaine d\u2019ann\u00e9es, elle \u00e9crit des nouvelles pour des revues, anime des ateliers de th\u00e9\u00e2tre et d\u2019\u00e9criture, notamment en prison, et propose des lectures publiques, explorant les ressorts du souffle et de la voix. En 2015, gr\u00e2ce \u00e0 la rencontre d\u2019un \u00e9diteur qui lui fait confiance, elle s\u2019engage avec enthousiasme dans la pratique de la langue po\u00e9tique.<br \/>\nPr\u00e9face de Mathias Lair. Images de Vincent Rougier, \u00ab\u00a0Un tableau en cours\u00a0\u00bb.<br \/>\nDu m\u00eame auteur, m\u00eame \u00e9diteur<br \/>\n\u00ab P\u00e9pins de Cupidon \u00bb, 979-10-93019-23-9<br \/>\n\u00ab La signature du temps \u00bb. 979-10-93019-37-6<br \/>\n\u00ab Il y avait \u00bb. 979-10-93019-52-9<br \/>\n\u00ab L\u2019usure du chagrin \u00bb. 979-10-93019-76-5<br \/>\n\u00ab Le deuil du chagrin \u00bb. 979-10-93019-77-2<\/p>\n","protected":false},"excerpt":{"rendered":"<p>PO\u00c9SIES d&rsquo;ANNIE DANA &#8211; Livrets 1 et 2 r\u00e9unis.<br \/>\nLivre broch\u00e9 en jaquette, 300 ex. Num\u00e9rot\u00e9s<br \/>\n72 p., 10.5 x 15 cm, papier verg\u00e9 Collora-book.<br \/>\nISBN 979-10-93019-76-5<br \/>\nISBN 979-10-93019-77-2<br \/>\nGencod Dilicom 310 559 410 44 10<br \/>\nDisponible sur : Dilicom,<br \/>\nElectre, SFL et Rougier-atelier.<br \/>\nDeux ouvrages num\u00e9rot\u00e9s : 22\u20ac.<\/p>\n","protected":false},"featured_media":3061,"template":"","meta":[],"product_brand":[],"product_cat":[16,17,459],"product_tag":[542,689,705,415,707,708,40],"class_list":{"0":"post-3060","1":"product","2":"type-product","3":"status-publish","4":"has-post-thumbnail","6":"product_cat-les-editions","7":"product_cat-plis-urgents","8":"product_cat-poesie-peinture","9":"product_tag-1252-5405","10":"product_tag-689","11":"product_tag-705","12":"product_tag-annie-dana","13":"product_tag-chagrin","14":"product_tag-lusure-et-le-deuil-du-chagrin","15":"product_tag-vincent-rougier","17":"first","18":"instock","19":"featured","20":"shipping-taxable","21":"purchasable","22":"product-type-simple"},"_links":{"self":[{"href":"http:\/\/www.rougier-atelier.com\/index.php?rest_route=\/wp\/v2\/product\/3060","targetHints":{"allow":["GET"]}}],"collection":[{"href":"http:\/\/www.rougier-atelier.com\/index.php?rest_route=\/wp\/v2\/product"}],"about":[{"href":"http:\/\/www.rougier-atelier.com\/index.php?rest_route=\/wp\/v2\/types\/product"}],"wp:featuredmedia":[{"embeddable":true,"href":"http:\/\/www.rougier-atelier.com\/index.php?rest_route=\/wp\/v2\/media\/3061"}],"wp:attachment":[{"href":"http:\/\/www.rougier-atelier.com\/index.php?rest_route=%2Fwp%2Fv2%2Fmedia&parent=3060"}],"wp:term":[{"taxonomy":"product_brand","embeddable":true,"href":"http:\/\/www.rougier-atelier.com\/index.php?rest_route=%2Fwp%2Fv2%2Fproduct_brand&post=3060"},{"taxonomy":"product_cat","embeddable":true,"href":"http:\/\/www.rougier-atelier.com\/index.php?rest_route=%2Fwp%2Fv2%2Fproduct_cat&post=3060"},{"taxonomy":"product_tag","embeddable":true,"href":"http:\/\/www.rougier-atelier.com\/index.php?rest_route=%2Fwp%2Fv2%2Fproduct_tag&post=3060"}],"curies":[{"name":"wp","href":"https:\/\/api.w.org\/{rel}","templated":true}]}}