{"id":3078,"date":"2023-06-03T10:41:47","date_gmt":"2023-06-03T09:41:47","guid":{"rendered":"http:\/\/www.rougier-atelier.com\/?post_type=product&#038;p=3078"},"modified":"2023-06-29T18:45:44","modified_gmt":"2023-06-29T17:45:44","slug":"pu67-politique-du-monde-alexis-pelletier","status":"publish","type":"product","link":"http:\/\/www.rougier-atelier.com\/?product=pu67-politique-du-monde-alexis-pelletier","title":{"rendered":"PU67 &#8211; POLITIQUE DU MONDE &#8211; ALEXIS PELLETIER"},"content":{"rendered":"<p>Alexis Pelletier, \u00e9crivain habite et travaille \u00e0 Rouen, pratique la litt\u00e9rature, la musicologie et l\u2019enseignement.<br \/>\nEn po\u00e9sie et th\u00e9\u00e2tre, Mlash croise ses doubles Zipw\u00e9 et Pluk &#8211; trois personnages \u00e0 l\u2019encontre du propos po\u00e9tique ?<br \/>\nMais la po\u00e9sie, la forme et la libert\u00e9 choisie de sa contrainte ne m\u00e8nent-elle pas au non-po\u00e8me versifi\u00e9 ?<br \/>\nPour une fois, j\u2019ai le privil\u00e8ge d\u2019avoir le premier et le dernier mots. Je pr\u00e9sente Politique du monde dont mon p\u00e8re, Alexis<br \/>\nPelletier, m\u2019a dit qu\u2019il s\u2019agit d\u2019une partie d\u2019un livre en cours, r\u00e9pondant au titre provisoire \u2013 faut-il le croire ? \u2013 de J\u2019ai d\u00e9j\u00e0 lu<br \/>\n\u00e7a quelque part. La phrase, d\u2019ailleurs, tra\u00eene dans ses vers. Puis, avec Merles Matinaux, je donne, depuis ma maison de Stantre, trois travaux pratiques obsessionnels, comme un \u00e9cho du \u00ab bel aujourd\u2019hui \u00bb.<br \/>\nCes Merles, notablement et notoirement irresponsables, tiennent des principes de mon p\u00e8re mais n\u2019engagent en rien sa<br \/>\nresponsabilit\u00e9. On a pu les chanter dans les rues. L\u2019ensemble, \u00e9videmment, ne pouvait vivre qu\u2019avec des gravures aux couleurs de l\u2019anarchie et de la r\u00e9volution. Mai 2023, Mlash.<br \/>\nDu m\u00eame auteur, m\u00eame \u00e9diteur<br \/>\nchez Rougier V. \u00e9diteur :<br \/>\nEncore un petit Mlash, (Revue ficelle n\u00b093, 2009).<br \/>\nPSALMLASH (livre CD, 2012),<br \/>\nLes Moires \/SLAMLASH (2018),<br \/>\n\u00c9rotoMlash 1 et 2 (2021-2022) ;<br \/>\net r\u00e9cemment, chez d\u2019autres \u00e9diteurs :<br \/>\nLe pr\u00e9sent du pr\u00e9sent pr\u00e9c\u00e9d\u00e9 d\u2019Il faut que tu me suives<br \/>\n(Tarabuste, 2020),<br \/>\nTrois impressions (Imprimerie d\u2019Alsace-Loz\u00e8re, 2022),<br \/>\nd\u2019o\u00f9 \u00e7a vient (Tarabuste, 2023)<\/p>\n","protected":false},"excerpt":{"rendered":"<p>POLITIQUE DU MONDE SUIVI DE TROIS MERLES MATINAUX DE MLASH<br \/>\nGravures taille-douce de Vincent Rougier<br \/>\n67e de la collection<br \/>\nLivre broch\u00e9 en jaquette, 300 ex. Num\u00e9rot\u00e9s<br \/>\n48 p., 10.5 x 15 cm, papier verg\u00e9 Collora-book.<br \/>\nISBN 979-10-93019-85-7<\/p>\n","protected":false},"featured_media":3083,"template":"","meta":[],"product_brand":[],"product_cat":[20,16,17],"product_tag":[718,73,242,721,720,719,40],"class_list":{"0":"post-3078","1":"product","2":"type-product","3":"status-publish","4":"has-post-thumbnail","6":"product_cat-les-abonnements","7":"product_cat-les-editions","8":"product_cat-plis-urgents","9":"product_tag-718","10":"product_tag-alexis-pelletier","11":"product_tag-mlash","12":"product_tag-plis-urgent-67","13":"product_tag-politique-du-monde","14":"product_tag-pu67","15":"product_tag-vincent-rougier","17":"first","18":"instock","19":"featured","20":"shipping-taxable","21":"purchasable","22":"product-type-simple"},"_links":{"self":[{"href":"http:\/\/www.rougier-atelier.com\/index.php?rest_route=\/wp\/v2\/product\/3078","targetHints":{"allow":["GET"]}}],"collection":[{"href":"http:\/\/www.rougier-atelier.com\/index.php?rest_route=\/wp\/v2\/product"}],"about":[{"href":"http:\/\/www.rougier-atelier.com\/index.php?rest_route=\/wp\/v2\/types\/product"}],"wp:featuredmedia":[{"embeddable":true,"href":"http:\/\/www.rougier-atelier.com\/index.php?rest_route=\/wp\/v2\/media\/3083"}],"wp:attachment":[{"href":"http:\/\/www.rougier-atelier.com\/index.php?rest_route=%2Fwp%2Fv2%2Fmedia&parent=3078"}],"wp:term":[{"taxonomy":"product_brand","embeddable":true,"href":"http:\/\/www.rougier-atelier.com\/index.php?rest_route=%2Fwp%2Fv2%2Fproduct_brand&post=3078"},{"taxonomy":"product_cat","embeddable":true,"href":"http:\/\/www.rougier-atelier.com\/index.php?rest_route=%2Fwp%2Fv2%2Fproduct_cat&post=3078"},{"taxonomy":"product_tag","embeddable":true,"href":"http:\/\/www.rougier-atelier.com\/index.php?rest_route=%2Fwp%2Fv2%2Fproduct_tag&post=3078"}],"curies":[{"name":"wp","href":"https:\/\/api.w.org\/{rel}","templated":true}]}}