{"id":3126,"date":"2023-07-28T08:16:24","date_gmt":"2023-07-28T07:16:24","guid":{"rendered":"http:\/\/www.rougier-atelier.com\/?post_type=product&#038;p=3126"},"modified":"2023-07-28T08:29:03","modified_gmt":"2023-07-28T07:29:03","slug":"ficelle152-ptite-mouche-vers-le-gobi","status":"publish","type":"product","link":"http:\/\/www.rougier-atelier.com\/?product=ficelle152-ptite-mouche-vers-le-gobi","title":{"rendered":"ficelle n\u00b0152 &#8211; P&rsquo;tite mouche &#8211; Vers le Gobi.- Pascal Comm\u00e8re"},"content":{"rendered":"<p>Pascal Comm\u00e8r<strong>e<\/strong> (n\u00e9 le 17 d\u00e9cembre 1951 \u00e0 Semur-en-Auxois en Bourgogne) est un \u00e9crivain et po\u00e8te fran\u00e7ais. Il r\u00e9side en C\u00f4te d\u2019Or.<br \/>\nAu sein des revues dont il est membre (Le M\u00e2che-Laurier, puis Secousse), ainsi que dans ses propres livres, po\u00e8mes et proses, une grosse trentaine, publi\u00e9s principalement chez Obsidiane et au Temps qu\u2019il fait. Amoureux de peinture et de typographie, il r\u00e9alise un bon nombre de livres d\u2019artiste avec ses amis peintres. L\u2019un de ces ouvrages lui vaudra de recevoir le prix Guy Levis Mano, dont il est fier.<br \/>\nPo\u00e9sies prosodiques.<br \/>\nDeux th\u00e8mes tr\u00e8s diff\u00e9rent, l\u2019un, l\u2019auteur porte son regard sur nos \u00abP\u2019tites mouches\u00bb dansant sur sa table, l\u2019autre est un journal de voyage dans un espace d\u00e9sertique nomm\u00e9. \u00abGobi\u00bb.<br \/>\nUne \u00e9criture pr\u00e9cise, heureuse, un estival moment de d\u00e9tente \u2014 Nd\u00e9<br \/>\nExtrait de \u00abVers le Gobi\u00bb: Mardi 27. \u2013 Hongorlyn els. Campement parmi les dunes, au pied de la grande dune (quelque chose comme 100 km de long sur 12 de large). \u00c0 la rencontre des chameaux, leur barrissement quand on approche. Ce vilain caract\u00e8re. Et l\u2019odeur ! G. me propose de l\u2019accompagner, tr\u00e8s envie de toucher la grande dune, formes et ombres sublimes. Nous partons, marche assez difficile dans le sable, des traces partout, sabots, petites crottes s\u00e8ches. Arrivons \u00e0 une rivi\u00e8re qu\u2019il convient de passer, en remontant un peu sur la gauche, un grand saut, puis le sable, monticules \u00e0 nouveau. La distance, on n\u2019imagine pas bien. D\u2019o\u00f9 l\u2019impression de ne jamais approcher la dune, comme si \u00e0 chacun de nos pas elle reculait. Nous jetons de temps \u00e0 autre un regard en arri\u00e8re, de fa\u00e7on \u00e0 ne pas perdre de vue les yourtes du campement.<\/p>\n","protected":false},"excerpt":{"rendered":"<p>Livret broch\u00e9 couture plate, 300 ex. dont<br \/>\n6 ex. en coffret avec une gravure originale.<br \/>\nCouverture \u00e0 trois rabats, 48p,<br \/>\n10,5 x 15 cm.<br \/>\nTirage courant :13\u20ac<br \/>\nISSN 1252-5405<br \/>\nISBN 979-10-93019-86-4<br \/>\n<strong>Po\u00e9sies prosodiques<\/strong>.<br \/>\nDeux th\u00e8mes tr\u00e8s diff\u00e9rent, l\u2019un, l\u2019auteur porte son regard sur nos \u00abP\u2019tites mouches\u00bb dansant sur sa table, l\u2019autre est un journal de voyage dans un espace d\u00e9sertique nomm\u00e9. \u00abGobi\u00bb.<\/p>\n","protected":false},"featured_media":3127,"template":"","meta":[],"product_brand":[],"product_cat":[16,15],"product_tag":[542,729,730,733,731,61,732,40],"class_list":{"0":"post-3126","1":"product","2":"type-product","3":"status-publish","4":"has-post-thumbnail","6":"product_cat-les-editions","7":"product_cat-revue-ficelleplisurgents","8":"product_tag-1252-5405","9":"product_tag-729","10":"product_tag-commere","11":"product_tag-ficelle152","12":"product_tag-ptite-mouche","13":"product_tag-pascal-commere","14":"product_tag-vers-le-gobi","15":"product_tag-vincent-rougier","17":"first","18":"instock","19":"featured","20":"shipping-taxable","21":"purchasable","22":"product-type-simple"},"_links":{"self":[{"href":"http:\/\/www.rougier-atelier.com\/index.php?rest_route=\/wp\/v2\/product\/3126","targetHints":{"allow":["GET"]}}],"collection":[{"href":"http:\/\/www.rougier-atelier.com\/index.php?rest_route=\/wp\/v2\/product"}],"about":[{"href":"http:\/\/www.rougier-atelier.com\/index.php?rest_route=\/wp\/v2\/types\/product"}],"wp:featuredmedia":[{"embeddable":true,"href":"http:\/\/www.rougier-atelier.com\/index.php?rest_route=\/wp\/v2\/media\/3127"}],"wp:attachment":[{"href":"http:\/\/www.rougier-atelier.com\/index.php?rest_route=%2Fwp%2Fv2%2Fmedia&parent=3126"}],"wp:term":[{"taxonomy":"product_brand","embeddable":true,"href":"http:\/\/www.rougier-atelier.com\/index.php?rest_route=%2Fwp%2Fv2%2Fproduct_brand&post=3126"},{"taxonomy":"product_cat","embeddable":true,"href":"http:\/\/www.rougier-atelier.com\/index.php?rest_route=%2Fwp%2Fv2%2Fproduct_cat&post=3126"},{"taxonomy":"product_tag","embeddable":true,"href":"http:\/\/www.rougier-atelier.com\/index.php?rest_route=%2Fwp%2Fv2%2Fproduct_tag&post=3126"}],"curies":[{"name":"wp","href":"https:\/\/api.w.org\/{rel}","templated":true}]}}