{"id":3141,"date":"2023-09-10T09:12:28","date_gmt":"2023-09-10T08:12:28","guid":{"rendered":"http:\/\/www.rougier-atelier.com\/?post_type=product&#038;p=3141"},"modified":"2023-09-10T09:13:37","modified_gmt":"2023-09-10T08:13:37","slug":"pu68-abecedaire-amoureux-animalier-yves-barre","status":"publish","type":"product","link":"http:\/\/www.rougier-atelier.com\/?product=pu68-abecedaire-amoureux-animalier-yves-barre","title":{"rendered":"PU68 &#8211; AB\u00c9C\u00c9DAIRE AMOUREUX ANIMALIER &#8211; YVES BARR\u00c9"},"content":{"rendered":"<p>Yves Barr\u00e9, N\u00e9 en 1949, il vit dans la campagne sarthoise. \u00ab Po\u00e8te d\u00e9finitivement inclassable \u00bb, selon la d\u00e9finition du Prix Claude Ribouillault 2013, Yves Barr\u00e9 \u00e9crit, dessine, grave, peint, sculpte. Webmestre \u00e0 l\u2019occasion, entretient un blog de ses \u00ab bidouilles graphiques et po\u00e9tiques \u00bb (<a href=\"http:\/\/ahoui.eklablog.com\">ahoui.eklablog.com<\/a>). Enseignant, a r\u00e9alis\u00e9 avec des \u00e9l\u00e8ves de CP\/CE, le premier c\u00e9d\u00e9rom interactif de leurs dessins et \u00e9crits po\u00e9tiques (Tiens en voil\u00e0 justement un qui passe, 1998). Par la suite, a con\u00e7u avec Alain Boudet, le Promenoir vert, anthologie de po\u00e9sie contemporaine \u00e0 usage des \u00e9coles et coll\u00e8ges (CRDP Poitiers, 1999).<br \/>\nIllustre les recueils de ses amis aux \u00e9ditions l\u2019\u00e9pi de seigle, Corps Puce, Donner \u00e0 Voir, la Renarde rouge, Jacques Andr\u00e9, Gros Textes, D\u00e9charge, la Pointe Sar\u00e8ne, Rougier V., atelier de Groutel.<br \/>\n\u00abLes b\u00eates sont-elles des anges ?\u00bb<br \/>\nAnimalier d\u00e9finition : l\u2019artiste qui sculpte ou grave des animaux \u00e0 taille tr\u00e8s r\u00e9duite.<br \/>\nYves Barr\u00e9 le fait et l\u2019accompagne de propos, il se pose des questions, il interroge les dictionnaires, nous propose ses petites<br \/>\noeuvres pour nourrir notre grand app\u00e9tit d\u2019esprit et de culture. Ses linogravures, travail de patience et la qualit\u00e9 d\u2019impression \u00ab\u00a0imagent*\u00a0\u00bb admirablement la nature p\u00e9renne des esp\u00e8ces, certes complexes&#8230;Mais :<br \/>\nComment vivre et se perp\u00e9tuer ?<br \/>\nNd\u00e9 : Michelin lui accorderait trois fourchettes, je lui attribue, comme le titre le sugg\u00e8re le Triple A (ou AAA) : mieux que la notation financi\u00e8re de la France !<br \/>\n*Je r\u00e8ve de conjuguer ce nom commun&#8230;(Un sens plus ancien\u00a0du verbe, comme le sugg\u00e8re le Tr\u00e9sor de la Langue fran\u00e7aise\u00a0informatis\u00e9).<\/p>\n","protected":false},"excerpt":{"rendered":"<p>68e de la collection &#8211; Livre broch\u00e9 en jaquette, 300 ex.<br \/>\nnum\u00e9rot\u00e9s et 10 ex agr\u00e9ment\u00e9s d\u2019une gravure originale sign\u00e9e.<br \/>\n48 p., 10.5 x 15 cm, papier verg\u00e9 Collora-book.<br \/>\nISBN 979-10-93019-87-1<br \/>\nGencod Dilicom 310 559 410 44 10<br \/>\nDisponible sur : Dilicom,<br \/>\nElectre, SFL, laGL et Rougier-atelier.<br \/>\nTirage num\u00e9rot\u00e9 courant : 16\u20ac.<\/p>\n","protected":false},"featured_media":3142,"template":"","meta":[],"product_brand":[],"product_cat":[16,19,17],"product_tag":[735,736,150],"class_list":{"0":"post-3141","1":"product","2":"type-product","3":"status-publish","4":"has-post-thumbnail","6":"product_cat-les-editions","7":"product_cat-livres-dartiste","8":"product_cat-plis-urgents","9":"product_tag-735","10":"product_tag-pu68","11":"product_tag-barre","13":"first","14":"instock","15":"featured","16":"shipping-taxable","17":"purchasable","18":"product-type-simple"},"_links":{"self":[{"href":"http:\/\/www.rougier-atelier.com\/index.php?rest_route=\/wp\/v2\/product\/3141","targetHints":{"allow":["GET"]}}],"collection":[{"href":"http:\/\/www.rougier-atelier.com\/index.php?rest_route=\/wp\/v2\/product"}],"about":[{"href":"http:\/\/www.rougier-atelier.com\/index.php?rest_route=\/wp\/v2\/types\/product"}],"wp:featuredmedia":[{"embeddable":true,"href":"http:\/\/www.rougier-atelier.com\/index.php?rest_route=\/wp\/v2\/media\/3142"}],"wp:attachment":[{"href":"http:\/\/www.rougier-atelier.com\/index.php?rest_route=%2Fwp%2Fv2%2Fmedia&parent=3141"}],"wp:term":[{"taxonomy":"product_brand","embeddable":true,"href":"http:\/\/www.rougier-atelier.com\/index.php?rest_route=%2Fwp%2Fv2%2Fproduct_brand&post=3141"},{"taxonomy":"product_cat","embeddable":true,"href":"http:\/\/www.rougier-atelier.com\/index.php?rest_route=%2Fwp%2Fv2%2Fproduct_cat&post=3141"},{"taxonomy":"product_tag","embeddable":true,"href":"http:\/\/www.rougier-atelier.com\/index.php?rest_route=%2Fwp%2Fv2%2Fproduct_tag&post=3141"}],"curies":[{"name":"wp","href":"https:\/\/api.w.org\/{rel}","templated":true}]}}