{"id":3155,"date":"2023-10-31T16:26:16","date_gmt":"2023-10-31T15:26:16","guid":{"rendered":"http:\/\/www.rougier-atelier.com\/?post_type=product&#038;p=3155"},"modified":"2023-10-31T17:24:17","modified_gmt":"2023-10-31T16:24:17","slug":"sobrebriete-suivi-de-aria-pour-ariane-au-labyrinthe-ficelle-n154","status":"publish","type":"product","link":"http:\/\/www.rougier-atelier.com\/?product=sobrebriete-suivi-de-aria-pour-ariane-au-labyrinthe-ficelle-n154","title":{"rendered":"Sobr\u00e9bri\u00e9t\u00e9 suivi de Aria pour Ariane au labyrinthe &#8211; ficelle n\u00b0154"},"content":{"rendered":"<p><span class=\"Apple-converted-space\">\u00a0<\/span><b>Christian Cavaill\u00e9<\/b><\/p>\n<p>publie des essais de philosophie, des po\u00e8mes, des articles de revue, des histoires pour la jeunesse et des fables pour tout \u00e2ge, dont celle de ce livret, fable po\u00e9tique \u00e0 l\u2019ancienne inspir\u00e9e par <i>Les Animaux malades de la Peste <\/i>de La Fontaine.<\/p>\n<p>Illustrations Vincent Rougier<\/p>\n<p><b>Extrait de l\u2019avant-propos <\/b>: Le terme composite \u00ab sobr\u00e9bri\u00e9t\u00e9 \u00bb (un oxymore dans un mot-valise) me semble de saison quand se multiplient les appels \u00e0 la sobri\u00e9t\u00e9 pour tenter de contrecarrer la d\u00e9mesure autodestructrice et in\u00e9galitaire d\u2019un mode de vie qu\u2019il faudrait changer. Sont rassembl\u00e9s sous ce premier titre des textes tr\u00e8s diff\u00e9rents et tr\u00e8s in\u00e9galement \u00ab sobres \u00bb (ou \u00ab ivres \u00bb) : une fable \u00e0 l\u2019ancienne, des litanies assassines, des essais de po\u00e9sie et de po\u00e9tique, un essai para-philosophique et cet ensemble est suivi de\u00a0\u00ab Aria pour Ariane au labyrinthe \u00bb, un excursus po\u00e9tique inactuel. Je postule que ces diverses voies sont parall\u00e8les et que leur convergence est \u00ab probl\u00e9matique \u00bb.<\/p>\n<p>Du m\u00eame auteur chez le m\u00eame \u00e9diteur<br \/>\nNOUS ARRIVE &#8211; Revue ficelle n\u00b0132<br \/>\nSALVES DE SALUTS &#8211; (PU54) : 979-10-93019-56-7<br \/>\nCATASTR\u00d4VIRUS &#8211; Revue ficelle n\u00b0148 : 979-10-93019-56-7<br \/>\nSOBR\u00c9BRI\u00c9T\u00c9 &amp; ARIA POUR ARIANE &#8211; ficelle n\u00b0154 : 979-10-93019-88-8<\/p>\n<p>Une \u00e9criture r\u00e9fl\u00e9chie, philosophique et de d\u00e9tente \u2014 Nd\u00e9<\/p>\n<p>&nbsp;<\/p>\n","protected":false},"excerpt":{"rendered":"<p>Christian Cavaill\u00e9, images de Vincent Rougier.<br \/>\nLivret broch\u00e9 couture plate, 300 ex.<span class=\"Apple-converted-space\">\u00a0<\/span><br \/>\nCouverture \u00e0 trois rabats, 48p,<span class=\"Apple-converted-space\">\u00a0<\/span><br \/>\n10,5 x 15 cm.<br \/>\nTirage courant :13\u20ac<span class=\"Apple-converted-space\">\u00a0<\/span><br \/>\nISSN 1252-5405<br \/>\nISBN 979-10-93019-88-8<\/p>\n","protected":false},"featured_media":3156,"template":"","meta":[],"product_brand":[],"product_cat":[20,16,15],"product_tag":[737],"class_list":{"0":"post-3155","1":"product","2":"type-product","3":"status-publish","4":"has-post-thumbnail","6":"product_cat-les-abonnements","7":"product_cat-les-editions","8":"product_cat-revue-ficelleplisurgents","9":"product_tag-isbn-979-10-93019-88-8","11":"first","12":"instock","13":"featured","14":"shipping-taxable","15":"purchasable","16":"product-type-simple"},"_links":{"self":[{"href":"http:\/\/www.rougier-atelier.com\/index.php?rest_route=\/wp\/v2\/product\/3155","targetHints":{"allow":["GET"]}}],"collection":[{"href":"http:\/\/www.rougier-atelier.com\/index.php?rest_route=\/wp\/v2\/product"}],"about":[{"href":"http:\/\/www.rougier-atelier.com\/index.php?rest_route=\/wp\/v2\/types\/product"}],"wp:featuredmedia":[{"embeddable":true,"href":"http:\/\/www.rougier-atelier.com\/index.php?rest_route=\/wp\/v2\/media\/3156"}],"wp:attachment":[{"href":"http:\/\/www.rougier-atelier.com\/index.php?rest_route=%2Fwp%2Fv2%2Fmedia&parent=3155"}],"wp:term":[{"taxonomy":"product_brand","embeddable":true,"href":"http:\/\/www.rougier-atelier.com\/index.php?rest_route=%2Fwp%2Fv2%2Fproduct_brand&post=3155"},{"taxonomy":"product_cat","embeddable":true,"href":"http:\/\/www.rougier-atelier.com\/index.php?rest_route=%2Fwp%2Fv2%2Fproduct_cat&post=3155"},{"taxonomy":"product_tag","embeddable":true,"href":"http:\/\/www.rougier-atelier.com\/index.php?rest_route=%2Fwp%2Fv2%2Fproduct_tag&post=3155"}],"curies":[{"name":"wp","href":"https:\/\/api.w.org\/{rel}","templated":true}]}}