{"id":3164,"date":"2018-11-02T15:37:06","date_gmt":"2018-11-02T14:37:06","guid":{"rendered":"http:\/\/www.rougier-atelier.com\/?post_type=product&#038;p=3164"},"modified":"2023-11-02T16:19:06","modified_gmt":"2023-11-02T15:19:06","slug":"nous-arrive-microemes-christian-cavaille-ficelle-n132","status":"publish","type":"product","link":"http:\/\/www.rougier-atelier.com\/?product=nous-arrive-microemes-christian-cavaille-ficelle-n132","title":{"rendered":"nous arrive (Micro\u00e8mes) Christian Cavaill\u00e9 &#8211; ficelle n\u00b0132"},"content":{"rendered":"<p><span class=\"Apple-converted-space\">\u00a0<\/span><b>A<\/b>MUSEMEN<b>T L<\/b>I<b>TT<\/b>\u00c9R<b>A<\/b>IRE<b>.<\/b><\/p>\n<p>C<b>hristian <\/b>C<b>availl\u00e9<\/b>, dans ces micro\u00e8mes nous offre ses ballades quotidiennes, il me fait penser \u00e0 Robert Doisneau. Un passant <i>les sens et l\u2019esprit en alerte <\/i>qui conserve toujours une certaine distance vis-\u00e0-vis de l\u2019entour. Il guette l\u2019anecdote, la petite et logique histoire qui justifie la d\u00e9couverte de :<br \/>\n<i>p\u00e9piements matinaux<span class=\"Apple-converted-space\">\u00a0<\/span><\/i><br \/>\n<i>le jour et la nuit<span class=\"Apple-converted-space\">\u00a0<\/span><\/i><br \/>\n<i>court-circuicuit\u00e9s<\/i><\/p>\n<p>\u00c0 d\u00e9guster comme un grand plateau de mignardises.<\/p>\n<p>Bio\/biblio :<\/p>\n<p><b>Christian Cavaill\u00e9 <\/b>[1943 &#8211; \u2026.) de parents vignerons, \u00e9poux, p\u00e8re, grand-p\u00e8re ; longtemps professeur de philosophie ; publie des po\u00e8mes, des fables, des essais de philosophie, des articles de revue ; habite \u00e0 Paris mais s\u00e9journe fr\u00e9quemment dans le Tarn : des va et vient semblables \u00e0 ceux qu\u2019il pratique dans l\u2019\u00e9criture avec une pr\u00e9dilection pour la po\u00e9sie.<span class=\"Apple-converted-space\">\u00a0<\/span><\/p>\n<p>\u00c9lectre : ee.electre.com<br \/>\nGescom &#8211; Dilicom<br \/>\nGencod &#8211; 310249 096 13<br \/>\nwww.rougier-atelier.com<\/p>\n","protected":false},"excerpt":{"rendered":"<p><span class=\"Apple-converted-space\">\u00a0<\/span>Il guette l\u2019anecdote, la petite et logique histoire qui justifie la d\u00e9couverte de :<br \/>\n<i>p\u00e9piements matinaux<span class=\"Apple-converted-space\">\u00a0<\/span><\/i><br \/>\n<i>le jour et la nuit<span class=\"Apple-converted-space\">\u00a0<\/span><\/i><br \/>\n<i>court-circuicuit\u00e9s<\/i><\/p>\n<p>\u00c0 d\u00e9guster comme un grand plateau de mignardises.<\/p>\n<p>Livret broch\u00e9 couture plate, 300 ex.<br \/>\nPr\u00e9sent\u00e9 en enveloppe \u00abMail Art\u00bb<span class=\"Apple-converted-space\">\u00a0<\/span><br \/>\n40p., 10,5 x 15 cm.<br \/>\nTirage courant : 9\u20ac<span class=\"Apple-converted-space\">\u00a0<\/span><br \/>\nISSN 1252-5405<br \/>\nISBN 979-10-93019-43-7<\/p>\n<p>&nbsp;<\/p>\n<p>&nbsp;<\/p>\n","protected":false},"featured_media":3165,"template":"","meta":[],"product_brand":[],"product_cat":[16,15],"product_tag":[738,567,740,493,739,496],"class_list":{"0":"post-3164","1":"product","2":"type-product","3":"status-publish","4":"has-post-thumbnail","6":"product_cat-les-editions","7":"product_cat-revue-ficelleplisurgents","8":"product_tag-738","9":"product_tag-christian-cavaille","10":"product_tag-ficelle-132","11":"product_tag-microemes","12":"product_tag-nous-arrive","13":"product_tag-v-rougier","15":"first","16":"instock","17":"shipping-taxable","18":"purchasable","19":"product-type-simple"},"_links":{"self":[{"href":"http:\/\/www.rougier-atelier.com\/index.php?rest_route=\/wp\/v2\/product\/3164","targetHints":{"allow":["GET"]}}],"collection":[{"href":"http:\/\/www.rougier-atelier.com\/index.php?rest_route=\/wp\/v2\/product"}],"about":[{"href":"http:\/\/www.rougier-atelier.com\/index.php?rest_route=\/wp\/v2\/types\/product"}],"wp:featuredmedia":[{"embeddable":true,"href":"http:\/\/www.rougier-atelier.com\/index.php?rest_route=\/wp\/v2\/media\/3165"}],"wp:attachment":[{"href":"http:\/\/www.rougier-atelier.com\/index.php?rest_route=%2Fwp%2Fv2%2Fmedia&parent=3164"}],"wp:term":[{"taxonomy":"product_brand","embeddable":true,"href":"http:\/\/www.rougier-atelier.com\/index.php?rest_route=%2Fwp%2Fv2%2Fproduct_brand&post=3164"},{"taxonomy":"product_cat","embeddable":true,"href":"http:\/\/www.rougier-atelier.com\/index.php?rest_route=%2Fwp%2Fv2%2Fproduct_cat&post=3164"},{"taxonomy":"product_tag","embeddable":true,"href":"http:\/\/www.rougier-atelier.com\/index.php?rest_route=%2Fwp%2Fv2%2Fproduct_tag&post=3164"}],"curies":[{"name":"wp","href":"https:\/\/api.w.org\/{rel}","templated":true}]}}