{"id":3173,"date":"2023-12-07T12:31:17","date_gmt":"2023-12-07T11:31:17","guid":{"rendered":"http:\/\/www.rougier-atelier.com\/?post_type=product&#038;p=3173"},"modified":"2023-12-07T15:38:47","modified_gmt":"2023-12-07T14:38:47","slug":"pu69-la-porte-du-frigo-severine-e","status":"publish","type":"product","link":"http:\/\/www.rougier-atelier.com\/?product=pu69-la-porte-du-frigo-severine-e","title":{"rendered":"PU69 &#8211; LA PORTE DU FRIGO&#8230; S\u00e9verine \u00e9"},"content":{"rendered":"<p><span class=\"Apple-converted-space\">\u00a0<\/span>Avant propos<br \/>\nOuvrir la porte du frigo, y trouver les \u00e9v\u00e9nements du quotidien, les m\u00e9moires, les fantaisies imp\u00e9ratives, \u00ab\u00a0<i>agrafer la date et la guirlande de rituels<\/i>\u00a0\u00bb ; un journal po\u00e9tique o\u00f9 l&rsquo;hippopotame se range dans le tiroir de la salle de bain. L&rsquo;auteure d\u00e9voile \u00ab des carr\u00e9s de lumi\u00e8re \u00bb et d&rsquo;autres invit\u00e9s insolites, juste l\u00e0, \u00ab en penchant l\u00e9g\u00e8rement la t\u00eate \u00bb. Des morceaux fragiles qui palpitent l\u00e0 tout pr\u00e8s. On avance au rythme de ce qui ose. S&rsquo;ouvre alors un espace \u00e0 la fronti\u00e8re de la peau.<span class=\"Apple-converted-space\">\u00a0<\/span><br \/>\n\u00c9crit en vers libre, sans capitale, (leur pr\u00e9sence dans ma mise en page est une libert\u00e9 de ma part, elle est le poussoir, l&rsquo;ouverture de la porte du frigo), ces po\u00e8mes \u00e9clairent le dedans le contenant que j&rsquo;illustre de quelques gravures monotypes.<br \/>\nLe choix de S\u00e9verine est la mesure variable de vers, affranchis des contraintes, cette forme offre aux lecteurs l&rsquo;imaginaire, les m\u00e9taphores, de belles libert\u00e9s et appropriations.<br \/>\nPour ma part, enfant j&rsquo;ai dout\u00e9 longtemps de l&rsquo;existence de produits cach\u00e9s dans l&rsquo;obscurit\u00e9 du frigo, existent-ils en mon absence ?<br \/>\n\u00c0 vous chers lecteurs de d\u00e9couvrir ce que S\u00e9verine \u00e9 y a rang\u00e9.<br \/>\nNd\u00e9<\/p>\n<p>S\u00e9verine \u00e9<\/p>\n<p>Po\u00e8te et diseuse.<br \/>\nElle habite en Loire-atlantique. Et construit une po\u00e9sie contemporaine qui parle du corps, du tactile, de la langue qui nous traverse. \u00c9dit\u00e9e en 2010, 2019 et 2023 pour \u00ab\u00a07 femmes\u00a0\u00bb, \u00ab\u00a0Le taiseux\u00a0\u00bb et \u00ab\u00a0Habiter de travers\u00a0\u00bb, elle est aussi publi\u00e9e dans des revues de po\u00e9sie (D\u00e9charge, Les Archers, Lichen&#8230;).<br \/>\n<strong>S\u00e9verine \u00e9<\/strong> \u2014 cr\u00e9e la compagnie La Cabane avec Vanessa Morisson et St\u00e9phanie Robert en 2010. Elle \u00e9crit et met en voix des spectacles avec les musiciens et les danseuses de la compagnie. D\u2019une cr\u00e9ation \u00e0 l\u2019autre, les textes arrivent en voix \u00ab off \u00bb parmi le public, en d\u00e9ambulation avec un m\u00e9gaphone, ou chuchot\u00e9s \u00e0 l\u2019oreille. Danse, musique et po\u00e9sie pour des spectacles d\u00e9di\u00e9s aux salles ou des petites formes \u00ab\u00a0tout terrain\u00a0\u00bb.<br \/>\nAvec l&rsquo;\u00e9quipe, elle fabrique aussi les \u00ab\u00a0Tartines<span class=\"Apple-converted-space\">\u00a0<\/span>po\u00e9tiques\u00a0\u00bb. R\u00e9guli\u00e8rement, de nouvelles cr\u00e9ations voient le jour. Un livret-CD est sorti pour leur derni\u00e8re tartine \u00ab\u00a0Fermer les yeux\u00a0\u00bb avec le musicien Rapha\u00ebl Bouyer.<br \/>\nwww.compagnielacabane.fr<br \/>\nElle anime des ateliers d\u2019\u00e9criture et de mise en voix avec des publics vari\u00e9s : scolaires, adultes, personnes en situation de handicap&#8230;<br \/>\nElle aime se former aux techniques du th\u00e9\u00e2tre, du conte et du clown.<br \/>\nPour 2024, la cr\u00e9ation d\u2019un duo clown et po\u00e9sie avec Lucile Linard.<span class=\"Apple-converted-space\">\u00a0<\/span><\/p>\n","protected":false},"excerpt":{"rendered":"<p><span class=\"Apple-converted-space\">\u00a0<\/span>69e de la collection<span class=\"Apple-converted-space\">\u00a0<\/span>Livre broch\u00e9 en jaquette, 300 ex.<span class=\"Apple-converted-space\">\u00a0<\/span>num\u00e9rot\u00e9s et 12 ex agr\u00e9ment\u00e9s d\u2019un<span class=\"Apple-converted-space\">\u00a0<\/span>monotype original sign\u00e9.<span class=\"Apple-converted-space\">\u00a0<\/span>40 p., 10.5 x 15 cm, papier verg\u00e9 Collora-book.<span class=\"Apple-converted-space\">\u00a0<\/span>ISBN 979-10-93019-89-5<span class=\"Apple-converted-space\">\u00a0<\/span><br \/>\n<a href=\"http:\/\/http\/\/:www.compagnielacabane.fr\"><strong>S\u00e9verine \u00e9<\/strong><\/a><br \/>\nPo\u00e8te et diseuse<br \/>\nElle habite en Loire-Atlantique; elle construit une po\u00e9sie\u00a0contemporaine qui parle du corps, du tactile, de la langue qui\u00a0nous traverse.<br \/>\nPubli\u00e9e en 2010 pour \u00ab 7 femmes \u00bb aux \u00e9ditions Soc et Focet en 2019 pour \u00ab Le Taiseux \u00bb aux \u00e9ditions du Petit Rameur,\u00a0elle para\u00eet aussi dans des revues de po\u00e9sie (D\u00e9charge, Cabaret,Les Archers, Lichen).<br \/>\nPo\u00e8te et diseuse, elle \u00e9crit et met en voix des spectacles avec\u00a0les musiciens et les danseuses de la compagnie La Cabane.<br \/>\nwww.compagnielacabane.fr<\/p>\n","protected":false},"featured_media":3174,"template":"","meta":[],"product_brand":[],"product_cat":[16,17],"product_tag":[746,747,748,749,745,40],"class_list":{"0":"post-3173","1":"product","2":"type-product","3":"status-publish","4":"has-post-thumbnail","6":"product_cat-les-editions","7":"product_cat-plis-urgents","8":"product_tag-746","9":"product_tag-la-porte-du-frigo","10":"product_tag-plis-urgents-69","11":"product_tag-pu69","12":"product_tag-severine-e","13":"product_tag-vincent-rougier","15":"first","16":"instock","17":"featured","18":"shipping-taxable","19":"purchasable","20":"product-type-simple"},"_links":{"self":[{"href":"http:\/\/www.rougier-atelier.com\/index.php?rest_route=\/wp\/v2\/product\/3173","targetHints":{"allow":["GET"]}}],"collection":[{"href":"http:\/\/www.rougier-atelier.com\/index.php?rest_route=\/wp\/v2\/product"}],"about":[{"href":"http:\/\/www.rougier-atelier.com\/index.php?rest_route=\/wp\/v2\/types\/product"}],"wp:featuredmedia":[{"embeddable":true,"href":"http:\/\/www.rougier-atelier.com\/index.php?rest_route=\/wp\/v2\/media\/3174"}],"wp:attachment":[{"href":"http:\/\/www.rougier-atelier.com\/index.php?rest_route=%2Fwp%2Fv2%2Fmedia&parent=3173"}],"wp:term":[{"taxonomy":"product_brand","embeddable":true,"href":"http:\/\/www.rougier-atelier.com\/index.php?rest_route=%2Fwp%2Fv2%2Fproduct_brand&post=3173"},{"taxonomy":"product_cat","embeddable":true,"href":"http:\/\/www.rougier-atelier.com\/index.php?rest_route=%2Fwp%2Fv2%2Fproduct_cat&post=3173"},{"taxonomy":"product_tag","embeddable":true,"href":"http:\/\/www.rougier-atelier.com\/index.php?rest_route=%2Fwp%2Fv2%2Fproduct_tag&post=3173"}],"curies":[{"name":"wp","href":"https:\/\/api.w.org\/{rel}","templated":true}]}}