{"id":3220,"date":"2024-05-02T18:01:03","date_gmt":"2024-05-02T17:01:03","guid":{"rendered":"http:\/\/www.rougier-atelier.com\/?post_type=product&#038;p=3220"},"modified":"2024-05-02T18:03:55","modified_gmt":"2024-05-02T17:03:55","slug":"pu70-le-chapelier-des-reves-marc-kober","status":"publish","type":"product","link":"http:\/\/www.rougier-atelier.com\/?product=pu70-le-chapelier-des-reves-marc-kober","title":{"rendered":"PU70 &#8211; LE CHAPELIER DES R\u00caVES &#8211; Marc Kober"},"content":{"rendered":"<p>Marc Kober, \u00e9crivain et universitaire, pratique la natation en eau froide, la bicyclette et le cano\u00e9-kayak submersible. Travailleur \u00e0 Paris, fl\u00e2neur \u00e0 Dieppe, Nice, et r\u00eaveur dans ses nuits.\u00a0\u00bbdes r\u00eaves il ne reste que des perles dissoutes dans l\u2019eau\u00a0\u00bb\u00a0\u00bb<i>R\u00eav\u00e9 que j\u2019avais des yeux multicolores et palpitants en pierres de couleur bleue comme un papillon magnifique, une \u00e9toffe moir\u00e9e et mobile sur chaque globe oculaire<\/i>.\u00a0\u00bb \u00a0 \u00a0Nd\u00e9. Illustr\u00e9 d\u2019une photo de David Commenchal ; une gravure de V.Rougier en situation d\u2019atelier.Chic ; sous le chapeau \u00ab<i>ficelle\u00bb <\/i>un peu de r\u00eaves&#8230;<\/p>\n","protected":false},"excerpt":{"rendered":"<p><span class=\"Apple-converted-space\">\u00a0<\/span>\u00ab\u00a0des r\u00eaves il ne reste que des perles dissoutes dans l\u2019eau\u00a0\u00bb<\/p>\n<p>\u00ab\u00a0<i>R\u00eav\u00e9 que j\u2019avais des yeux multicolores et palpitants en pierres de couleur bleue comme un papillon magnifique, une \u00e9toffe moir\u00e9e et mobile sur chaque globe oculaire<\/i>.\u00a0\u00bb<\/p>\n<p>Nd\u00e9. Illustr\u00e9 d\u2019une photo de David Commenchal ; une gravure de V.Rougier en situation d\u2019atelier.<\/p>\n","protected":false},"featured_media":3221,"template":"","meta":[],"product_brand":[],"product_cat":[16,15,17],"product_tag":[758,759,757,535],"class_list":{"0":"post-3220","1":"product","2":"type-product","3":"status-publish","4":"has-post-thumbnail","6":"product_cat-les-editions","7":"product_cat-revue-ficelleplisurgents","8":"product_cat-plis-urgents","9":"product_tag-le-chapelier-des-reves","10":"product_tag-plis-urgents-70","11":"product_tag-pu70","12":"product_tag-rougier-vincent","14":"first","15":"instock","16":"featured","17":"shipping-taxable","18":"purchasable","19":"product-type-simple"},"_links":{"self":[{"href":"http:\/\/www.rougier-atelier.com\/index.php?rest_route=\/wp\/v2\/product\/3220","targetHints":{"allow":["GET"]}}],"collection":[{"href":"http:\/\/www.rougier-atelier.com\/index.php?rest_route=\/wp\/v2\/product"}],"about":[{"href":"http:\/\/www.rougier-atelier.com\/index.php?rest_route=\/wp\/v2\/types\/product"}],"wp:featuredmedia":[{"embeddable":true,"href":"http:\/\/www.rougier-atelier.com\/index.php?rest_route=\/wp\/v2\/media\/3221"}],"wp:attachment":[{"href":"http:\/\/www.rougier-atelier.com\/index.php?rest_route=%2Fwp%2Fv2%2Fmedia&parent=3220"}],"wp:term":[{"taxonomy":"product_brand","embeddable":true,"href":"http:\/\/www.rougier-atelier.com\/index.php?rest_route=%2Fwp%2Fv2%2Fproduct_brand&post=3220"},{"taxonomy":"product_cat","embeddable":true,"href":"http:\/\/www.rougier-atelier.com\/index.php?rest_route=%2Fwp%2Fv2%2Fproduct_cat&post=3220"},{"taxonomy":"product_tag","embeddable":true,"href":"http:\/\/www.rougier-atelier.com\/index.php?rest_route=%2Fwp%2Fv2%2Fproduct_tag&post=3220"}],"curies":[{"name":"wp","href":"https:\/\/api.w.org\/{rel}","templated":true}]}}