{"id":3363,"date":"2024-06-16T18:21:00","date_gmt":"2024-06-16T17:21:00","guid":{"rendered":"http:\/\/www.rougier-atelier.com\/?post_type=product&#038;p=3363"},"modified":"2024-06-16T18:21:00","modified_gmt":"2024-06-16T17:21:00","slug":"ficelle-n-153-tentative-deffacement-danielle-terrien","status":"publish","type":"product","link":"http:\/\/www.rougier-atelier.com\/?product=ficelle-n-153-tentative-deffacement-danielle-terrien","title":{"rendered":"Ficelle N\u00b0 153 &#8211; TENTATIVE D&rsquo;EFFACEMENT &#8211; Danielle Terrien"},"content":{"rendered":"<p>Ficelle &amp; PlisUrgents N\u00b0153.<br \/>\nChers abonn\u00e9s.<br \/>\nEn octobre 2023 \u00e9tait pr\u00e9vu le N\u00b0153 de \u00ab\u00a0ficelle\u00a0\u00bb avec Gilbert Lascault et Marie Morel, Gilbert d\u00e9c\u00e8de texte non communiqu\u00e9.<br \/>\nVoici ce num\u00e9ro tr\u00e8s po\u00e9tique de Danielle Terrien, cela avec six mois de retard. VR<br \/>\n\u00ab\u00a0Tentative d&rsquo;effacement\u00a0\u00bb:<br \/>\nC\u2019est un monde qui pourrait exister \u2014 Danielle Terrien nous livre l\u00e0 une triple suite de 9 po\u00e8mes simplement num\u00e9rot\u00e9s. Silence devant la \u00ab\u00a0tentative d\u2019effacement\u00a0\u00bb \u2014 Ces 27 courts po\u00e8mes r\u00e9unis en trois chapitres de neuf \u00ab\u00a0\u00e9motions nostalgies\u00a0\u00bb, sont tr\u00e8s \u00e9pur\u00e9es tels des \u00ab\u00a0aware\u00a0\u00bb japonais \u2014 un r\u00e9gal.<\/p>\n<p>Danielle Terrien vit \u00e0 Paris. Docteure-\u00e8s-lettres. Elle commence \u00e0 publier en 1993 dans La Sape ainsi que dans d\u2019autres revues aujourd\u2019hui disparues telles que Le Cri d\u2019os, Les Nouveaux cahiers de l\u2019Adour, le Matin D\u00e9boutonn\u00e9, Liqueur 44, Lieux d\u2019\u1ec6tre mais aussi dans D\u00e9charge, Arpa, Po\u00e9sie premi\u00e8re, Le journal des Po\u00e8tes, Voix d\u2019Encre. Elle a d\u2019ailleurs publi\u00e9 int\u00e9gralement quatre recueils au sein de ces diff\u00e9rentes revues (Trahison, Cinquante deux po\u00e8mes, Disparition, Une vie d\u2019insecte). D\u2019autres publications suivront : Po\u00e8mes \u00e0 l\u2019incertaine (Encres Vives, 1999), Les voies de l\u2019incertaine (La Bartavelle, 2001), L\u2019\u00e9clat du papillon (Pr\u00e9 Carr\u00e9, 2006), Traces vertes (Ficelle, 2010), GM suivi de Griffures Min\u00e9rales (Editions de l\u2019Atlantique, 2011). Yves Perrine des \u00e9ditions La porte publiera r\u00e9guli\u00e8rement ses recueils de 2007 jusqu\u2019\u00e0 l\u2019 arr\u00eat de ses activit\u00e9s \u00e9ditoriales en 2019. Les deux derniers s\u2019intitulant Parler avec l\u2019oiseau (2018) et Portrait de m\u00e9moire (2019). L\u2019\u00e2ge du regard (Les Lieux-Dits \u00e9ditions, Cahiers du Loup bleu) est publi\u00e9 au 1er trimestre 2024.<\/p>\n","protected":false},"excerpt":{"rendered":"<p>Avant propos d&rsquo;Alexie Pelletier &#8211; Illustrations de V. Rougier. &#8211; Revue tir\u00e9e \u00e0 300 ex.<span class=\"Apple-converted-space\">\u00a0\u00a0<\/span>Les Forettes &#8211; F.61380. Soligny-la-Trappe.\u00a02023 &#8211; \u00a9 Auteurs et \u00e9diteur &#8211; Diffusion\u00a0Gencod Dilicom : 3012490960013 &#8211; www.rougier-atelier.com<span class=\"Apple-converted-space\">\u00a0\u00a0<\/span>13\u20ac &#8211;\u00a0ISSN 1252 &#8211; 5405 &#8211;\u00a0ISBN 979-10-93019-92-5<\/p>\n<p><span class=\"Apple-converted-space\">\u00a0<\/span>C\u2019est un monde qui pourrait exister \u2014 Danielle Terrien nous livre l\u00e0 une triple suite de 9 po\u00e8mes simplement num\u00e9rot\u00e9s. Silence devant la \u00ab\u00a0tentative d\u2019effacement\u00a0\u00bb \u2014 Ces 27 courts po\u00e8mes r\u00e9unis en trois chapitres de neuf \u00ab\u00a0\u00e9motions\/nostalgies\u00a0\u00bb, sont tr\u00e8s \u00e9pur\u00e9es tels des \u00ab\u00a0<b><i>aware<\/i><\/b>\u00a0\u00bb japonais \u2014 un r\u00e9gal.<span class=\"Apple-converted-space\">\u00a0<\/span><\/p>\n","protected":false},"featured_media":3364,"template":"","meta":[],"product_brand":[],"product_cat":[16,15],"product_tag":[23,763,764,765,762,40],"class_list":{"0":"post-3363","1":"product","2":"type-product","3":"status-publish","4":"has-post-thumbnail","6":"product_cat-les-editions","7":"product_cat-revue-ficelleplisurgents","8":"product_tag-danielle-terrien","9":"product_tag-ficelle-153","10":"product_tag-pelletier","11":"product_tag-revue-ficelle","12":"product_tag-tentative-deffacement","13":"product_tag-vincent-rougier","15":"first","16":"instock","17":"featured","18":"shipping-taxable","19":"purchasable","20":"product-type-simple"},"_links":{"self":[{"href":"http:\/\/www.rougier-atelier.com\/index.php?rest_route=\/wp\/v2\/product\/3363","targetHints":{"allow":["GET"]}}],"collection":[{"href":"http:\/\/www.rougier-atelier.com\/index.php?rest_route=\/wp\/v2\/product"}],"about":[{"href":"http:\/\/www.rougier-atelier.com\/index.php?rest_route=\/wp\/v2\/types\/product"}],"wp:featuredmedia":[{"embeddable":true,"href":"http:\/\/www.rougier-atelier.com\/index.php?rest_route=\/wp\/v2\/media\/3364"}],"wp:attachment":[{"href":"http:\/\/www.rougier-atelier.com\/index.php?rest_route=%2Fwp%2Fv2%2Fmedia&parent=3363"}],"wp:term":[{"taxonomy":"product_brand","embeddable":true,"href":"http:\/\/www.rougier-atelier.com\/index.php?rest_route=%2Fwp%2Fv2%2Fproduct_brand&post=3363"},{"taxonomy":"product_cat","embeddable":true,"href":"http:\/\/www.rougier-atelier.com\/index.php?rest_route=%2Fwp%2Fv2%2Fproduct_cat&post=3363"},{"taxonomy":"product_tag","embeddable":true,"href":"http:\/\/www.rougier-atelier.com\/index.php?rest_route=%2Fwp%2Fv2%2Fproduct_tag&post=3363"}],"curies":[{"name":"wp","href":"https:\/\/api.w.org\/{rel}","templated":true}]}}