{"id":3382,"date":"2024-09-01T09:30:34","date_gmt":"2024-09-01T08:30:34","guid":{"rendered":"http:\/\/www.rougier-atelier.com\/?post_type=product&#038;p=3382"},"modified":"2024-09-05T13:19:29","modified_gmt":"2024-09-05T12:19:29","slug":"ficelle-156-quel-est-ce-bonheur-enfoui","status":"publish","type":"product","link":"http:\/\/www.rougier-atelier.com\/?product=ficelle-156-quel-est-ce-bonheur-enfoui","title":{"rendered":"ficelle 156 &#8211; QUEL EST CE BONHEUR ENFOUI"},"content":{"rendered":"<p><span class=\"Apple-converted-space\">\u00a0<\/span>Avant propos<\/p>\n<p>Arrang\u00e9\/d\u00e9rang\u00e9 par l\u2019\u00e9diteur\/illustrateur.<\/p>\n<p>\u00ab\u00a0Mathias Lair repart donc encore une fois \u00e0 la recherche de son ange\u00a0\u00bb\u2026<\/p>\n<p>Faire ces dessins, \u00e0 la recherche du pourquoi, de ces pRo\u00e8mes prosodiques m\u2019a sembl\u00e9 simple, et pourtant, tant de non -co\u00efncidences, d\u2019\u00e9videntes-absurdit\u00e9s sont venues spontan\u00e9ment; en laissant courir les crayons sur le papier \u00e7a baigne dans le liquide amniotique. Silence, je ne pense pas, je dessine, j\u2019en soigne la teneur et je joues de ce que d\u00e9signe le crayon, la graphie anonce l\u2019\u00e9coulement de ma relation avec ces \u00ab\u00a0pRo\u00e8mes\u00a0\u00bb. Son ange \u00e0 bien raison de ne pas se laisser attraper, si non, \u00ab\u00a0\u00e0 quoi bon l\u2019\u00e9criture\u00a0\u00bb!<\/p>\n<p>En jeux\/en joue :<\/p>\n<p>En prose po\u00e9sie<\/p>\n<p>En jeux typographiques<\/p>\n<p>En slam<\/p>\n","protected":false},"excerpt":{"rendered":"<p><strong><span class=\"Apple-converted-space\">MATHIAS LAIR<\/span><\/strong><\/p>\n<p>Livret broch\u00e9 couture plate, 300 ex.<span class=\"Apple-converted-space\">\u00a0<\/span>Couverture \u00e0 un rabat, 42 p,<span class=\"Apple-converted-space\">\u00a0<\/span>10,5 x 15 cm.Tirage courant :13\u20ac &#8211;\u00a0<span class=\"Apple-converted-space\">\u00a0<\/span>ISSN 1252-5405 &#8211;\u00a0ISBN 979-10-93019-93-2<\/p>\n","protected":false},"featured_media":3383,"template":"","meta":[],"product_brand":[],"product_cat":[16,15],"product_tag":[768,767,770,769,40],"class_list":{"0":"post-3382","1":"product","2":"type-product","3":"status-publish","4":"has-post-thumbnail","6":"product_cat-les-editions","7":"product_cat-revue-ficelleplisurgents","8":"product_tag-768","9":"product_tag-ficelle-156","10":"product_tag-poemes","11":"product_tag-prosodie","12":"product_tag-vincent-rougier","14":"first","15":"instock","16":"featured","17":"shipping-taxable","18":"purchasable","19":"product-type-simple"},"_links":{"self":[{"href":"http:\/\/www.rougier-atelier.com\/index.php?rest_route=\/wp\/v2\/product\/3382","targetHints":{"allow":["GET"]}}],"collection":[{"href":"http:\/\/www.rougier-atelier.com\/index.php?rest_route=\/wp\/v2\/product"}],"about":[{"href":"http:\/\/www.rougier-atelier.com\/index.php?rest_route=\/wp\/v2\/types\/product"}],"wp:featuredmedia":[{"embeddable":true,"href":"http:\/\/www.rougier-atelier.com\/index.php?rest_route=\/wp\/v2\/media\/3383"}],"wp:attachment":[{"href":"http:\/\/www.rougier-atelier.com\/index.php?rest_route=%2Fwp%2Fv2%2Fmedia&parent=3382"}],"wp:term":[{"taxonomy":"product_brand","embeddable":true,"href":"http:\/\/www.rougier-atelier.com\/index.php?rest_route=%2Fwp%2Fv2%2Fproduct_brand&post=3382"},{"taxonomy":"product_cat","embeddable":true,"href":"http:\/\/www.rougier-atelier.com\/index.php?rest_route=%2Fwp%2Fv2%2Fproduct_cat&post=3382"},{"taxonomy":"product_tag","embeddable":true,"href":"http:\/\/www.rougier-atelier.com\/index.php?rest_route=%2Fwp%2Fv2%2Fproduct_tag&post=3382"}],"curies":[{"name":"wp","href":"https:\/\/api.w.org\/{rel}","templated":true}]}}