{"id":3458,"date":"2025-01-20T16:48:36","date_gmt":"2025-01-20T15:48:36","guid":{"rendered":"http:\/\/www.rougier-atelier.com\/?post_type=product&#038;p=3458"},"modified":"2025-02-26T11:16:02","modified_gmt":"2025-02-26T10:16:02","slug":"mots-menus-alain-jadot-ficelleplisurgents-159","status":"publish","type":"product","link":"http:\/\/www.rougier-atelier.com\/?product=mots-menus-alain-jadot-ficelleplisurgents-159","title":{"rendered":"MOTS MENUS &#8211; Alain Jadot &#8211; Ficelle&#038;PlisUrgents 159"},"content":{"rendered":"<div>Alain Jadot, n\u00e9 \u00e0 Paris Aubervilliers en 1947, vit \u00e0 Berlin depuis 1967. Traducteur, auteur, performeur, il a traduit du fran\u00e7ais vers l\u2019allemand (Heidsieck, Noug\u00e9, Parant, Prigent, Verheggen) et de l\u2019allemand vers le fran\u00e7ais des textes de prose et de po\u00e9sie (Jandl, Pastior, H\u00e4fner, Priessnitz), d\u2019humour (Bernstein, Bornemann, Gayman, Gernhardt, Halbritter, Seyfried, Werner, W\u00f6ssner,\u2026), des chansons (Brel, Gainsbourg\u2026), des BD, des pi\u00e8ces de th\u00e9\u00e2tre. Il prend plaisir \u00e0 des traductions homophoniques d\u2019origine arabe, bulgare, anglaise, espagnole, flamande, grecque, hollandaise, hongroise, italienne, roumaine, su\u00e9doise\u2026 En tant qu\u2019auteur, il a publi\u00e9 une dizaine d\u2019ouvrages dont un libretto d\u2019op\u00e9ra. Il fabrique, pr\u00e9sente et expose des livres-objets (BIBLIOMANIA : exposition \u00a0itin\u00e9rante, pr\u00e9sentant 127 livres-objets dans 43 lieux de 5 pays).<\/div>\n<div><\/div>\n<div>Alain Jadot<\/div>\n<div>\u00ab Alain Jadot, interpro\u00e8te maudit ne fait pas sans blanc et rit sous cape quand il m\u00e9tamorphose quelque oeuvre d\u2019art en hard\u2019oeuvres typographiquement parlant. Tel le pieris brassicae il papillonne de prose en po\u00e9sie et propose ses ressentis plus ou moins pr\u00e9cis au fond et difforme dans une \u00e9criture litt\u00e9reuse voire litterroriste mais toujours ludique. Le ludion vaque en milieu urbain, d\u2019Aubervilliers \u00e0 Berlin o\u00f9 il atteint des sommets profonds et des gouffres c\u00e9lestes.<\/div>\n<div>Il est modeste et s\u2019en vante.\u00bb \u00a0 \u00a0 \u00a0 \u00a0 \u00a0 \u00a0 \u00a0 \u00a9 LA PROCURE Paris<\/div>\n<div><\/div>\n<div>Les menus du jour restent \u00ab\u00a0\u00e0 varier\u00a0\u00bb. Voici quelques suggestions de cuisine litt\u00e9raire tenant compte des ingr\u00e9dients et exp\u00e9dients propres aux corporations concern\u00e9es de lecteurs \u2013 \u00e9crivains &#8211; traducteurs &#8211; po\u00e8tes &#8211; gens de lettres &#8211; qui s\u2019accordent bien entendu en genre et en ombre aux sujets desquels ils proviennent et prolif\u00e8rent. Lire ne fait pas grossir ou rarement ou sans le savoir. Le savoir vient en lisant. Le savoir c\u2019est voir \u00e7a.<\/div>\n<div><\/div>\n<div>Chez le m\u00eame \u00e9diteur<\/div>\n<div><\/div>\n<div>PlisUrgents N\u00b031 \u2014 Die Grammatik der Steine &#8211; La Grammaire des Pierres, (bilingue).<\/div>\n<div>Po\u00e8me d&rsquo;Eberhard Haefner, illustrations de V. Rougier. ISBN 979-10-93019-01-7<\/div>\n<div><\/div>\n<div>ficelle n\u00b0141 \u2014 falamaleikum &#8211; abracadaVra (bilingue) \u2014Jado interpr\u00e8te Jandl.<\/div>\n<div>Po\u00e8mes, photo de Britta K.<\/div>\n<div>ISBN 979-10-93019-62-8<\/div>\n<div><\/div>\n<div>ficelle N\u00b0 141 &#8211; JADOT interpr\u00e8te JANDL<\/div>\n<div>abracadavra falamaleikum<\/div>\n<div>ISBN 979-10-93019-62-8<\/div>\n<div><\/div>\n<div>ficelle N\u00b0151 \u2014 JADOT JOUE<\/div>\n<div>(hard&rsquo;oeuvres). Ill.:V.Rougier<\/div>\n<div>ISBN 979-10-93019-84-0<\/div>\n<div><\/div>\n<div>Ficellle&amp;PlisUrgents N\u00b0159<\/div>\n<div>Mots-Menus &#8211; ISBN 979-10-93019-96-3<\/div>\n<div><\/div>\n<div>Vu sur le site \u00a0\u00ab\u00a0procure.com\u00a0\u00bb.<\/div>\n<div><\/div>\n<div>FOLIESOPHIE : ET AUTRES TEXTES<\/div>\n<div>Urs Jaeggi<\/div>\n<div>Er\u00e8s | mai 2019 &#8211; R\u00c9SUM\u00c9<\/div>\n<div>L&rsquo;ouvrage rassemble l&rsquo;oeuvre po\u00e9tique de U. Jaeggi, \u00e9crivain, peintre et sculpteur suisse. Elle est traduite pour la premi\u00e8re fois en fran\u00e7ais et illustr\u00e9e par des encres de l&rsquo;auteur. Il construit une critique sociale \u00e0 l&rsquo;aide d&rsquo;un travail sur la langue. \u00ab\u00a0Electre 2024\u00a0\u00bb<\/div>\n<div><\/div>\n<div>CE QUE DIT L&rsquo;\u00c9DITEUR<\/div>\n<div>Reinhard Priessnitz (1945-1985)<\/div>\n<div>Figure culte de la litt\u00e9rature de langue allemande du XXe si\u00e8cle. La traduction propos\u00e9e ici du seul livre de po\u00e9sie publi\u00e9 par Priessnitz est le premier ensemble \u00e0 para\u00eetre en langue fran\u00e7aise. Une oeuvre extr\u00eamement ramass\u00e9e, mais une oeuvre complexe et puissante.<\/div>\n<div>Un po\u00e8te mort jeune (quarante ans), une oeuvre mince (un peu plus de quarante po\u00e8mes). Mince mais, comme on dit, \u00ab fulgurante \u00bb : de quoi faire l\u00e9gende. En Autriche, cette l\u00e9gende est n\u00e9e bien avant le d\u00e9c\u00e8s du po\u00e8te. D\u00e8s les ann\u00e9es 1980, on parlait de lui comme d&rsquo;un \u00ab classique du moderne \u00bb.<\/div>\n<div><\/div>\n<div>\u00ab\u00a0sans aucune raison sans raison aux prisons<\/div>\n<div>sous brises \u00e9trang\u00e8res l&rsquo;ast\u00e9rie salue la mer<\/div>\n<div>il y a des vagues de larmes que je sais sal\u00e9es<\/div>\n<div>et un oc\u00e9an qui suce et suce soleil sur soleil<\/div>\n<div>et une obscurit\u00e9 que l&rsquo;ancre \u00e9claire quand tu la nommes<\/div>\n<div>et semble un vrac quand tu la jettes<\/div>\n<div>et fait encore chanter tes yeux\u00a0\u00bb<\/div>\n<div><\/div>\n<div>&#8212;&#8212;&#8212;&#8212;-<\/div>\n<div><\/div>\n<div>CE QUE DIT L&rsquo;\u00c9DITEUR<\/div>\n<div>Partition insolite d&rsquo;un Amphion du Verbe, Eberhard Haefner prospecte entre \u00ab\u00a0sens et essence\u00a0\u00bb, les Images du pr\u00e9sent se m\u00ealent aux r\u00e9miniscences. Son parolier fran\u00e7ais, Alain Jadot, interpr\u00e8te en \u00e9cho la partition allemande. Vincent Rougier signe en proue et marge l&rsquo;ambigu\u00eft\u00e9 fugace.<\/div>\n<div><\/div>\n<div>Chemin de mots qui cherche sa voix lors d&rsquo;un voyage avec des pierres.<\/div>\n<div><\/div>\n<div>&#8212;&#8212;&#8212;<\/div>\n<div><\/div>\n<div>Po\u00e8mepo\u00e8me \u00e9d. Nous<\/div>\n<div>Po\u00e8mes au conditionnel, les Po\u00e8mepo\u00e8mes fondent une m\u00e9tapo\u00e9sie radicale et d\u00e9risoire, conforme au programme du titre : po\u00e8mes sur le po\u00e8me, po\u00e8mes du po\u00e8me, le nec plus ultra d&rsquo;une po\u00e9sie dr\u00f4lement \u00abconceptuelle\u00bb. La po\u00e9sie d&rsquo;Oskar Pastior est d&rsquo;une radicalit\u00e9 intraitable et ses op\u00e9rations de langue d&rsquo;une subtilit\u00e9 vertigineuse. Tout son style est dans le raffinement \u00e0 la fois m\u00e9ticuleux et sauvage d&rsquo;une mise en jeu des langues qui nous assujettissent.<\/div>\n<div><\/div>\n<div>le po\u00e8me-dialecte se nourrit de racines de langue de rossignols et de cuisses de grenouilles mais il aime tellement les monts-usambara qu&rsquo;il en a honte d&rsquo;autre part on ne doit pas croiser un po\u00e8me-dialecte sans le saluer de ma part une fois un ventriloque l&rsquo;avait kidnapp\u00e9 et voulait le faire parler derri\u00e8re un mur blanc en galles du sud sans rien avoir en contrepartie mais maintenant on peut \u00e9crire ce qu&rsquo;on veut<\/div>\n<div><\/div>\n<div>R\u00c9SUM\u00c9<\/div>\n<div>Recueil de po\u00e8mes au conditionnel, qui sont des po\u00e8mes sur le po\u00e8me, sur la propre \u00e9criture de ce po\u00e8te germano-roumain, repr\u00e9sentant allemand de l&rsquo;Oulipo. \u00a9Electre 2024<\/div>\n<div><\/div>\n<div>&#8212;&#8212;&#8212;&#8212;<\/div>\n<div><\/div>\n<div>RETOUR \u00c0 L&rsquo;ENVOYEUR : ANTHOLOGIE &#8211; Ernst Jandl<\/div>\n<div>Grmx \u00e9d. | juin 2012<\/div>\n<div>21 po\u00e8mes anagrammes<\/div>\n<div>Apr\u00e8s l&rsquo;Est et l&rsquo;ouest<\/div>\n","protected":false},"excerpt":{"rendered":"<p>Livret broch\u00e9 couture plate, 300 ex.<span class=\"Apple-converted-space\">\u00a0\u00a0<\/span>Couverture \u00e0 un rabat couvrant,<span class=\"Apple-converted-space\">\u00a0\u00a0<\/span>40 p. &#8211; 10,5 x 15 cm.\u00a0Tirage courant 13\u20ac<span class=\"Apple-converted-space\">\u00a0\u00a0<\/span>ISBN 979-10-93019-95-6 &#8211;\u00a0Dessins de Vincent Rougier<\/p>\n<p><a href=\"https:\/\/www.lyrikline.org\/en\/translators\/details\/19\/alain-jadot\">Alain Jadot<\/a> &#8211;\u00a0Les menus du jour restent \u00ab\u00a0<i>\u00e0 varier<\/i>\u00ab\u00a0. Voici quelques suggestions de cuisine litt\u00e9raire tenant compte des ingr\u00e9dients et exp\u00e9dients propres aux corporations concern\u00e9es de lecteurs \u2013 \u00e9crivains &#8211; traducteurs &#8211; po\u00e8tes &#8211; gens de lettres &#8211; qui s\u2019accordent bien entendu en genre et en ombre aux sujets desquels ils proviennent et prolif\u00e8rent. Lire ne fait pas grossir ou rarement ou sans le savoir. Le savoir vient en lisant. Le savoir c\u2019est voir \u00e7a.<\/p>\n","protected":false},"featured_media":3461,"template":"","meta":[],"product_brand":[],"product_cat":[20,16,15],"product_tag":[783,166,784,40],"class_list":{"0":"post-3458","1":"product","2":"type-product","3":"status-publish","4":"has-post-thumbnail","6":"product_cat-les-abonnements","7":"product_cat-les-editions","8":"product_cat-revue-ficelleplisurgents","9":"product_tag-783","10":"product_tag-jadot","11":"product_tag-mots-menus","12":"product_tag-vincent-rougier","14":"first","15":"instock","16":"featured","17":"shipping-taxable","18":"purchasable","19":"product-type-simple"},"_links":{"self":[{"href":"http:\/\/www.rougier-atelier.com\/index.php?rest_route=\/wp\/v2\/product\/3458","targetHints":{"allow":["GET"]}}],"collection":[{"href":"http:\/\/www.rougier-atelier.com\/index.php?rest_route=\/wp\/v2\/product"}],"about":[{"href":"http:\/\/www.rougier-atelier.com\/index.php?rest_route=\/wp\/v2\/types\/product"}],"wp:featuredmedia":[{"embeddable":true,"href":"http:\/\/www.rougier-atelier.com\/index.php?rest_route=\/wp\/v2\/media\/3461"}],"wp:attachment":[{"href":"http:\/\/www.rougier-atelier.com\/index.php?rest_route=%2Fwp%2Fv2%2Fmedia&parent=3458"}],"wp:term":[{"taxonomy":"product_brand","embeddable":true,"href":"http:\/\/www.rougier-atelier.com\/index.php?rest_route=%2Fwp%2Fv2%2Fproduct_brand&post=3458"},{"taxonomy":"product_cat","embeddable":true,"href":"http:\/\/www.rougier-atelier.com\/index.php?rest_route=%2Fwp%2Fv2%2Fproduct_cat&post=3458"},{"taxonomy":"product_tag","embeddable":true,"href":"http:\/\/www.rougier-atelier.com\/index.php?rest_route=%2Fwp%2Fv2%2Fproduct_tag&post=3458"}],"curies":[{"name":"wp","href":"https:\/\/api.w.org\/{rel}","templated":true}]}}