{"id":3475,"date":"2025-06-11T17:49:52","date_gmt":"2025-06-11T16:49:52","guid":{"rendered":"http:\/\/www.rougier-atelier.com\/?post_type=product&#038;p=3475"},"modified":"2025-10-08T14:43:12","modified_gmt":"2025-10-08T13:43:12","slug":"recoudre-la-nuit-au-jour-ficelleplisurgents-n161-jacqueline-persini","status":"publish","type":"product","link":"http:\/\/www.rougier-atelier.com\/?product=recoudre-la-nuit-au-jour-ficelleplisurgents-n161-jacqueline-persini","title":{"rendered":"RECOUDRE LA NUIT AU JOUR &#8211; ficelle&#038;PlisUrgents n\u00b0161 Jacqueline Persini"},"content":{"rendered":"<p><span class=\"Apple-converted-space\">\u00a0<\/span>Fil \u00e0 recoudre&#8230; Un dialogue, la nuit, le jour.\u00a0Au fil de l\u2019exercice po\u00e9tique. l\u2019auteure propose une amoureuse ballade po\u00e9tique. L\u2019amour est o\u00f9 porte le regard, o\u00f9 m\u00e8nent les pens\u00e9es, dans les natures intimes, paysag\u00e8res, et natures de l\u2019instant fugace qu\u2019elle saisit en quelques vers.\u00a0Jacqueline Persini ondule d\u2019un quatrain ou tercet, d\u2019un ressenti, d\u2019une pens\u00e9e m\u00e9morielle et s\u2019affirme dans ce court recueil.<\/p>\n<p><span class=\"Apple-converted-space\">\u00a0<\/span><b>Jacqueline Persini<\/b><\/p>\n<p>Dans ses livres autobiographiques (L\u2019Harmattan, Aspect) alternent po\u00e8mes et proses po\u00e9tiques. Des recueils de po\u00e9sie ouvrent un espace imaginaire o\u00f9 cohabitent le ludique et le grave. Avec la po\u00e9sie jeunesse (Le D\u00e9 Bleu &#8211; SOC &amp; FOC &#8211; Donner \u00e0 voir -Voix Tiss\u00e9es &#8211; L\u2019atelier des Noyers), elle se laisse prendre plus encore dans des tourbillons de sons et de sens o\u00f9 l\u2019enfance ne se retrouve pas mais se r\u00e9invente dans ses drames et ses \u00e9merveillements.<\/p>\n<p>\u00ab Les mots courent vers le secr\u00e8t \u00bb<\/p>\n<p>\u00ab \u00c9crire, c\u2019est s\u2019approcher de ce que Breton appelle \u00ab l\u2019infracassable noyau de nuit \u00bb mais aussi jouer avec les vacillements de sons et de sens, inventer quelque luciole.\u00bb<\/p>\n","protected":false},"excerpt":{"rendered":"<p>Livret broch\u00e9 couture plate, 300 ex.<span class=\"Apple-converted-space\">\u00a0<\/span>Couverture \u00e0 un rabat couvrant,<span class=\"Apple-converted-space\">\u00a0<\/span>44 p. &#8211; 10,5 x 15 cm.\u00a0Tirage courant :13\u20ac<span class=\"Apple-converted-space\">\u00a0<\/span>ISSN 1252-5405 &#8211;\u00a0ISBN 979-10-93019-98-7 &#8211; Ill. Vincent Rougier.<\/p>\n","protected":false},"featured_media":3481,"template":"","meta":[],"product_brand":[],"product_cat":[777],"product_tag":[788,789,647,790,40],"class_list":{"0":"post-3475","1":"product","2":"type-product","3":"status-publish","4":"has-post-thumbnail","6":"product_cat-ficelleplisurgents","7":"product_tag-ficelleplisurgents","8":"product_tag-ficelle161","9":"product_tag-jacqueline-persini","10":"product_tag-recoudre-la-nuit-au-jour","11":"product_tag-vincent-rougier","13":"first","14":"instock","15":"shipping-taxable","16":"purchasable","17":"product-type-simple"},"_links":{"self":[{"href":"http:\/\/www.rougier-atelier.com\/index.php?rest_route=\/wp\/v2\/product\/3475","targetHints":{"allow":["GET"]}}],"collection":[{"href":"http:\/\/www.rougier-atelier.com\/index.php?rest_route=\/wp\/v2\/product"}],"about":[{"href":"http:\/\/www.rougier-atelier.com\/index.php?rest_route=\/wp\/v2\/types\/product"}],"wp:featuredmedia":[{"embeddable":true,"href":"http:\/\/www.rougier-atelier.com\/index.php?rest_route=\/wp\/v2\/media\/3481"}],"wp:attachment":[{"href":"http:\/\/www.rougier-atelier.com\/index.php?rest_route=%2Fwp%2Fv2%2Fmedia&parent=3475"}],"wp:term":[{"taxonomy":"product_brand","embeddable":true,"href":"http:\/\/www.rougier-atelier.com\/index.php?rest_route=%2Fwp%2Fv2%2Fproduct_brand&post=3475"},{"taxonomy":"product_cat","embeddable":true,"href":"http:\/\/www.rougier-atelier.com\/index.php?rest_route=%2Fwp%2Fv2%2Fproduct_cat&post=3475"},{"taxonomy":"product_tag","embeddable":true,"href":"http:\/\/www.rougier-atelier.com\/index.php?rest_route=%2Fwp%2Fv2%2Fproduct_tag&post=3475"}],"curies":[{"name":"wp","href":"https:\/\/api.w.org\/{rel}","templated":true}]}}