{"id":365,"date":"2014-03-06T15:36:46","date_gmt":"2014-03-06T14:36:46","guid":{"rendered":"http:\/\/www.rougier-atelier.com\/?post_type=product&#038;p=365"},"modified":"2014-05-05T22:55:30","modified_gmt":"2014-05-05T21:55:30","slug":"coffret-suite-diderot-2","status":"publish","type":"product","link":"http:\/\/www.rougier-atelier.com\/?product=coffret-suite-diderot-2","title":{"rendered":"Coffret Suite Diderot"},"content":{"rendered":"<p>Christian Prigent (n\u00e9 en 1945) vit en Bretagne. Depuis 1969, il a publi\u00e9 une quarantaine d\u2019ouvrages (po\u00e9sie, fiction, enregistrement sur CD, essais sur la litt\u00e9rature et la peinture\u2026) essentiellement chez POL.<br \/>\nDetlef Baltrock (n\u00e9 en 1954) vit \u00e0 Berlin. Ecole des Beaux Arts, apr\u00e8s quelques ann\u00e9es d\u2019enseignement il choisit de mener une carri\u00e8re d\u2019artiste plasticien ind\u00e9pendant, peinture, dessin, photographie. Publie aux Editions Beltz \u00ab Psychologie heute \u00bb.<br \/>\nla Suite Diderot a \u00e9t\u00e9 compos\u00e9e \u00e0 Saint-Brieuc pendant l\u2019\u00e9t\u00e9 2010 en lisant les \u00ab Lettres \u00e0 Sophie Volland \u00bb<br \/>\nUn mise \u00e0 jour bien \u00ab sign\u00e9e \u00bb de la correspondance de D. Diderot avec Sophie Volland. Les lavis sur calque du peintre sont grandioses et fleurent bon l\u2019 \u00bb\u00e9rectif \u00bb, le charnel.<br \/>\n48p. Demi couch\u00e9 et les lavis imprim\u00e9s sur calque \u2013 enveloppe Mail-Art, timbr\u00e9e d\u2019artiste.<br \/>\nGenre : Po\u00e9sie\/livre d\u2019artiste, pr\u00e9sent\u00e9e en enveloppe timbr\u00e9e d\u2019artiste, pr\u00eat \u00e0 poster. 500 ex. Dont 20 (bibliophilie) \u00ab Livres rares \u00bb en coffret sign\u00e9s agr\u00e9ment\u00e9s d\u2019un lavis original. 180\u20ac. \u2013 150*210*16mm. Collection \u00ab ficelle \u00bb \u2013 format 10 x 15 cm \u2013 40 pages \u2013 reli\u00e9 sous enveloppe, timbr\u00e9e d\u2019artiste \u2013<br \/>\nMise en vente : Juillet 2011<\/p>\n","protected":false},"excerpt":{"rendered":"<p>Aut : Christian Prigent &#8211; ill.: Detlef Baltrock &#8211; ISBN 9782-913040-79-3<br \/>\nDessin original de Deltlef Baltrock<br \/>\nFormat 15\/20cm<br \/>\n20 exemplaires sign\u00e9s<br \/>\nPo\u00e9sie \u00e9rotique, impertinante<br \/>\n\/\/&#8230; O\u00f9 il n\u2019y a rien lisez que je vous aime (la vie\u00a0Je presse son \u00e2me entre la v\u00f4tre et la Mienne) car rien du corps ne se forme si Non en ces discours fort interrompus Ah\u00a0\/\/&#8230;<\/p>\n","protected":false},"featured_media":368,"template":"","meta":[],"product_brand":[],"product_cat":[19],"product_tag":[38,131,128,130,87],"class_list":{"0":"post-365","1":"product","2":"type-product","3":"status-publish","4":"has-post-thumbnail","6":"product_cat-livres-dartiste","7":"product_tag-christian-prigent","8":"product_tag-coffret","9":"product_tag-baltrock","10":"product_tag-suite-diderot","11":"product_tag-rougier","13":"first","14":"instock","15":"shipping-taxable","16":"purchasable","17":"product-type-simple"},"_links":{"self":[{"href":"http:\/\/www.rougier-atelier.com\/index.php?rest_route=\/wp\/v2\/product\/365","targetHints":{"allow":["GET"]}}],"collection":[{"href":"http:\/\/www.rougier-atelier.com\/index.php?rest_route=\/wp\/v2\/product"}],"about":[{"href":"http:\/\/www.rougier-atelier.com\/index.php?rest_route=\/wp\/v2\/types\/product"}],"wp:featuredmedia":[{"embeddable":true,"href":"http:\/\/www.rougier-atelier.com\/index.php?rest_route=\/wp\/v2\/media\/368"}],"wp:attachment":[{"href":"http:\/\/www.rougier-atelier.com\/index.php?rest_route=%2Fwp%2Fv2%2Fmedia&parent=365"}],"wp:term":[{"taxonomy":"product_brand","embeddable":true,"href":"http:\/\/www.rougier-atelier.com\/index.php?rest_route=%2Fwp%2Fv2%2Fproduct_brand&post=365"},{"taxonomy":"product_cat","embeddable":true,"href":"http:\/\/www.rougier-atelier.com\/index.php?rest_route=%2Fwp%2Fv2%2Fproduct_cat&post=365"},{"taxonomy":"product_tag","embeddable":true,"href":"http:\/\/www.rougier-atelier.com\/index.php?rest_route=%2Fwp%2Fv2%2Fproduct_tag&post=365"}],"curies":[{"name":"wp","href":"https:\/\/api.w.org\/{rel}","templated":true}]}}