{"id":374,"date":"2014-03-06T15:57:07","date_gmt":"2014-03-06T14:57:07","guid":{"rendered":"http:\/\/www.rougier-atelier.com\/?post_type=product&#038;p=374"},"modified":"2014-05-05T22:39:19","modified_gmt":"2014-05-05T21:39:19","slug":"coffret-chaque-matin","status":"publish","type":"product","link":"http:\/\/www.rougier-atelier.com\/?product=coffret-chaque-matin","title":{"rendered":"Coffret Chaque matin"},"content":{"rendered":"<p>Relire les po\u00e8mes de Brautigan.<br \/>\nRelire les chants inutiles des oiseaux.<br \/>\nRelire la cendre. Relire nos r\u00eaves dans nos restes.<br \/>\nCent fois sur le m\u00e9tier remettre ses naufrages.<br \/>\nTirage de t\u00eate en coffret \u00ab beaux livres \u00bb 14 ex. Gravure originale \u2013 60\u20ac<br \/>\n9\u20ac \u2013 Mis en vente : Janvier 2012<br \/>\nThomas Vinau<br \/>\nest n\u00e9 en 1978 \u00e0 Toulouse et vit au pied du Luberon. \u00ab Nos cheveux blanchiront avec nos yeux \u00bb est son premier roman. Il est s\u00e9lectionn\u00e9 pour le Prix M\u00e9diterran\u00e9e des Lyc\u00e9ens 2012. Ed. Alma, lire aussi dans ficelle n\u00b076 : Voyages immobiles.<br \/>\nsite internet : http:\/\/etc-iste.blogspot.com<\/p>\n","protected":false},"excerpt":{"rendered":"<p>Aut.: Thomas Vinau, ill.: Dominique Mac Avoy \u2013 44 pages \u2013 ISBN 9782-913040-83-7<br \/>\nDessin original de D. Mac Avoy<br \/>\nFormat 165\/115mm<br \/>\nExemplaires : 14<br \/>\nPo\u00e9sie du regard<br \/>\n\u2026\/\/<br \/>\nLa nuit a mouill\u00e9 l&rsquo;herbe.<br \/>\nLa route est droit devant.<br \/>\nIl faut marcher<br \/>\nd&rsquo;un pas d&rsquo;aube.<br \/>\nChaque matin. Devenir. Du bon c\u00f4t\u00e9 de la tartine.\/\/\u2026<\/p>\n","protected":false},"featured_media":379,"template":"","meta":[],"product_brand":[],"product_cat":[19],"product_tag":[132,131,43,133,87],"class_list":{"0":"post-374","1":"product","2":"type-product","3":"status-publish","4":"has-post-thumbnail","6":"product_cat-livres-dartiste","7":"product_tag-chaque-matin","8":"product_tag-coffret","9":"product_tag-dominique-mac-avoy","10":"product_tag-vinau","11":"product_tag-rougier","13":"first","14":"instock","15":"shipping-taxable","16":"purchasable","17":"product-type-simple"},"_links":{"self":[{"href":"http:\/\/www.rougier-atelier.com\/index.php?rest_route=\/wp\/v2\/product\/374","targetHints":{"allow":["GET"]}}],"collection":[{"href":"http:\/\/www.rougier-atelier.com\/index.php?rest_route=\/wp\/v2\/product"}],"about":[{"href":"http:\/\/www.rougier-atelier.com\/index.php?rest_route=\/wp\/v2\/types\/product"}],"wp:featuredmedia":[{"embeddable":true,"href":"http:\/\/www.rougier-atelier.com\/index.php?rest_route=\/wp\/v2\/media\/379"}],"wp:attachment":[{"href":"http:\/\/www.rougier-atelier.com\/index.php?rest_route=%2Fwp%2Fv2%2Fmedia&parent=374"}],"wp:term":[{"taxonomy":"product_brand","embeddable":true,"href":"http:\/\/www.rougier-atelier.com\/index.php?rest_route=%2Fwp%2Fv2%2Fproduct_brand&post=374"},{"taxonomy":"product_cat","embeddable":true,"href":"http:\/\/www.rougier-atelier.com\/index.php?rest_route=%2Fwp%2Fv2%2Fproduct_cat&post=374"},{"taxonomy":"product_tag","embeddable":true,"href":"http:\/\/www.rougier-atelier.com\/index.php?rest_route=%2Fwp%2Fv2%2Fproduct_tag&post=374"}],"curies":[{"name":"wp","href":"https:\/\/api.w.org\/{rel}","templated":true}]}}