{"id":414,"date":"2014-03-06T17:10:34","date_gmt":"2014-03-06T16:10:34","guid":{"rendered":"http:\/\/www.rougier-atelier.com\/?post_type=product&#038;p=414"},"modified":"2014-03-06T17:31:32","modified_gmt":"2014-03-06T16:31:32","slug":"coffret-poesie-damour","status":"publish","type":"product","link":"http:\/\/www.rougier-atelier.com\/?product=coffret-poesie-damour","title":{"rendered":"Coffret Po\u00e9sie d&rsquo;amour"},"content":{"rendered":"<p>Isabelle Lelouch<br \/>\nA \u00e9crit plusieurs recueils de po\u00e9sie,<br \/>\nrecueil de nouvelles, th\u00e9\u00e2tre elle \u00e9crit en ce moment une autre pi\u00e8ce de th\u00e9\u00e2tre.<br \/>\nElle travaille par ailleurs en tant qu\u2019Art-th\u00e9rapeute dipl\u00f4m\u00e9e d\u2019un Master de Paris V.<br \/>\nEmmanuelle Ly<br \/>\nA illustr\u00e9 deux recueils aux \u00e9ditions La Mezzanine dans l\u2019Ether : La Cl\u00e9 de Marc Kober (2009) ; Otage de Pharaon d\u2019Horus Schenouda (2009). Et a contribu\u00e9 photographiquement et anonymement \u00e0 une Ficelle !<br \/>\nS\u2019occupe des sites du po\u00e8te Elie-Charles Flamand (http:\/\/eliecharles.flamand.free.fr) et du peintre Ob\u00e9line Flamand (http:\/\/obeline.flamand.free.fr).<br \/>\n7 \u00e0 77 ans<br \/>\nGenre : Po\u00e9sie\/livre d\u2019artiste, broch\u00e9, pr\u00e9sent\u00e9e en enveloppe timbr\u00e9e d\u2019artiste, pr\u00eat \u00e0 poster. 300 ex. \u2013 Mis en vente Janvier 2014<br \/>\nTirage de T\u00eate en coffret : Tirage de 15 ex., 1 gravure originale, 1 froiss\u00e9, le sous-verre et le coffret : 60\u20ac<\/p>\n","protected":false},"excerpt":{"rendered":"<p>Aut.: Isabelle Lelouch, ill. Emmanuelle Ly \u2013 ISBN 97910933019000 \u2013 ISSN 1252-5405 &#8211;<br \/>\n48 p. Couleurs. Broch\u00e9 jaquette, enveloppe.<br \/>\nPo\u00e9sie d&#039;amour, po\u00e9sie du quotidien.<br \/>\nUne po\u00e9sie \u00e0 fleur de peau, \u00e0 fleur des mots,<br \/>\nun hymne sentimental puis sa \u00ab Longue liste \u00bb<br \/>\nbien encr\u00e9e dans le pr\u00e9sent .<\/p>\n","protected":false},"featured_media":418,"template":"","meta":[],"product_brand":[],"product_cat":[19],"product_tag":[131,153,152,151,87],"class_list":{"0":"post-414","1":"product","2":"type-product","3":"status-publish","4":"has-post-thumbnail","6":"product_cat-livres-dartiste","7":"product_tag-coffret","8":"product_tag-ly","9":"product_tag-lelouch","10":"product_tag-poesie-damour","11":"product_tag-rougier","13":"first","14":"instock","15":"shipping-taxable","16":"purchasable","17":"product-type-simple"},"_links":{"self":[{"href":"http:\/\/www.rougier-atelier.com\/index.php?rest_route=\/wp\/v2\/product\/414","targetHints":{"allow":["GET"]}}],"collection":[{"href":"http:\/\/www.rougier-atelier.com\/index.php?rest_route=\/wp\/v2\/product"}],"about":[{"href":"http:\/\/www.rougier-atelier.com\/index.php?rest_route=\/wp\/v2\/types\/product"}],"wp:featuredmedia":[{"embeddable":true,"href":"http:\/\/www.rougier-atelier.com\/index.php?rest_route=\/wp\/v2\/media\/418"}],"wp:attachment":[{"href":"http:\/\/www.rougier-atelier.com\/index.php?rest_route=%2Fwp%2Fv2%2Fmedia&parent=414"}],"wp:term":[{"taxonomy":"product_brand","embeddable":true,"href":"http:\/\/www.rougier-atelier.com\/index.php?rest_route=%2Fwp%2Fv2%2Fproduct_brand&post=414"},{"taxonomy":"product_cat","embeddable":true,"href":"http:\/\/www.rougier-atelier.com\/index.php?rest_route=%2Fwp%2Fv2%2Fproduct_cat&post=414"},{"taxonomy":"product_tag","embeddable":true,"href":"http:\/\/www.rougier-atelier.com\/index.php?rest_route=%2Fwp%2Fv2%2Fproduct_tag&post=414"}],"curies":[{"name":"wp","href":"https:\/\/api.w.org\/{rel}","templated":true}]}}