{"id":470,"date":"2014-03-07T16:05:46","date_gmt":"2014-03-07T15:05:46","guid":{"rendered":"http:\/\/www.rougier-atelier.com\/?post_type=product&#038;p=470"},"modified":"2014-06-04T10:35:07","modified_gmt":"2014-06-04T09:35:07","slug":"les-pages-dechirees","status":"publish","type":"product","link":"http:\/\/www.rougier-atelier.com\/?product=les-pages-dechirees","title":{"rendered":"Les pages d\u00e9chir\u00e9es"},"content":{"rendered":"","protected":false},"excerpt":{"rendered":"<p>Ficelle noire n\u00b05<br \/>\nAuteur : Claude Amoz, Illustrateur : Micka\u00ebl-Pierre<br \/>\nISBN : 9782-913040-40-3<br \/>\n32 pages<br \/>\nExemplaires : 500<br \/>\nUne petite fille pendant l&#039;occupation \u00e0 Paris. Grandiose. Hom\u00e8re et son h\u00e9ros Ulysse mis \u00e0 mal.<\/p>\n","protected":false},"featured_media":473,"template":"","meta":[],"product_brand":[],"product_cat":[190],"product_tag":[186,170,180,185,178],"class_list":{"0":"post-470","1":"product","2":"type-product","3":"status-publish","4":"has-post-thumbnail","6":"product_cat-ficelle-noire-les-editions","7":"product_tag-amoz","8":"product_tag-ficelle-noire","9":"product_tag-jeunesse","10":"product_tag-les-pages-dechires","11":"product_tag-mickael-pierre","13":"first","14":"instock","15":"shipping-taxable","16":"purchasable","17":"product-type-simple"},"_links":{"self":[{"href":"http:\/\/www.rougier-atelier.com\/index.php?rest_route=\/wp\/v2\/product\/470","targetHints":{"allow":["GET"]}}],"collection":[{"href":"http:\/\/www.rougier-atelier.com\/index.php?rest_route=\/wp\/v2\/product"}],"about":[{"href":"http:\/\/www.rougier-atelier.com\/index.php?rest_route=\/wp\/v2\/types\/product"}],"wp:featuredmedia":[{"embeddable":true,"href":"http:\/\/www.rougier-atelier.com\/index.php?rest_route=\/wp\/v2\/media\/473"}],"wp:attachment":[{"href":"http:\/\/www.rougier-atelier.com\/index.php?rest_route=%2Fwp%2Fv2%2Fmedia&parent=470"}],"wp:term":[{"taxonomy":"product_brand","embeddable":true,"href":"http:\/\/www.rougier-atelier.com\/index.php?rest_route=%2Fwp%2Fv2%2Fproduct_brand&post=470"},{"taxonomy":"product_cat","embeddable":true,"href":"http:\/\/www.rougier-atelier.com\/index.php?rest_route=%2Fwp%2Fv2%2Fproduct_cat&post=470"},{"taxonomy":"product_tag","embeddable":true,"href":"http:\/\/www.rougier-atelier.com\/index.php?rest_route=%2Fwp%2Fv2%2Fproduct_tag&post=470"}],"curies":[{"name":"wp","href":"https:\/\/api.w.org\/{rel}","templated":true}]}}