{"id":474,"date":"2014-03-07T16:01:39","date_gmt":"2014-03-07T15:01:39","guid":{"rendered":"http:\/\/www.rougier-atelier.com\/?post_type=product&#038;p=474"},"modified":"2014-06-04T10:36:07","modified_gmt":"2014-06-04T09:36:07","slug":"carton-plein","status":"publish","type":"product","link":"http:\/\/www.rougier-atelier.com\/?product=carton-plein","title":{"rendered":"Carton plein"},"content":{"rendered":"","protected":false},"excerpt":{"rendered":"<p>Ficelle noire n\u00b06<br \/>\nAuteur : Didier Daeninckx, Illustrateur : Micka\u00ebl-Pierre<br \/>\nISBN : 9782-913040-41-1<br \/>\n32 pages<br \/>\nExemplaires : 500<br \/>\nPour tous\/Jeunesse<br \/>\nM\u00e9fiez-vous des jeux t\u00e9l\u00e9vis\u00e9s&#8230;<\/p>\n","protected":false},"featured_media":477,"template":"","meta":[],"product_brand":[],"product_cat":[190],"product_tag":[187,188,170,180,178],"class_list":{"0":"post-474","1":"product","2":"type-product","3":"status-publish","4":"has-post-thumbnail","6":"product_cat-ficelle-noire-les-editions","7":"product_tag-carton-plein","8":"product_tag-daeninckx","9":"product_tag-ficelle-noire","10":"product_tag-jeunesse","11":"product_tag-mickael-pierre","13":"first","14":"instock","15":"shipping-taxable","16":"purchasable","17":"product-type-simple"},"_links":{"self":[{"href":"http:\/\/www.rougier-atelier.com\/index.php?rest_route=\/wp\/v2\/product\/474","targetHints":{"allow":["GET"]}}],"collection":[{"href":"http:\/\/www.rougier-atelier.com\/index.php?rest_route=\/wp\/v2\/product"}],"about":[{"href":"http:\/\/www.rougier-atelier.com\/index.php?rest_route=\/wp\/v2\/types\/product"}],"wp:featuredmedia":[{"embeddable":true,"href":"http:\/\/www.rougier-atelier.com\/index.php?rest_route=\/wp\/v2\/media\/477"}],"wp:attachment":[{"href":"http:\/\/www.rougier-atelier.com\/index.php?rest_route=%2Fwp%2Fv2%2Fmedia&parent=474"}],"wp:term":[{"taxonomy":"product_brand","embeddable":true,"href":"http:\/\/www.rougier-atelier.com\/index.php?rest_route=%2Fwp%2Fv2%2Fproduct_brand&post=474"},{"taxonomy":"product_cat","embeddable":true,"href":"http:\/\/www.rougier-atelier.com\/index.php?rest_route=%2Fwp%2Fv2%2Fproduct_cat&post=474"},{"taxonomy":"product_tag","embeddable":true,"href":"http:\/\/www.rougier-atelier.com\/index.php?rest_route=%2Fwp%2Fv2%2Fproduct_tag&post=474"}],"curies":[{"name":"wp","href":"https:\/\/api.w.org\/{rel}","templated":true}]}}