{"id":593,"date":"2014-03-18T14:26:17","date_gmt":"2014-03-18T13:26:17","guid":{"rendered":"http:\/\/www.rougier-atelier.com\/?post_type=product&#038;p=593"},"modified":"2014-03-18T14:33:12","modified_gmt":"2014-03-18T13:33:12","slug":"stand-au-marche-de-la-poesie-de-paris","status":"publish","type":"product","link":"http:\/\/www.rougier-atelier.com\/?product=stand-au-marche-de-la-poesie-de-paris","title":{"rendered":"Stand au March\u00e9 de la po\u00e9sie de Paris"},"content":{"rendered":"","protected":false},"excerpt":{"rendered":"<p>Le stand 2005 et la station de M\u00e9tro St Germain<\/p>\n","protected":false},"featured_media":594,"template":"","meta":[],"product_brand":[],"product_cat":[191,195],"product_tag":[222,223,221,40],"class_list":{"0":"post-593","1":"product","2":"type-product","3":"status-publish","4":"has-post-thumbnail","6":"product_cat-beaux-arts","7":"product_cat-installations","8":"product_tag-mdlp","9":"product_tag-rougier-v-ed","10":"product_tag-stand","11":"product_tag-vincent-rougier","13":"first","14":"instock","15":"shipping-taxable","16":"product-type-simple"},"_links":{"self":[{"href":"http:\/\/www.rougier-atelier.com\/index.php?rest_route=\/wp\/v2\/product\/593","targetHints":{"allow":["GET"]}}],"collection":[{"href":"http:\/\/www.rougier-atelier.com\/index.php?rest_route=\/wp\/v2\/product"}],"about":[{"href":"http:\/\/www.rougier-atelier.com\/index.php?rest_route=\/wp\/v2\/types\/product"}],"wp:featuredmedia":[{"embeddable":true,"href":"http:\/\/www.rougier-atelier.com\/index.php?rest_route=\/wp\/v2\/media\/594"}],"wp:attachment":[{"href":"http:\/\/www.rougier-atelier.com\/index.php?rest_route=%2Fwp%2Fv2%2Fmedia&parent=593"}],"wp:term":[{"taxonomy":"product_brand","embeddable":true,"href":"http:\/\/www.rougier-atelier.com\/index.php?rest_route=%2Fwp%2Fv2%2Fproduct_brand&post=593"},{"taxonomy":"product_cat","embeddable":true,"href":"http:\/\/www.rougier-atelier.com\/index.php?rest_route=%2Fwp%2Fv2%2Fproduct_cat&post=593"},{"taxonomy":"product_tag","embeddable":true,"href":"http:\/\/www.rougier-atelier.com\/index.php?rest_route=%2Fwp%2Fv2%2Fproduct_tag&post=593"}],"curies":[{"name":"wp","href":"https:\/\/api.w.org\/{rel}","templated":true}]}}