{"id":666,"date":"2014-05-27T16:23:50","date_gmt":"2014-05-27T15:23:50","guid":{"rendered":"http:\/\/www.rougier-atelier.com\/?post_type=product&#038;p=666"},"modified":"2014-06-18T14:48:46","modified_gmt":"2014-06-18T13:48:46","slug":"ficelle-n118-etat-de-chaises","status":"publish","type":"product","link":"http:\/\/www.rougier-atelier.com\/?product=ficelle-n118-etat-de-chaises","title":{"rendered":"ficelle n\u00b0118 \u00c9TAT DE CHAISE"},"content":{"rendered":"<p>Avec ce premier (\u00e0 suivre) \u00ab\u00a0<i>\u00c9tat de Chaises<\/i>\u00a0\u00bb , Yves Barr\u00e9 en rassemble un tas de ces fameuses chaises ! Lui au moins ne pratique pas la politique de la chai se vide\u2026 Il est pourtant deux types de chai ses qui n\u2019ont pas inspir\u00e9 d\u2019aphorismes \u00e0 cet \u00e9crivain qui sait pourtant manier la chaise dans tous ses \u00e9tats ambigus , du \u00ab\u00a0dossier\u00a0\u00bb aux \u00ab\u00a0barreaux\u00a0\u00bb en passant par les \u00ab\u00a0pieds\u00a0\u00bb et par \u00a0\u00bb l\u2019assise\u00a0\u00bb , et la dessiner dans un esprit panique proche de Topor et d\u2019Olivier O.Olivier .Quoiqu\u2019anticl\u00e9rical , Andr\u00e9 Breton aimait passer ses vacances \u00e0 La Chaise-Dieu (en 1947), non loin de l\u2019Abbaye d\u00e9di\u00e9e \u00e0 Saint Robert et habit\u00e9e par les Casad\u00e9ens . L\u2019auteur ne souffle pas non plus un mot de la profession d\u00e9su\u00e8te des chaisi\u00e8res , ni des rochers du m\u00eame nom dans la vall\u00e9e du Verdon. Ces jeux avec le langage ne forment pas un rond dans l\u2019eau b\u00e9nite , mais des bulles de plaisir dans le cerveau du lecteur . Comme Yves Barr\u00e9, deux auteurs n\u2019aiment pas les chai ses de Monsieur tout le monde : Edogawa Ramp\u00f4 et sa \u00ab\u00a0Chaise humaine\u00a0\u00bb et l\u2019Esprit Frappeur du Caire, Georges Henein : \u00ab\u00a0Jeunes gens , refusez ce si\u00e8ge qu\u2019onvous offre. Vous n\u2019en serez que la housse humaine , tr\u00e8s vite froiss\u00e9e.\u00a0\u00bb Deux fa\u00e7ons de s\u2019asseoir (ou de ne pas s\u2019as seoir)\u2026 en lisant ce charmant petit l ivre. Marc Kober<\/p>\n<p>N\u00e9 en 1949, Yves Barr\u00e9 vit dans la campagne sarthoise. \u00ab\u00a0Po\u00e8te d\u00e9finitivement inclassable\u00a0\u00bb, selon la d\u00e9fini t ion du Prix Claude Ribouillault qui lui a \u00e9t\u00e9 d\u00e9cern\u00e9 en 2003, Yves Barr\u00e9 \u00e9crit , dessine, peint , sculpte. Webmestre \u00e0 l &lsquo;occasion, nourrit chaque jour un blog de ses \u00ab\u00a0bidouilles graphiques et po\u00e9tiques\u00a0\u00bb (ahoui .over-blog.com) . Enseignant , a r\u00e9alis\u00e9 avec des \u00e9l\u00e8ves de CP\/CE1, le premier c\u00e9d\u00e9rom interactif de leurs dessins et \u00e9crits po\u00e9tiques (Tiens en voil\u00e0 justement un qui passe, 1998). Par la suite, a con\u00e7u, avec Alain Boudet , le Promenoir vert , anthologie de po\u00e9sie contemporaine \u00e0 usage des \u00e9coles et col l\u00e8ges (CRDP Poitiers , 1999). Il lustre les recueils de ses amis aux \u00e9ditions l&rsquo;\u00e9pi de seigle, Donner \u00e0 voir, la Renarde rouge, Jacques Andr\u00e9, Gros textes , D\u00e9charge, atelier de Groutel. . . Publications r\u00e9centes \u00ab\u00a0S&rsquo;occupe des filles\u00a0\u00bb , textes et linogravures, \u00e9d. Jacques Renou, l&rsquo;Atelier de Groutel , 2012. \u00ab\u00a0Urticantes\u00a0\u00bb , illustrations pour Jean-Claude Touzeil , \u00e9d. Rougier V. , ficelle n\u00b0 113, 2013.<\/p>\n<p>Genre : Po\u00e9sie\/livre d\u2019artiste. 16 illustrations en couleurs. Revue ficelle &#8211; format 10 x 15 cm \u2013 44 pages \u2013 broch\u00e9. 500 ex.<\/p>\n<p>Tirage de T\u00eate en coffret : Tirage de 15 ex., 1 gravure originale, 1 froiss\u00e9, le sous-verre et le coffret : 60\u20ac &#8211; Voir Bibliophilie.<\/p>\n<p>Tirage courant Prix : 9\u20ac Mise en vente : Juin 2014 ISBN : 979-10-93019-04-8\u00a0 Distribution : G\u00e9n\u00e9rale du livre Librest\u00a0 www.lageneraledulivre.com &#8211; Gencod Dilicom\u00a0 310 559 410 44 10 &#8211; Tel. 01 41 79 11 21<\/p>\n<div><\/div>\n","protected":false},"excerpt":{"rendered":"<p>ficelle n\u00b0118 \u2013 \u00c9TAT DE CHAISES<br \/>\nPo\u00e9sie Humour abondamment illustr\u00e9 en couleurs. ISBN 9791093019048<br \/>\nAut: Yves Barr\u00e9<br \/>\nGravure et dessins de l\u2019auteur.<br \/>\nAvant-Propos de Marc Kober.<\/p>\n","protected":false},"featured_media":667,"template":"","meta":[],"product_brand":[],"product_cat":[16,15],"product_tag":[251,253,254,252,150],"class_list":{"0":"post-666","1":"product","2":"type-product","3":"status-publish","4":"has-post-thumbnail","6":"product_cat-les-editions","7":"product_cat-revue-ficelleplisurgents","8":"product_tag-etat-de-chaises","9":"product_tag-ficelle118","10":"product_tag-kober-marc","11":"product_tag-poesie-humour","12":"product_tag-barre","14":"first","15":"instock","16":"shipping-taxable","17":"purchasable","18":"product-type-simple"},"_links":{"self":[{"href":"http:\/\/www.rougier-atelier.com\/index.php?rest_route=\/wp\/v2\/product\/666","targetHints":{"allow":["GET"]}}],"collection":[{"href":"http:\/\/www.rougier-atelier.com\/index.php?rest_route=\/wp\/v2\/product"}],"about":[{"href":"http:\/\/www.rougier-atelier.com\/index.php?rest_route=\/wp\/v2\/types\/product"}],"wp:featuredmedia":[{"embeddable":true,"href":"http:\/\/www.rougier-atelier.com\/index.php?rest_route=\/wp\/v2\/media\/667"}],"wp:attachment":[{"href":"http:\/\/www.rougier-atelier.com\/index.php?rest_route=%2Fwp%2Fv2%2Fmedia&parent=666"}],"wp:term":[{"taxonomy":"product_brand","embeddable":true,"href":"http:\/\/www.rougier-atelier.com\/index.php?rest_route=%2Fwp%2Fv2%2Fproduct_brand&post=666"},{"taxonomy":"product_cat","embeddable":true,"href":"http:\/\/www.rougier-atelier.com\/index.php?rest_route=%2Fwp%2Fv2%2Fproduct_cat&post=666"},{"taxonomy":"product_tag","embeddable":true,"href":"http:\/\/www.rougier-atelier.com\/index.php?rest_route=%2Fwp%2Fv2%2Fproduct_tag&post=666"}],"curies":[{"name":"wp","href":"https:\/\/api.w.org\/{rel}","templated":true}]}}