{"id":743,"date":"2010-05-01T10:34:20","date_gmt":"2010-05-01T09:34:20","guid":{"rendered":"http:\/\/www.rougier-atelier.com\/?post_type=product&#038;p=743"},"modified":"2014-06-18T16:31:11","modified_gmt":"2014-06-18T15:31:11","slug":"ficelle-n96-danser-avec-la-sitelle","status":"publish","type":"product","link":"http:\/\/www.rougier-atelier.com\/?product=ficelle-n96-danser-avec-la-sitelle","title":{"rendered":"Ficelle n\u00b096 &#8211; DANSER AVEC LA SITELLE"},"content":{"rendered":"<p>Po\u00e9sie &#8230;\/\/ Un siphon qui n\u2019aspirait plus rien, au seuil de la d\u00e9solation, se convertit en serin siffleur pour mieux sentir l\u2019eau d\u2019un po\u00e8me. Un sillon, au seuil d\u2019un froissement, ne se creusa point le ciboulot, sauta par dessus le champ. Un sucre, au seuil de la d\u00e9testation, se fit sauter la cervelle en se saupoudrant de gros sel. \/\/&#8230;<\/p>\n<p>&nbsp;<\/p>\n<p>Jacqueline Persini Panorias<\/p>\n<p>Publications chez L\u2019Harmattan : Histoire de ma maison ou Na\u00eetre \u2013 Le soleil aveugle \u2013 Herbes vivantes.\u00a0Encres vives : Au devant d\u2019elle.\u00a0Le d\u00e9 bleu : Si petits oiseaux.\u00a0Soc et foc : Maisons \u00e0 dormir debout<\/p>\n<p>&nbsp;<\/p>\n<p>Guillaume Landemaine<\/p>\n<p style=\"font-style: inherit; color: inherit;\">Artiste et peintre, expositions\u00a0:<\/p>\n<p style=\"font-style: inherit; color: inherit;\">La for\u00eat normande\u2028 2006 Le Village Fromager, Livarot (14), \u20282005 Galerie ART4 Caen(14), Coll\u00e8ge Evrecy(14), \u00ab Andr\u00e9 Mare : La Modernit\u00e9 dans la For\u00eat Normande \u00bb, Le Haras du Pin, M\u00e9diath\u00e8que d\u2019Alen\u00e7on, Mus\u00e9e du Ch\u00e2teau Flers.<\/p>\n<p>&nbsp;<\/p>\n<p>7 \u00e0 77 ans<\/p>\n<p>Genre : Po\u00e9sie\/livre d\u2019artiste, pr\u00e9sent\u00e9e en enveloppe timbr\u00e9e d\u2019artiste, pr\u00eat \u00e0 poster<\/p>\n<p>Les tirages de t\u00eate (3 gravures originales) sont propos\u00e9s en coffrets. : 80\u20ac<\/p>\n","protected":false},"excerpt":{"rendered":"<p>Ficelle n\u00b096 &#8211; Danser avec la sitelle<br \/>\nAut.: Jacqueline Persini Panorias, ill. Guillaume Landemaine &#8211; ISBN : 2913040683<br \/>\n40 p. Couleurs. Broch\u00e9, enveloppe.<\/p>\n<p>Collection \u00ab ficelle \u00bb &#8211; format 10 x 15 cm \u2013 40 pages \u2013 reli\u00e9 sous enveloppe.<\/p>\n","protected":false},"featured_media":745,"template":"","meta":[],"product_brand":[],"product_cat":[16,15],"product_tag":[362,329,330,327,232],"class_list":{"0":"post-743","1":"product","2":"type-product","3":"status-publish","4":"has-post-thumbnail","6":"product_cat-les-editions","7":"product_cat-revue-ficelleplisurgents","8":"product_tag-danser-avec-la-sitelle","9":"product_tag-ficelle-n96","10":"product_tag-guillaume-landemaine","11":"product_tag-jacqueline-persini-panorias","12":"product_tag-poesie","14":"first","15":"instock","16":"shipping-taxable","17":"purchasable","18":"product-type-simple"},"_links":{"self":[{"href":"http:\/\/www.rougier-atelier.com\/index.php?rest_route=\/wp\/v2\/product\/743","targetHints":{"allow":["GET"]}}],"collection":[{"href":"http:\/\/www.rougier-atelier.com\/index.php?rest_route=\/wp\/v2\/product"}],"about":[{"href":"http:\/\/www.rougier-atelier.com\/index.php?rest_route=\/wp\/v2\/types\/product"}],"wp:featuredmedia":[{"embeddable":true,"href":"http:\/\/www.rougier-atelier.com\/index.php?rest_route=\/wp\/v2\/media\/745"}],"wp:attachment":[{"href":"http:\/\/www.rougier-atelier.com\/index.php?rest_route=%2Fwp%2Fv2%2Fmedia&parent=743"}],"wp:term":[{"taxonomy":"product_brand","embeddable":true,"href":"http:\/\/www.rougier-atelier.com\/index.php?rest_route=%2Fwp%2Fv2%2Fproduct_brand&post=743"},{"taxonomy":"product_cat","embeddable":true,"href":"http:\/\/www.rougier-atelier.com\/index.php?rest_route=%2Fwp%2Fv2%2Fproduct_cat&post=743"},{"taxonomy":"product_tag","embeddable":true,"href":"http:\/\/www.rougier-atelier.com\/index.php?rest_route=%2Fwp%2Fv2%2Fproduct_tag&post=743"}],"curies":[{"name":"wp","href":"https:\/\/api.w.org\/{rel}","templated":true}]}}