{"id":750,"date":"2010-03-01T13:43:11","date_gmt":"2010-03-01T12:43:11","guid":{"rendered":"http:\/\/www.rougier-atelier.com\/?post_type=product&#038;p=750"},"modified":"2023-02-13T15:46:01","modified_gmt":"2023-02-13T14:46:01","slug":"ficelle-n95-les-morceaux-de-limage","status":"publish","type":"product","link":"http:\/\/www.rougier-atelier.com\/?product=ficelle-n95-les-morceaux-de-limage","title":{"rendered":"Ficelle n\u00b095 \u2013 LES MORCEAUX DE L&rsquo;IMAGE"},"content":{"rendered":"<p>Po\u00e9sie<\/p>\n<p>&nbsp;<\/p>\n<p>&#8230;\/\/ Voir l\u2019image est-ce vraiment la voir ? * On se d\u00e9place. L\u2019angle varie. L\u2019image aussi. La main se tend, voudrait toucher. * Servante, soubrette, sainte en pri\u00e8re, chanteuse, pour quelle inaudible audition ? * Casque, coiffe, coifure, qui revenue soudain commebu\u00e9e de l\u2019invisible ? \/\/&#8230;<\/p>\n<p>&nbsp;<\/p>\n<p>Jacques Ancet Le prix Apollinaire 2009 vient d&rsquo;\u00eatre d\u00e9cern\u00e9 \u00e0 Jacques Ancet pour son recueil L&rsquo;Identit\u00e9 obscure (Lettres Vives, Collection Terre de Po\u00e9sie, janvier 2009).<\/p>\n<p>&nbsp;<\/p>\n<p>Colette Debl\u00e9 \u00ab A-t-on jamais tent\u00e9 d\u2019explorer par des moyens plastiques l\u2019histoire de l\u2019art ou l\u2019un de ses aspects comme le font l\u2019historien ou l\u2019essayiste \u00e0 l\u2019aide de l\u2019\u00e9criture ? Mon projet est de tenter, \u00e0 travers 2001 dessins, de reprendre les diverses repr\u00e9sentations de la femme depuis la pr\u00e9histoire jusqu\u2019\u00e0 nos jours. \u00bb<\/p>\n<p>&nbsp;<\/p>\n<p>7 \u00e0 77 ans<\/p>\n<p>Genre : Po\u00e9sie\/livre d\u2019artiste, pr\u00e9sent\u00e9e en enveloppe timbr\u00e9e d\u2019artiste, pr\u00eat \u00e0 poster<\/p>\n<p>Les tirages de t\u00eate (1 dessin originale) sont propos\u00e9s en coffrets. : 100\u20ac<\/p>\n<p>Collection \u00ab ficelle \u00bb &#8211; format 10 x 15 cm \u2013 40 pages \u2013 reli\u00e9 sous enveloppe. \u2013 01\/03\/2010<\/p>\n","protected":false},"excerpt":{"rendered":"<p>Ficelle n\u00b095 \u2013 Les morceaux de l\u2019image<br \/>\nAut.: Jacques Ancet, ill. Colette Debl\u00e9 &#8211; ISBN : 2913040675<br \/>\n40 p. Couleurs. Broch\u00e9, enveloppe.<br \/>\nTirage de t\u00eate en coffret avec 1 lavis original 10,5 x 15 cm : 120\u20ac<\/p>\n","protected":false},"featured_media":753,"template":"","meta":[],"product_brand":[],"product_cat":[16,15],"product_tag":[332,334,331,361,232],"class_list":{"0":"post-750","1":"product","2":"type-product","3":"status-publish","4":"has-post-thumbnail","6":"product_cat-les-editions","7":"product_cat-revue-ficelleplisurgents","8":"product_tag-colette-deble","9":"product_tag-ficelle-n95","10":"product_tag-jacques-ancet","11":"product_tag-les-morceaux-de-limage","12":"product_tag-poesie","14":"first","15":"instock","16":"shipping-taxable","17":"purchasable","18":"product-type-simple"},"_links":{"self":[{"href":"http:\/\/www.rougier-atelier.com\/index.php?rest_route=\/wp\/v2\/product\/750","targetHints":{"allow":["GET"]}}],"collection":[{"href":"http:\/\/www.rougier-atelier.com\/index.php?rest_route=\/wp\/v2\/product"}],"about":[{"href":"http:\/\/www.rougier-atelier.com\/index.php?rest_route=\/wp\/v2\/types\/product"}],"wp:featuredmedia":[{"embeddable":true,"href":"http:\/\/www.rougier-atelier.com\/index.php?rest_route=\/wp\/v2\/media\/753"}],"wp:attachment":[{"href":"http:\/\/www.rougier-atelier.com\/index.php?rest_route=%2Fwp%2Fv2%2Fmedia&parent=750"}],"wp:term":[{"taxonomy":"product_brand","embeddable":true,"href":"http:\/\/www.rougier-atelier.com\/index.php?rest_route=%2Fwp%2Fv2%2Fproduct_brand&post=750"},{"taxonomy":"product_cat","embeddable":true,"href":"http:\/\/www.rougier-atelier.com\/index.php?rest_route=%2Fwp%2Fv2%2Fproduct_cat&post=750"},{"taxonomy":"product_tag","embeddable":true,"href":"http:\/\/www.rougier-atelier.com\/index.php?rest_route=%2Fwp%2Fv2%2Fproduct_tag&post=750"}],"curies":[{"name":"wp","href":"https:\/\/api.w.org\/{rel}","templated":true}]}}