{"id":756,"date":"2009-11-01T13:43:46","date_gmt":"2009-11-01T12:43:46","guid":{"rendered":"http:\/\/www.rougier-atelier.com\/?post_type=product&#038;p=756"},"modified":"2014-06-18T16:25:11","modified_gmt":"2014-06-18T15:25:11","slug":"ficelle-n93-psalmlash","status":"publish","type":"product","link":"http:\/\/www.rougier-atelier.com\/?product=ficelle-n93-psalmlash","title":{"rendered":"Ficelle n\u00b093 ENCORE UN PETIT MLASH"},"content":{"rendered":"<p>Po\u00e9sie<\/p>\n<p>&nbsp;<\/p>\n<p>\/\/\u2026Pr\u00e9sent dans une dizaine de publications, le personnage de Mlash se met \u00e0 psalmodier : Il para\u00eet que la vie d\u00e9livre de la vie. Comme c\u2019est romantique et presque impub\u00e8re ces affirmations \u00e0 l\u2019emporte-pi\u00e8ce, l\u2019emporte-vent, l\u2019emporte-voix. La nuit est claire. Je ne fais rien. Je ne sais rien.\/\/\u2026<\/p>\n<p>&nbsp;<\/p>\n<p>Alexis Pelletier a r\u00e9cemment publi\u00e9 : Quelques mesures dans l\u2019\u00e9poque (Voix d\u2019encre, 2008), Le Grand R\u00e9el (Daniel Duchoze, Rouen 2008), 51 partitions de Dominique Lema\u00eetre (Tarabuste, 2009) et Encore un petit Mlash, (Revue ficelle n\u00b093, 2009). Depuis 2006, il travaille r\u00e9guli\u00e8rement avec le compositeur Dominique Lema\u00eetre pour des concerts po\u00e9tiques avec l\u2019Ensemble Accroche-Notes, l\u2019Ensemble Orchestral Contemporain, l\u2019Ensemble Stravinsky, Fran\u00e7ois Veilhan, etc.). En avril 2011, le spectacle Les Tableaux de Bruno, autour des Tableaux d\u2019une exposition de Moussorgski\/Ravel a \u00e9t\u00e9 jou\u00e9 \u00e0 l\u2019Op\u00e9ra de Rouen Haute-Normandie. \u00c0 para\u00eetre, en f\u00e9vrier 2012, aux \u00e9ditions de l\u2019Escampette, Comment quelque chose encore suivi de Quel effacement.<\/p>\n<p>&nbsp;<\/p>\n<p>7 \u00e0 77 ans.<br \/>\nGenre : Po\u00e9sie\/livre d\u2019artiste pr\u00e9sent\u00e9e en enveloppe timbr\u00e9e d\u2019artiste, pr\u00eat \u00e0 poster.<br \/>\n500 ex. \u2013 coffrets tirages de t\u00eate, 15 ex. agr\u00e9ment\u00e9s de deux gravures originales.<br \/>\nCollection \u00ab Ficelle \u00bb &#8211; format 10 x 15 cm \u2013 48 pages \u2013 reli\u00e9 sous enveloppe.<\/p>\n","protected":false},"excerpt":{"rendered":"<p>Ficelle n\u00b093 ENCORE UN PETIT MLASH<br \/>\nAut.: Alexis Pelletier, ill. Christine Gendre Berg\u00e8re &#8211; ISBN : 2913040659<br \/>\n48 p. Couleurs. Broch\u00e9, enveloppe.<\/p>\n","protected":false},"featured_media":757,"template":"","meta":[],"product_brand":[],"product_cat":[16,15],"product_tag":[73,335,336,242,232],"class_list":{"0":"post-756","1":"product","2":"type-product","3":"status-publish","4":"has-post-thumbnail","6":"product_cat-les-editions","7":"product_cat-revue-ficelleplisurgents","8":"product_tag-alexis-pelletier","9":"product_tag-christine-gendre-bergere","10":"product_tag-ficelle-n94","11":"product_tag-mlash","12":"product_tag-poesie","14":"first","15":"instock","16":"shipping-taxable","17":"purchasable","18":"product-type-simple"},"_links":{"self":[{"href":"http:\/\/www.rougier-atelier.com\/index.php?rest_route=\/wp\/v2\/product\/756","targetHints":{"allow":["GET"]}}],"collection":[{"href":"http:\/\/www.rougier-atelier.com\/index.php?rest_route=\/wp\/v2\/product"}],"about":[{"href":"http:\/\/www.rougier-atelier.com\/index.php?rest_route=\/wp\/v2\/types\/product"}],"wp:featuredmedia":[{"embeddable":true,"href":"http:\/\/www.rougier-atelier.com\/index.php?rest_route=\/wp\/v2\/media\/757"}],"wp:attachment":[{"href":"http:\/\/www.rougier-atelier.com\/index.php?rest_route=%2Fwp%2Fv2%2Fmedia&parent=756"}],"wp:term":[{"taxonomy":"product_brand","embeddable":true,"href":"http:\/\/www.rougier-atelier.com\/index.php?rest_route=%2Fwp%2Fv2%2Fproduct_brand&post=756"},{"taxonomy":"product_cat","embeddable":true,"href":"http:\/\/www.rougier-atelier.com\/index.php?rest_route=%2Fwp%2Fv2%2Fproduct_cat&post=756"},{"taxonomy":"product_tag","embeddable":true,"href":"http:\/\/www.rougier-atelier.com\/index.php?rest_route=%2Fwp%2Fv2%2Fproduct_tag&post=756"}],"curies":[{"name":"wp","href":"https:\/\/api.w.org\/{rel}","templated":true}]}}