{"id":761,"date":"2009-08-01T14:16:26","date_gmt":"2009-08-01T13:16:26","guid":{"rendered":"http:\/\/www.rougier-atelier.com\/?post_type=product&#038;p=761"},"modified":"2014-06-18T16:35:48","modified_gmt":"2014-06-18T15:35:48","slug":"ficelle-n92-passion-afrique","status":"publish","type":"product","link":"http:\/\/www.rougier-atelier.com\/?product=ficelle-n92-passion-afrique","title":{"rendered":"Ficelle n\u00b092 PASSION AFRIQUE"},"content":{"rendered":"<p>Po\u00e9sie<\/p>\n<p>&nbsp;<\/p>\n<p>\u2026\/\/ Noire lumi\u00e8re Nos corps nos ossements se donnaient avec audace en cette terre porteuse<br \/>\nFrisson d\u2019hier frisson d\u2019\u00e9ternit\u00e9 dans cette all\u00e9e de cocotiers<br \/>\nL\u2019oeil noir silencieux glisse le long de la silhouette fragile<br \/>\nLa voix du retour se fit entendre apr\u00e8s avoir err\u00e9 dans cet \u00e9trange pays<br \/>\nQuels jours ne nous appartiennent plus \/\/\u2026<\/p>\n<p>&nbsp;<\/p>\n<p>Claudine Bertrand (Montr\u00e9al, le 4 juillet 1948 &#8211; ) Po\u00e8te,<\/p>\n<p>Claudine Bertrand \u00e9tudie \u00e0 l&rsquo;\u00c9cole normale et \u00e0 l&rsquo;Universit\u00e9 du Qu\u00e9bec \u00e0 Montr\u00e9al, o\u00f9 elle obtient une ma\u00eetrise en \u00e9tudes litt\u00e9raires. \u00c0 partir de 1973, elle enseigne la litt\u00e9rature au niveau coll\u00e9gial et collabore \u00e0 diverses revues, dont notamment Montr\u00e9al now!,<\/p>\n<p>&nbsp;<\/p>\n<p>Michel Mousseau, peintre, n\u00e9 le 27 juillet 1934 \u00e0 Coutures (Maine-et-Loire), XXe si\u00e8cle. Fran\u00e7ais. Peintre de compositions anim\u00e9es, int\u00e9rieurs, dessinateur, d\u00e9corateur. Tendance abstraite, minimaliste. Illustrateur et passionn\u00e9 de po\u00e9sies.<\/p>\n<p>&nbsp;<\/p>\n<p>7 \u00e0 77 ans<\/p>\n<p>Genre : Po\u00e9sie\/livre d\u2019artiste, pr\u00e9sent\u00e9e en enveloppe timbr\u00e9e d\u2019artiste, pr\u00eat \u00e0 poster<\/p>\n<p>Les tirages de t\u00eate (originaux) sont propos\u00e9s en coffrets.<\/p>\n<p>Collection \u00ab ficelle \u00bb &#8211; format 10 x 15 cm \u2013 48 pages \u2013 reli\u00e9 sous enveloppe.<\/p>\n","protected":false},"excerpt":{"rendered":"<p>Ficelle n\u00b092 PASSION AFRIQUE.<br \/>\nAut.: Claudine Bertrand, ill. Michel Mousseau &#8211; ISBN : 2913040640<br \/>\n48 p. Couleurs. Broch\u00e9, enveloppe.<\/p>\n","protected":false},"featured_media":762,"template":"","meta":[],"product_brand":[],"product_cat":[16,15],"product_tag":[75,337,76,360,232],"class_list":{"0":"post-761","1":"product","2":"type-product","3":"status-publish","4":"has-post-thumbnail","6":"product_cat-les-editions","7":"product_cat-revue-ficelleplisurgents","8":"product_tag-claudine-bertrand","9":"product_tag-ficelle-n92","10":"product_tag-michel-mousseau","11":"product_tag-passion-afrique","12":"product_tag-poesie","14":"first","15":"instock","16":"shipping-taxable","17":"purchasable","18":"product-type-simple"},"_links":{"self":[{"href":"http:\/\/www.rougier-atelier.com\/index.php?rest_route=\/wp\/v2\/product\/761","targetHints":{"allow":["GET"]}}],"collection":[{"href":"http:\/\/www.rougier-atelier.com\/index.php?rest_route=\/wp\/v2\/product"}],"about":[{"href":"http:\/\/www.rougier-atelier.com\/index.php?rest_route=\/wp\/v2\/types\/product"}],"wp:featuredmedia":[{"embeddable":true,"href":"http:\/\/www.rougier-atelier.com\/index.php?rest_route=\/wp\/v2\/media\/762"}],"wp:attachment":[{"href":"http:\/\/www.rougier-atelier.com\/index.php?rest_route=%2Fwp%2Fv2%2Fmedia&parent=761"}],"wp:term":[{"taxonomy":"product_brand","embeddable":true,"href":"http:\/\/www.rougier-atelier.com\/index.php?rest_route=%2Fwp%2Fv2%2Fproduct_brand&post=761"},{"taxonomy":"product_cat","embeddable":true,"href":"http:\/\/www.rougier-atelier.com\/index.php?rest_route=%2Fwp%2Fv2%2Fproduct_cat&post=761"},{"taxonomy":"product_tag","embeddable":true,"href":"http:\/\/www.rougier-atelier.com\/index.php?rest_route=%2Fwp%2Fv2%2Fproduct_tag&post=761"}],"curies":[{"name":"wp","href":"https:\/\/api.w.org\/{rel}","templated":true}]}}