{"id":769,"date":"2009-07-01T15:01:48","date_gmt":"2009-07-01T14:01:48","guid":{"rendered":"http:\/\/www.rougier-atelier.com\/?post_type=product&#038;p=769"},"modified":"2014-06-18T16:33:33","modified_gmt":"2014-06-18T15:33:33","slug":"ficelle-n91-le-nombre-le-nom","status":"publish","type":"product","link":"http:\/\/www.rougier-atelier.com\/?product=ficelle-n91-le-nombre-le-nom","title":{"rendered":"Ficelle n\u00b091 \u2013 LE NOMBRE LE NOM"},"content":{"rendered":"<p>Po\u00e9sie<\/p>\n<p>&nbsp;<\/p>\n<p>Dans le nombre le nom<\/p>\n<p>Dans le nombre l\u2019ombre du nom<\/p>\n<p>Dans l\u2019ombre port\u00e9e du nom la clart\u00e9 du nombre<\/p>\n<p>Dans l\u2019ombre du nombre le secret du nom<\/p>\n<p>Dans le nombre le non nomm\u00e9 du nom<\/p>\n<p>Dans l\u2019ombre du nombre<\/p>\n<p>Le Nom<\/p>\n<p>Parfois dans le nom le nombre<\/p>\n<p>Visible<\/p>\n<p>Ou \u00e0 l\u2019\u0153uvre dans le cach\u00e9<\/p>\n<p>Dans le sombre du nom le nombre<\/p>\n<p>Dans le secret du nom la nuit lumineuse du nombre<\/p>\n<p>Dans l\u2019\u00e9clat du nombre le nom<\/p>\n<p>Dans l\u2019\u00e9cho du nom le nombre<\/p>\n<p>&nbsp;<\/p>\n<p>Claude Ber<\/p>\n<p>\u00ab\u00a0L&rsquo;ensemble de l&rsquo; oeuvre de Claude Ber est consid\u00e9rable par son unit\u00e9 d&rsquo;inspiration comme par la richesse lucide de ses moyens. Son usage souvent audacieux de l&rsquo;\u00e9criture est toujours li\u00e9 \u00e0 une interrogation sur le sens de la vie.\u00a0\u00bb Marie-Claire Bancquart www.claude-ber.org<\/p>\n<p>&nbsp;<\/p>\n<p><a title=\"Claire Laporte\" href=\"http:\/\/clairelaporte.free.fr\" target=\"_blank\">Claire Laporte<\/a>, peintre<\/p>\n<p>&nbsp;<\/p>\n<p>7 \u00e0 77 ans<\/p>\n<p>Genre : Po\u00e9sie\/livre d\u2019artiste, pr\u00e9sent\u00e9e en enveloppe timbr\u00e9e d\u2019artiste, pr\u00eat \u00e0 poster<\/p>\n<p>Tirages de t\u00eate : 10 exemplaires en coffrets sign\u00e9s, 10 originaux, : 50\u20ac<\/p>\n<p>Collection \u00ab ficelle \u00bb &#8211; format 10 x 15 cm \u2013 32 pages \u2013 reli\u00e9 sous enveloppe.<\/p>\n<p>Tir\u00e9e \u00e0 500 exemplaires dont 10 ex. sur V\u00e9lin Clairefontaine ivoire agr\u00e9ment\u00e9s d\u2019un collage reprographique original<\/p>\n","protected":false},"excerpt":{"rendered":"<p>Ficelle n\u00b091 \u2013 LE NOMBRE LE NOM<br \/>\nAut.: Claude Ber, ill. Claire Laporte &#8211; ISBN 2913040632<br \/>\n32 p. Couleurs. Broch\u00e9, enveloppe.<\/p>\n","protected":false},"featured_media":771,"template":"","meta":[],"product_brand":[],"product_cat":[16,15],"product_tag":[321,341,342,355,232],"class_list":{"0":"post-769","1":"product","2":"type-product","3":"status-publish","4":"has-post-thumbnail","6":"product_cat-les-editions","7":"product_cat-revue-ficelleplisurgents","8":"product_tag-claire-laporte","9":"product_tag-claude-ber","10":"product_tag-ficelle-n91","11":"product_tag-le-nombre-et-le-nom","12":"product_tag-poesie","14":"first","15":"instock","16":"shipping-taxable","17":"purchasable","18":"product-type-simple"},"_links":{"self":[{"href":"http:\/\/www.rougier-atelier.com\/index.php?rest_route=\/wp\/v2\/product\/769","targetHints":{"allow":["GET"]}}],"collection":[{"href":"http:\/\/www.rougier-atelier.com\/index.php?rest_route=\/wp\/v2\/product"}],"about":[{"href":"http:\/\/www.rougier-atelier.com\/index.php?rest_route=\/wp\/v2\/types\/product"}],"wp:featuredmedia":[{"embeddable":true,"href":"http:\/\/www.rougier-atelier.com\/index.php?rest_route=\/wp\/v2\/media\/771"}],"wp:attachment":[{"href":"http:\/\/www.rougier-atelier.com\/index.php?rest_route=%2Fwp%2Fv2%2Fmedia&parent=769"}],"wp:term":[{"taxonomy":"product_brand","embeddable":true,"href":"http:\/\/www.rougier-atelier.com\/index.php?rest_route=%2Fwp%2Fv2%2Fproduct_brand&post=769"},{"taxonomy":"product_cat","embeddable":true,"href":"http:\/\/www.rougier-atelier.com\/index.php?rest_route=%2Fwp%2Fv2%2Fproduct_cat&post=769"},{"taxonomy":"product_tag","embeddable":true,"href":"http:\/\/www.rougier-atelier.com\/index.php?rest_route=%2Fwp%2Fv2%2Fproduct_tag&post=769"}],"curies":[{"name":"wp","href":"https:\/\/api.w.org\/{rel}","templated":true}]}}