{"id":774,"date":"2009-05-01T15:03:03","date_gmt":"2009-05-01T14:03:03","guid":{"rendered":"http:\/\/www.rougier-atelier.com\/?post_type=product&#038;p=774"},"modified":"2014-06-18T16:33:03","modified_gmt":"2014-06-18T15:33:03","slug":"ficelle-n90-legendes","status":"publish","type":"product","link":"http:\/\/www.rougier-atelier.com\/?product=ficelle-n90-legendes","title":{"rendered":"Ficelle n\u00b090 \u2013 LEGENDES"},"content":{"rendered":"<p>Po\u00e9sie<\/p>\n<p>&nbsp;<\/p>\n<p>Dans le Premier, la transparence des mouches<\/p>\n<p>Est telle que seul un silence obstin\u00e9<\/p>\n<p>T\u00e9moigne de leur violence lumineuse. \/\/&#8230;<br \/>\nJacques Norigeon<\/p>\n<p>Travaillant dans des \u00e9coles d\u2019art depuis plus de 15 ans, et dirigeant \u00e0 pr\u00e9sent celle de Valence, il multiplie les collaborations avec les artistes. Dans les ann\u00e9es 90, il se consacre \u00e0 des livres d\u2019artistes de qualit\u00e9 bibliophilique avant d\u2019opter pour des \u00e9ditions plus modestes mais mieux diffus\u00e9es, par exemple une trilogie canine avec Henri Cueco (Vingt chiens du matin vain), Les Ennemis de Paterne Berrichon, 1999, Cinq chiens sacr\u00e9ment sains, Arch\u00e9type, 1999, Noveni cani transgeni, Les Carnets du dessert de lune, 2005), ou m\u00eame \u00e0 des fanzines, opuscules et mini carnets publi\u00e9s en micro \u00e9dition gr\u00e2ce au ressources du num\u00e9rique.<\/p>\n<p>&nbsp;<\/p>\n<p>7 \u00e0 77 ans<\/p>\n<p>Genre : Po\u00e9sie\/livre d\u2019artiste, pr\u00e9sent\u00e9e en enveloppe timbr\u00e9e d\u2019artiste, pr\u00eat \u00e0 poster<\/p>\n<p>Tirages de t\u00eate : 33 exemplaires en coffrets sign\u00e9s , 33 originaux, 33\u20ac<\/p>\n<p>Collection \u00ab ficelle \u00bb &#8211; format 10 x 15 cm \u2013 40 pages \u2013 reli\u00e9 sous enveloppe.<\/p>\n<p>Tir\u00e9e \u00e0 300 exemplaires dont 33 ex sur Velin Clairefontaine ivoire agr\u00e9ment\u00e9s d\u2018une fiche originale.<\/p>\n","protected":false},"excerpt":{"rendered":"<p>Ficelle n\u00b090 \u2013 LEGENDES<br \/>\nAut.: Jacques Norigeon, ill. Vous, cher lecteur &#8211; ISBN 2913040624<br \/>\n40 p. Broch\u00e9, enveloppe.<\/p>\n","protected":false},"featured_media":775,"template":"","meta":[],"product_brand":[],"product_cat":[16,15],"product_tag":[345,344,359,232],"class_list":{"0":"post-774","1":"product","2":"type-product","3":"status-publish","4":"has-post-thumbnail","6":"product_cat-les-editions","7":"product_cat-revue-ficelleplisurgents","8":"product_tag-ficelle-n90","9":"product_tag-jacques-norigeon","10":"product_tag-legendes","11":"product_tag-poesie","13":"first","14":"instock","15":"shipping-taxable","16":"purchasable","17":"product-type-simple"},"_links":{"self":[{"href":"http:\/\/www.rougier-atelier.com\/index.php?rest_route=\/wp\/v2\/product\/774","targetHints":{"allow":["GET"]}}],"collection":[{"href":"http:\/\/www.rougier-atelier.com\/index.php?rest_route=\/wp\/v2\/product"}],"about":[{"href":"http:\/\/www.rougier-atelier.com\/index.php?rest_route=\/wp\/v2\/types\/product"}],"wp:featuredmedia":[{"embeddable":true,"href":"http:\/\/www.rougier-atelier.com\/index.php?rest_route=\/wp\/v2\/media\/775"}],"wp:attachment":[{"href":"http:\/\/www.rougier-atelier.com\/index.php?rest_route=%2Fwp%2Fv2%2Fmedia&parent=774"}],"wp:term":[{"taxonomy":"product_brand","embeddable":true,"href":"http:\/\/www.rougier-atelier.com\/index.php?rest_route=%2Fwp%2Fv2%2Fproduct_brand&post=774"},{"taxonomy":"product_cat","embeddable":true,"href":"http:\/\/www.rougier-atelier.com\/index.php?rest_route=%2Fwp%2Fv2%2Fproduct_cat&post=774"},{"taxonomy":"product_tag","embeddable":true,"href":"http:\/\/www.rougier-atelier.com\/index.php?rest_route=%2Fwp%2Fv2%2Fproduct_tag&post=774"}],"curies":[{"name":"wp","href":"https:\/\/api.w.org\/{rel}","templated":true}]}}