{"id":776,"date":"2009-03-01T15:17:37","date_gmt":"2009-03-01T14:17:37","guid":{"rendered":"http:\/\/www.rougier-atelier.com\/?post_type=product&#038;p=776"},"modified":"2014-06-18T16:28:22","modified_gmt":"2014-06-18T15:28:22","slug":"ficelle-n89-lorgueil-demesure-du-soutier","status":"publish","type":"product","link":"http:\/\/www.rougier-atelier.com\/?product=ficelle-n89-lorgueil-demesure-du-soutier","title":{"rendered":"Ficelle n\u00b089 \u2013 L\u2019ORGUEIL D\u00c9MESUR\u00c9 DU SOUTIER"},"content":{"rendered":"<p>Po\u00e9sie<\/p>\n<p>&nbsp;<\/p>\n<p>(Lettre de Louis Dubost, \u00e9diteur,<\/p>\n<p>\u00e0 G\u00e9rard Lambert, libraire,<\/p>\n<p>pour qu\u2019il garde fermement voix au chap\u00eetre)<\/p>\n<p>&nbsp;<\/p>\n<p>G\u00e9rard,<\/p>\n<p>vieux soutier \u2014 ayant d\u00e9j\u00e0 ram\u00e9 dans<\/p>\n<p>diverses chaloupes et trir\u00e8mes du monde<\/p>\n<p>du livre (je te cite) \u2014 affair\u00e9 derri\u00e8re ta<\/p>\n<p>machinerie multicolore des livres, solitaire<\/p>\n<p>dans la semip\u00e9nombre d\u2019un quasi anonymat,<\/p>\n<p>qui remarquerait ainsi \u00e0 l\u2019\u00e9cart le discret et<\/p>\n<p>efficace labeur du libraire ? Tandis que les<\/p>\n<p>yachtmen \u00e0 casquettes \u00e0 galons dor\u00e9s savent<\/p>\n<p>accaparer l\u2019attention mieux que le m\u00e9canicien<\/p>\n<p>aux mains gant\u00e9es de cambouis. \/\/\u2026<\/p>\n<p>&nbsp;<\/p>\n<p>Louis DUBOST<br \/>\nApr\u00e8s une premi\u00e8re vie d&rsquo;enseignant (philosophie), Louis Dubost s&rsquo;appr\u00eate \u00e0 mettre fin \u00e0 la deuxi\u00e8me (\u00e9diteur) avant d&rsquo;aller faire l&rsquo;auteur (et bien d&rsquo;autres choses) dans le \u00ab\u00a0restant \u00e0 vivre\u00a0\u00bb. Il a publi\u00e9 des po\u00e8mes, des nouvelles, des anthologies, un roman (a para\u00eetre), des essais&#8230;, dont on peut retenir :<\/p>\n<p>La Vie voil\u00e0 (L.-O. Four, 1981)<\/p>\n<p>L&rsquo;\u00eele d&rsquo;elle (Tarabuste, 1989)<\/p>\n<p>L&rsquo;escargot (Favre, 1998)<\/p>\n<p>L&rsquo;\u00e9vidence qui passe (Castror Astral, 2000)<\/p>\n<p>et une Lettre d&rsquo;un \u00e9diteur \u00e0 un po\u00e8te en qu\u00eate d&rsquo;\u00e9diteur (Ginko, 2006) dont la premi\u00e8re version a paru dans ficelle n\u00b0 14\/15 en 1996.<\/p>\n<p><a title=\"www.lideebleue.unblog.fr\" href=\"www.lideebleue.unblog.fr\">www.lideebleue.unblog.fr <\/a><\/p>\n<p>&nbsp;<\/p>\n<p>7 \u00e0 77 ans<\/p>\n<p>Genre : Po\u00e9sie\/livre d\u2019artiste, pr\u00e9sent\u00e9e en enveloppe timbr\u00e9e d\u2019artiste, pr\u00eat \u00e0 poster<\/p>\n<p>Tirages de t\u00eate : 33 exemplaires en coffrets sign\u00e9s , 33 originaux, 33\u20ac<\/p>\n<p>Collection \u00ab ficelle \u00bb &#8211; format 10 x 15 cm \u2013 40 pages \u2013 reli\u00e9 sous enveloppe.<\/p>\n<p>Tir\u00e9e \u00e0 500 exemplaires dont 12 ex sur Velin Clairefontaine ivoire agr\u00e9ment\u00e9s de photos sign\u00e9es.<\/p>\n","protected":false},"excerpt":{"rendered":"<p>Ficelle n\u00b089 \u2013 L\u2019ORGUEIL D\u00c9MESUR\u00c9 DU SOUTIER<br \/>\nAut.: Louis Dubost, ill.: Photos de \u00ab La gradiva \u00bb Libraire &#8211; ISBN 2913040616<br \/>\n40 p. Photos. Broch\u00e9, enveloppe.<\/p>\n","protected":false},"featured_media":777,"template":"","meta":[],"product_brand":[],"product_cat":[16,15],"product_tag":[350,349,348,358,232],"class_list":{"0":"post-776","1":"product","2":"type-product","3":"status-publish","4":"has-post-thumbnail","6":"product_cat-les-editions","7":"product_cat-revue-ficelleplisurgents","8":"product_tag-ficelle-n89","9":"product_tag-la-gradiva","10":"product_tag-louis-dubost","11":"product_tag-lorgueil-demesure-du-soutier","12":"product_tag-poesie","14":"first","15":"instock","16":"shipping-taxable","17":"purchasable","18":"product-type-simple"},"_links":{"self":[{"href":"http:\/\/www.rougier-atelier.com\/index.php?rest_route=\/wp\/v2\/product\/776","targetHints":{"allow":["GET"]}}],"collection":[{"href":"http:\/\/www.rougier-atelier.com\/index.php?rest_route=\/wp\/v2\/product"}],"about":[{"href":"http:\/\/www.rougier-atelier.com\/index.php?rest_route=\/wp\/v2\/types\/product"}],"wp:featuredmedia":[{"embeddable":true,"href":"http:\/\/www.rougier-atelier.com\/index.php?rest_route=\/wp\/v2\/media\/777"}],"wp:attachment":[{"href":"http:\/\/www.rougier-atelier.com\/index.php?rest_route=%2Fwp%2Fv2%2Fmedia&parent=776"}],"wp:term":[{"taxonomy":"product_brand","embeddable":true,"href":"http:\/\/www.rougier-atelier.com\/index.php?rest_route=%2Fwp%2Fv2%2Fproduct_brand&post=776"},{"taxonomy":"product_cat","embeddable":true,"href":"http:\/\/www.rougier-atelier.com\/index.php?rest_route=%2Fwp%2Fv2%2Fproduct_cat&post=776"},{"taxonomy":"product_tag","embeddable":true,"href":"http:\/\/www.rougier-atelier.com\/index.php?rest_route=%2Fwp%2Fv2%2Fproduct_tag&post=776"}],"curies":[{"name":"wp","href":"https:\/\/api.w.org\/{rel}","templated":true}]}}