{"id":781,"date":"2008-06-01T15:39:39","date_gmt":"2008-06-01T14:39:39","guid":{"rendered":"http:\/\/www.rougier-atelier.com\/?post_type=product&#038;p=781"},"modified":"2014-06-18T16:27:47","modified_gmt":"2014-06-18T15:27:47","slug":"ficelle-n87-au-terme-de-labeille","status":"publish","type":"product","link":"http:\/\/www.rougier-atelier.com\/?product=ficelle-n87-au-terme-de-labeille","title":{"rendered":"Ficelle n\u00b087 \u2013 AU TERME DE L&rsquo;ABEILLE"},"content":{"rendered":"<p>Au terme de l\u2019abeille<br \/>\nelle<\/p>\n<p>rendue aux forces de la montagne<\/p>\n<p>s\u2019\u00e9pelle se d\u00e9v\u00eat cendres et m\u00e9l\u00e8ze<\/p>\n<p>haut le poignet que tu tiens<\/p>\n<p>braises voulues dans l\u2019\u00e9pars<\/p>\n<p>qui te nomme bord\u00e9e d\u2019aub\u00e9pine<\/p>\n<p>   te scelle bois dessus<\/p>\n<p>bouche ferm\u00e9e sur soif et larmes<\/p>\n<p>tes os sont secs et l\u2019orage a perdu ses dents<\/p>\n<p>c\u2019est l\u2019amour qui t\u2019\u00e9loigne<\/p>\n<p>et t\u2019\u00e9parpille ouverte r\u00e9pandue<\/p>\n<p>   aim\u00e9e telle apr\u00e8s verdict<\/p>\n<p>   aim\u00e9e encore sans souffle \/\/\u2026<\/p>\n<p>&nbsp;<\/p>\n<p>Luce Guilbaud vit et travaille en Vend\u00e9e, po\u00e8te et plasticienne elle a enseign\u00e9 les arts plastiques et expos\u00e9 en France et en Allemagne. Diverses publications aux \u00e9ditions de L\u2019Id\u00e9e Bleue \u00ab Le c\u0153ur ant\u00e9rieur \u00bb, Tarabuste \u00ab Elle lui dirait la mer, Dumerchez \u00ab Une pluie de non retour \u00bb, La Renarde rouge \u00ab Sanguine \u00bb,Alain Beno\u00eet \u00ab Noir et apr\u00e8s \u00bb, Les \u00e9crits des forges \u00ab Rouge incertain \u00bb, Soc et Foc \u00ab Du sel sur la langue \u00bb\u2026 Elle anime des rencontres autour de la po\u00e9sie dans les \u00e9coles, les biblioth\u00e8ques\u2026<\/p>\n<p>&nbsp;<\/p>\n<p>7 \u00e0 77 ans<\/p>\n<p>Genre : Po\u00e9sie\/livre d\u2019artiste, pr\u00e9sent\u00e9e en enveloppe timbr\u00e9e d\u2019artiste, pr\u00eat \u00e0 poster<\/p>\n<p>Collection \u00ab ficelle \u00bb &#8211; format 10 x 15 cm \u2013 40 pages \u2013 reli\u00e9 sous enveloppe.<\/p>\n<p>Tir\u00e9e \u00e0 300 exemplaires<\/p>\n","protected":false},"excerpt":{"rendered":"<p>Ficelle n\u00b087 \u2013 AU TERME DE L&#039;ABEILLE<br \/>\nAut.: Luce Guilbaud, ill.: Vincent Rougier &#8211; ISBN 2913040594<br \/>\n40 p. Photos. Broch\u00e9, enveloppe.<\/p>\n","protected":false},"featured_media":783,"template":"","meta":[],"product_brand":[],"product_cat":[16,15],"product_tag":[357,354,136,40],"class_list":{"0":"post-781","1":"product","2":"type-product","3":"status-publish","4":"has-post-thumbnail","6":"product_cat-les-editions","7":"product_cat-revue-ficelleplisurgents","8":"product_tag-au-terme-de-labeille","9":"product_tag-ficelle-n87","10":"product_tag-guilbaud","11":"product_tag-vincent-rougier","13":"first","14":"instock","15":"shipping-taxable","16":"purchasable","17":"product-type-simple"},"_links":{"self":[{"href":"http:\/\/www.rougier-atelier.com\/index.php?rest_route=\/wp\/v2\/product\/781","targetHints":{"allow":["GET"]}}],"collection":[{"href":"http:\/\/www.rougier-atelier.com\/index.php?rest_route=\/wp\/v2\/product"}],"about":[{"href":"http:\/\/www.rougier-atelier.com\/index.php?rest_route=\/wp\/v2\/types\/product"}],"wp:featuredmedia":[{"embeddable":true,"href":"http:\/\/www.rougier-atelier.com\/index.php?rest_route=\/wp\/v2\/media\/783"}],"wp:attachment":[{"href":"http:\/\/www.rougier-atelier.com\/index.php?rest_route=%2Fwp%2Fv2%2Fmedia&parent=781"}],"wp:term":[{"taxonomy":"product_brand","embeddable":true,"href":"http:\/\/www.rougier-atelier.com\/index.php?rest_route=%2Fwp%2Fv2%2Fproduct_brand&post=781"},{"taxonomy":"product_cat","embeddable":true,"href":"http:\/\/www.rougier-atelier.com\/index.php?rest_route=%2Fwp%2Fv2%2Fproduct_cat&post=781"},{"taxonomy":"product_tag","embeddable":true,"href":"http:\/\/www.rougier-atelier.com\/index.php?rest_route=%2Fwp%2Fv2%2Fproduct_tag&post=781"}],"curies":[{"name":"wp","href":"https:\/\/api.w.org\/{rel}","templated":true}]}}