{"id":820,"date":"2014-10-18T16:40:51","date_gmt":"2014-10-18T15:40:51","guid":{"rendered":"http:\/\/www.rougier-atelier.com\/?post_type=product&#038;p=820"},"modified":"2015-01-25T18:06:34","modified_gmt":"2015-01-25T17:06:34","slug":"eclats-dame","status":"publish","type":"product","link":"http:\/\/www.rougier-atelier.com\/?product=eclats-dame","title":{"rendered":"Plis Urgents 33 Eclats d&rsquo;\u00c2me"},"content":{"rendered":"<p>Po\u00e9sie du voyage<\/p>\n<p>Une g\u00e9ographie po\u00e9tique, un voyage o\u00f9 l\u2019homme et<br \/>\nl\u2019\u00e9criture font corps avec le temps et l\u2019espace des regards<br \/>\npartag\u00e9s avec<br \/>\nsa compagne&#8230;<\/p>\n<p>Passionn\u00e9 \u00e0 la fois par l\u2019\u00e9criture et par la physique<br \/>\nfondamentale, il a \u00e9t\u00e9 chercheur, d\u00e9missionnaire<br \/>\nerrant et professeur sans jamais abandonner la plume.<\/p>\n<p>Claude-Lucien Cau\u00ebt est n\u00e9 et vit \u00e0 Paris<\/p>\n<p>Vincent Rougier est n\u00e9 \u00e0 Paris en 1948,<br \/>\npeintre graveur et \u00e9diteur de po\u00e9sies.<br \/>\nHabite et travaille en Normandie.<\/p>\n","protected":false},"excerpt":{"rendered":"<p>\u2018\u2019PU 33\u2019\u2019 \u00c9CLATS D\u2019\u00c2ME (G\u00e9ographie po\u00e9tique)<\/p>\n<p>Claude-Lucien Cau\u00ebt<br \/>\nVincent Rougier gravures<br \/>\nGenre : Po\u00e9sie\/livre d\u2019artiste.<\/p>\n<p>Tirage de T\u00eate en coffret : Tirage de 12 ex., 1 gravure originale, 1 froiss\u00e9, le sous-verre et le coffret : 60\u20ac<\/p>\n<p>Imprim\u00e9 sur papier verg\u00e9 Collora Book et Arches.<br \/>\nMise en vente : Septembre 2014 ISBN : 979-10-93019-05-5<\/p>\n","protected":false},"featured_media":821,"template":"","meta":[],"product_brand":[],"product_cat":[19,17],"product_tag":[374,131,375,40],"class_list":{"0":"post-820","1":"product","2":"type-product","3":"status-publish","4":"has-post-thumbnail","6":"product_cat-livres-dartiste","7":"product_cat-plis-urgents","8":"product_tag-claude-lucien-cauet","9":"product_tag-coffret","10":"product_tag-eclats-dame","11":"product_tag-vincent-rougier","13":"first","14":"instock","15":"shipping-taxable","16":"purchasable","17":"product-type-simple"},"_links":{"self":[{"href":"http:\/\/www.rougier-atelier.com\/index.php?rest_route=\/wp\/v2\/product\/820","targetHints":{"allow":["GET"]}}],"collection":[{"href":"http:\/\/www.rougier-atelier.com\/index.php?rest_route=\/wp\/v2\/product"}],"about":[{"href":"http:\/\/www.rougier-atelier.com\/index.php?rest_route=\/wp\/v2\/types\/product"}],"wp:featuredmedia":[{"embeddable":true,"href":"http:\/\/www.rougier-atelier.com\/index.php?rest_route=\/wp\/v2\/media\/821"}],"wp:attachment":[{"href":"http:\/\/www.rougier-atelier.com\/index.php?rest_route=%2Fwp%2Fv2%2Fmedia&parent=820"}],"wp:term":[{"taxonomy":"product_brand","embeddable":true,"href":"http:\/\/www.rougier-atelier.com\/index.php?rest_route=%2Fwp%2Fv2%2Fproduct_brand&post=820"},{"taxonomy":"product_cat","embeddable":true,"href":"http:\/\/www.rougier-atelier.com\/index.php?rest_route=%2Fwp%2Fv2%2Fproduct_cat&post=820"},{"taxonomy":"product_tag","embeddable":true,"href":"http:\/\/www.rougier-atelier.com\/index.php?rest_route=%2Fwp%2Fv2%2Fproduct_tag&post=820"}],"curies":[{"name":"wp","href":"https:\/\/api.w.org\/{rel}","templated":true}]}}