{"id":842,"date":"2014-10-22T15:31:35","date_gmt":"2014-10-22T14:31:35","guid":{"rendered":"http:\/\/www.rougier-atelier.com\/?post_type=product&#038;p=842"},"modified":"2014-10-31T17:05:37","modified_gmt":"2014-10-31T16:05:37","slug":"dessins-lavis-plisses","status":"publish","type":"product","link":"http:\/\/www.rougier-atelier.com\/?product=dessins-lavis-plisses","title":{"rendered":"Dessins lavis pliss\u00e9s"},"content":{"rendered":"","protected":false},"excerpt":{"rendered":"<p>Lavis sur papier pliss\u00e9. Format originel 65*50cm, pliss\u00e9 env 20cm.<\/p>\n","protected":false},"featured_media":843,"template":"","meta":[],"product_brand":[],"product_cat":[191,194,229],"product_tag":[196,379,378,380],"class_list":{"0":"post-842","1":"product","2":"type-product","3":"status-publish","4":"has-post-thumbnail","6":"product_cat-beaux-arts","7":"product_cat-dessins","8":"product_cat-les-froisses-les-plisses","9":"product_tag-dessin","10":"product_tag-lavis","11":"product_tag-plisses","12":"product_tag-signes","14":"first","15":"instock","16":"shipping-taxable","17":"purchasable","18":"product-type-simple"},"_links":{"self":[{"href":"http:\/\/www.rougier-atelier.com\/index.php?rest_route=\/wp\/v2\/product\/842","targetHints":{"allow":["GET"]}}],"collection":[{"href":"http:\/\/www.rougier-atelier.com\/index.php?rest_route=\/wp\/v2\/product"}],"about":[{"href":"http:\/\/www.rougier-atelier.com\/index.php?rest_route=\/wp\/v2\/types\/product"}],"wp:featuredmedia":[{"embeddable":true,"href":"http:\/\/www.rougier-atelier.com\/index.php?rest_route=\/wp\/v2\/media\/843"}],"wp:attachment":[{"href":"http:\/\/www.rougier-atelier.com\/index.php?rest_route=%2Fwp%2Fv2%2Fmedia&parent=842"}],"wp:term":[{"taxonomy":"product_brand","embeddable":true,"href":"http:\/\/www.rougier-atelier.com\/index.php?rest_route=%2Fwp%2Fv2%2Fproduct_brand&post=842"},{"taxonomy":"product_cat","embeddable":true,"href":"http:\/\/www.rougier-atelier.com\/index.php?rest_route=%2Fwp%2Fv2%2Fproduct_cat&post=842"},{"taxonomy":"product_tag","embeddable":true,"href":"http:\/\/www.rougier-atelier.com\/index.php?rest_route=%2Fwp%2Fv2%2Fproduct_tag&post=842"}],"curies":[{"name":"wp","href":"https:\/\/api.w.org\/{rel}","templated":true}]}}