{"id":86,"date":"2014-01-20T16:02:04","date_gmt":"2014-01-20T15:02:04","guid":{"rendered":"http:\/\/www.rougier-atelier.com\/2014\/?post_type=product&#038;p=86"},"modified":"2014-06-18T14:47:36","modified_gmt":"2014-06-18T13:47:36","slug":"ficelle-n100-la-dictee-sans-faute","status":"publish","type":"product","link":"http:\/\/www.rougier-atelier.com\/?product=ficelle-n100-la-dictee-sans-faute","title":{"rendered":"Ficelle n\u00b0100 \u2013 LA DICT\u00c9E SANS FAUTE"},"content":{"rendered":"<p>&#8230;\/\/ Et attention \u00e0 \u00ab attention \u00bb avec ses deux \u00ab t \u00bb ou \u00e0 \u00ab fais gaffe \u00bb et ses deux \u00ab f \u00bb. Ou alors peut-\u00eatreune dict\u00e9e avec un seul mot et que l\u2019on \u00e9pelle* :N.O.N&#8230;.\/\/ Fran\u00e7ois David Denise Mi\u00e8ge, Sylvie Durbec Nicolas Maier, Sabine P\u00e9glion Patricia Castex Menier, Yves Jouan, Philippe Longchamp Dodo Bertille, Jean-Claude Touzeil, Bernard Bretonni\u00e8re Genre : Po\u00e9sie\/livre d\u2019artiste, pr\u00e9sent\u00e9e en enveloppe timbr\u00e9e d\u2019artiste, pr\u00eat \u00e0 poster. 500 ex. Collection \u00ab ficelle \u00bb &#8211; format 10 x 15 cm \u2013 48 pages \u2013 reli\u00e9 sous enveloppe. Prix : 9\u20ac Mise en vente : Mars 2011 Les soixante auteurs participants Colette Andriot, Jeau Antonini, Camille Barbe, Jo\u00ebl Bastard, Anne-Lise Blanchard, Yves-Jacques Bouin,St\u00e9phane Branger, Bernard Bretonni\u00e8re, BrigitteBriatte, Patricia Castex Menier, Georges Cathalo, Jean-Pierre Crespel, Fran\u00e7ois David, Christian Degoutte, Jean-Fran\u00e7ois Demeure, Dodo Bertille, Louis Dubost, Sylvie Durbec, Denis Flauraud, Janine Gachet, Jean-Paul Gavard Perret, C\u00e9cile Glasman, Jean-Claude Goiri, Denis Guillec, Slaheddine Haddad, Alain Helissen, Yves Jouhan, Constantin Ka\u00eft\u00e9ris,Corduilia Koklas, Werner Lambersy, Christophe Lamiot, Isabelle Lelouch, Pierre Levis, B\u00e9atrice Libert, Liska K, Philippe Longchamp, Nicolas Maier, Patrice Maltaverne, Denise Mi\u00e8ge, Dany Moreuil, Evelyne Morin, Maxime Morin, Serge Muscat, Jean-Pierre Nedelec, Lydia Padellec, Jean Pechenart, Sabine P\u00e9glion, Jacqueline Persini Panorias, Fabienne Renaud, Chantal Robillard, Basile Rouchin, Coline Rouge, Hafsa Safi, Kristel Saint-James, Solirenne, Colette Touillier, Jean-Claude Touzeil, Tristanf\u00e9lix, Claude Vercey.<\/p>\n","protected":false},"excerpt":{"rendered":"<p>Aut.: Collectif : Six auteurs choisis pour cette centi\u00e8me ficelle.<br \/>\nISBN 9782913040764<br \/>\n40 p. Broch\u00e9 jaquette et enveloppe.<br \/>\nPo\u00e9sie humour et centi\u00e8me de cette petite collection.<\/p>\n","protected":false},"featured_media":87,"template":"","meta":[],"product_brand":[],"product_cat":[15],"product_tag":[34,25,32,24,33,27,29,31,28,26,30],"class_list":{"0":"post-86","1":"product","2":"type-product","3":"status-publish","4":"has-post-thumbnail","6":"product_cat-revue-ficelleplisurgents","7":"product_tag-bernard-bretonniere","8":"product_tag-denise-miege","9":"product_tag-dodo-bertille","10":"product_tag-francois-david","11":"product_tag-jean-claude-touzeil","12":"product_tag-nicolas-maier","13":"product_tag-patricia-castex-menier","14":"product_tag-philippe-longchamp","15":"product_tag-sabine-peglion","16":"product_tag-sylvie-durbec","17":"product_tag-yves-jouan","19":"first","20":"instock","21":"shipping-taxable","22":"purchasable","23":"product-type-simple"},"_links":{"self":[{"href":"http:\/\/www.rougier-atelier.com\/index.php?rest_route=\/wp\/v2\/product\/86","targetHints":{"allow":["GET"]}}],"collection":[{"href":"http:\/\/www.rougier-atelier.com\/index.php?rest_route=\/wp\/v2\/product"}],"about":[{"href":"http:\/\/www.rougier-atelier.com\/index.php?rest_route=\/wp\/v2\/types\/product"}],"wp:featuredmedia":[{"embeddable":true,"href":"http:\/\/www.rougier-atelier.com\/index.php?rest_route=\/wp\/v2\/media\/87"}],"wp:attachment":[{"href":"http:\/\/www.rougier-atelier.com\/index.php?rest_route=%2Fwp%2Fv2%2Fmedia&parent=86"}],"wp:term":[{"taxonomy":"product_brand","embeddable":true,"href":"http:\/\/www.rougier-atelier.com\/index.php?rest_route=%2Fwp%2Fv2%2Fproduct_brand&post=86"},{"taxonomy":"product_cat","embeddable":true,"href":"http:\/\/www.rougier-atelier.com\/index.php?rest_route=%2Fwp%2Fv2%2Fproduct_cat&post=86"},{"taxonomy":"product_tag","embeddable":true,"href":"http:\/\/www.rougier-atelier.com\/index.php?rest_route=%2Fwp%2Fv2%2Fproduct_tag&post=86"}],"curies":[{"name":"wp","href":"https:\/\/api.w.org\/{rel}","templated":true}]}}