{"id":882,"date":"2015-01-25T18:41:17","date_gmt":"2015-01-25T17:41:17","guid":{"rendered":"http:\/\/www.rougier-atelier.com\/?post_type=product&#038;p=882"},"modified":"2015-02-16T16:32:36","modified_gmt":"2015-02-16T15:32:36","slug":"ficelle-120-les-coleopteres","status":"publish","type":"product","link":"http:\/\/www.rougier-atelier.com\/?product=ficelle-120-les-coleopteres","title":{"rendered":"ficelle 120 LES COL\u00c9OPT\u00c8RES"},"content":{"rendered":"<p>&nbsp;<\/p>\n<p>C\u2019est maintenant au tour des insectes<\/p>\n<p>de faire d\u00e9couvrir leurs vices cach\u00e9s,<\/p>\n<p>leurs vertus m\u00e9connues et leur curieuse<\/p>\n<p>ressemblance avec les humains.<\/p>\n<p>&nbsp;<\/p>\n<p>\u00ab\u00a0La Coccinelle<\/p>\n<p>B\u00eate \u00e0 bon Dieu ogresse des pucerons<\/p>\n<p>la coccinelle a d\u00e9missionn\u00e9 devant l\u2019insecticide<\/p>\n<p>et se prom\u00e8ne aujourd\u2019hui \u00e0 la plage<\/p>\n<p>o\u00f9 elle prend l\u2019huile solaire pour des fleurs de tiar\u00e9<\/p>\n<p>dans une civilisation de nylon.\u00a0\u00bb<\/p>\n<p>&nbsp;<\/p>\n<p><strong>L\u2019auteur<\/strong><\/p>\n<p>Po\u00e8te, journaliste, critique d\u2019art, auteur radiophonique et professeur de Fran\u00e7ais en Ouzb\u00e9kistan, Denise Mi\u00e8ge a touch\u00e9 \u00e0 tout avant de d\u00e9couvrir le monde fascinant des animaux qui vont appara\u00eetre dans ses po\u00e8mes.<\/p>\n<p>Malicieux et c\u00e2lins dans <em>ANIMALIMAGES<\/em>, po\u00e8mes pour enfants (\u00e9d. le D\u00e9 bleu, collection le Farfadet bleu, repris par Cadex), ils sont moqueurs, d\u00e9routants, sarcastiques voire frondeurs dans <em>ANIMALINUSITES<\/em> (\u00e9d. Tarabuste, col. Au revoir les enfants).<\/p>\n<p>&nbsp;<\/p>\n<p><strong>Autres po\u00e8mes publi\u00e9s\u00a0<\/strong>: <em>Marche de nuit avec parfois une fen\u00eatre au soleil <\/em>(\u00e9d.la Bartavelle, col. Modernit\u00e9s), <em>Fatrasie<\/em> (\u00e9d. Vincent Rougier, ficelle n\u00b0 100).<\/p>\n<p>&nbsp;<\/p>\n<p><strong>Vincent Rougier<\/strong>, artiste peintre graveur, \u00e9diteur et cr\u00e9ateur des collections Ficelle, Plis Urgents et livres d\u2019artiste, bibliophilie.<\/p>\n<p><strong>Flore Henry<\/strong>, assistante \u00e9ditoriale et cr\u00e9atrice des vignettes.<\/p>\n<p>&nbsp;<\/p>\n<p>Genre\u00a0: Po\u00e9sie\/livre d\u2019artiste<\/p>\n","protected":false},"excerpt":{"rendered":"<p>Aut. Denise Mi\u00e8ge, Ill. Vincent Rougier et Flore Henry &#8211;\u00a0ISBN 979-10-93019-14-7\u00a0ISSN 1252-5405<\/p>\n<p>40 pages, broch\u00e9 sous enveloppe<\/p>\n<p>Po\u00e9sie de l\u2019humour, jeunesse<\/p>\n<p>&nbsp;<\/p>\n","protected":false},"featured_media":883,"template":"","meta":[],"product_brand":[],"product_cat":[15],"product_tag":[25,393,394,392,391,40],"class_list":{"0":"post-882","1":"product","2":"type-product","3":"status-publish","4":"has-post-thumbnail","6":"product_cat-revue-ficelleplisurgents","7":"product_tag-denise-miege","8":"product_tag-ficelle-120","9":"product_tag-flore-henry","10":"product_tag-insectes","11":"product_tag-les-coleopteres","12":"product_tag-vincent-rougier","14":"first","15":"instock","16":"shipping-taxable","17":"purchasable","18":"product-type-simple"},"_links":{"self":[{"href":"http:\/\/www.rougier-atelier.com\/index.php?rest_route=\/wp\/v2\/product\/882","targetHints":{"allow":["GET"]}}],"collection":[{"href":"http:\/\/www.rougier-atelier.com\/index.php?rest_route=\/wp\/v2\/product"}],"about":[{"href":"http:\/\/www.rougier-atelier.com\/index.php?rest_route=\/wp\/v2\/types\/product"}],"wp:featuredmedia":[{"embeddable":true,"href":"http:\/\/www.rougier-atelier.com\/index.php?rest_route=\/wp\/v2\/media\/883"}],"wp:attachment":[{"href":"http:\/\/www.rougier-atelier.com\/index.php?rest_route=%2Fwp%2Fv2%2Fmedia&parent=882"}],"wp:term":[{"taxonomy":"product_brand","embeddable":true,"href":"http:\/\/www.rougier-atelier.com\/index.php?rest_route=%2Fwp%2Fv2%2Fproduct_brand&post=882"},{"taxonomy":"product_cat","embeddable":true,"href":"http:\/\/www.rougier-atelier.com\/index.php?rest_route=%2Fwp%2Fv2%2Fproduct_cat&post=882"},{"taxonomy":"product_tag","embeddable":true,"href":"http:\/\/www.rougier-atelier.com\/index.php?rest_route=%2Fwp%2Fv2%2Fproduct_tag&post=882"}],"curies":[{"name":"wp","href":"https:\/\/api.w.org\/{rel}","templated":true}]}}