{"id":95,"date":"2014-01-21T10:45:14","date_gmt":"2014-01-21T09:45:14","guid":{"rendered":"http:\/\/www.rougier-atelier.com\/2014\/?post_type=product&#038;p=95"},"modified":"2014-05-28T07:37:49","modified_gmt":"2014-05-28T06:37:49","slug":"ficelle-n103-suite-diderot","status":"publish","type":"product","link":"http:\/\/www.rougier-atelier.com\/?product=ficelle-n103-suite-diderot","title":{"rendered":"Ficelle n\u00b0103 &#8211; SUITE DIDEROT"},"content":{"rendered":"<p>Christian Prigent (n\u00e9 en 1945) vit en Bretagne. Depuis 1969, il a publi\u00e9 une quarantaine d&rsquo;ouvrages (po\u00e9sie, fiction, enregistrement sur CD, essais sur la litt\u00e9rature et la peinture&#8230;) essentiellement chez POL.<br \/>\nDetlef Baltrock (n\u00e9 en 1954) vit \u00e0 Berlin. Ecole des Beaux Arts, apr\u00e8s quelques ann\u00e9es d&rsquo;enseignement il choisit de mener une carri\u00e8re d&rsquo;artiste plasticien ind\u00e9pendant, peinture, dessin, photographie. Publie aux Editions Beltz \u00ab\u00a0Psychologie heute\u00a0\u00bb.<br \/>\nla Suite Diderot\u00a0a \u00e9t\u00e9 compos\u00e9e\u00a0\u00e0 Saint-Brieuc\u00a0pendant l&rsquo;\u00e9t\u00e9 2010\u00a0en lisant les\u00a0<i>\u00ab\u00a0Lettres \u00e0 Sophie Volland\u00a0\u00bb<\/i><br \/>\nUn mise \u00e0 jour bien \u00ab\u00a0sign\u00e9e\u00a0\u00bb de la correspondance de D. Diderot avec Sophie Volland. Les lavis sur calque du peintre sont grandioses et fleurent bon l\u2019\u00a0\u00bb\u00e9rectif\u00a0\u00bb, le charnel.<br \/>\n48p. Demi couch\u00e9 et les lavis imprim\u00e9s sur calque &#8211; enveloppe Mail-Art, timbr\u00e9e d&rsquo;artiste.<br \/>\nGenre\u00a0: Po\u00e9sie\/livre d\u2019artiste, pr\u00e9sent\u00e9e en enveloppe timbr\u00e9e d\u2019artiste, pr\u00eat \u00e0 poster. 500 ex.\u00a0Dont 20 (bibliophilie) \u00ab\u00a0Livres rares\u00a0\u00bb en coffret\u00a0 sign\u00e9s agr\u00e9ment\u00e9s d\u2019un lavis original.\u00a0 180\u20ac. \u2013 150*210*16mm.\u00a0Collection \u00ab\u00a0ficelle\u00a0\u00bb &#8211; format 10 x 15 cm \u2013 40 pages \u2013 reli\u00e9 sous enveloppe, timbr\u00e9e d&rsquo;artiste \u2013<br \/>\nMise en vente\u00a0: Juillet\u00a0 2011<\/p>\n","protected":false},"excerpt":{"rendered":"<p>Aut : Christian Prigent &#8211; ill.: Detlef Baltrock &#8211; ISBN 9782-913040-79-3<br \/>\nPo\u00e9sie \u00e9rotique, impertinante<br \/>\n\/\/&#8230; O\u00f9 il n\u2019y a rien lisez que je vous aime (la vie\u00a0Je presse son \u00e2me entre la v\u00f4tre et la Mienne) car rien du corps ne se forme si Non en ces discours fort interrompus Ah\u00a0\/\/&#8230;<\/p>\n","protected":false},"featured_media":678,"template":"","meta":[],"product_brand":[],"product_cat":[15],"product_tag":[38,128,243,244,130],"class_list":{"0":"post-95","1":"product","2":"type-product","3":"status-publish","4":"has-post-thumbnail","6":"product_cat-revue-ficelleplisurgents","7":"product_tag-christian-prigent","8":"product_tag-baltrock","9":"product_tag-diderot","10":"product_tag-lettres-a-sophie-volland","11":"product_tag-suite-diderot","13":"first","14":"instock","15":"shipping-taxable","16":"purchasable","17":"product-type-simple"},"_links":{"self":[{"href":"http:\/\/www.rougier-atelier.com\/index.php?rest_route=\/wp\/v2\/product\/95","targetHints":{"allow":["GET"]}}],"collection":[{"href":"http:\/\/www.rougier-atelier.com\/index.php?rest_route=\/wp\/v2\/product"}],"about":[{"href":"http:\/\/www.rougier-atelier.com\/index.php?rest_route=\/wp\/v2\/types\/product"}],"wp:featuredmedia":[{"embeddable":true,"href":"http:\/\/www.rougier-atelier.com\/index.php?rest_route=\/wp\/v2\/media\/678"}],"wp:attachment":[{"href":"http:\/\/www.rougier-atelier.com\/index.php?rest_route=%2Fwp%2Fv2%2Fmedia&parent=95"}],"wp:term":[{"taxonomy":"product_brand","embeddable":true,"href":"http:\/\/www.rougier-atelier.com\/index.php?rest_route=%2Fwp%2Fv2%2Fproduct_brand&post=95"},{"taxonomy":"product_cat","embeddable":true,"href":"http:\/\/www.rougier-atelier.com\/index.php?rest_route=%2Fwp%2Fv2%2Fproduct_cat&post=95"},{"taxonomy":"product_tag","embeddable":true,"href":"http:\/\/www.rougier-atelier.com\/index.php?rest_route=%2Fwp%2Fv2%2Fproduct_tag&post=95"}],"curies":[{"name":"wp","href":"https:\/\/api.w.org\/{rel}","templated":true}]}}