{"id":97,"date":"2014-01-21T10:56:25","date_gmt":"2014-01-21T09:56:25","guid":{"rendered":"http:\/\/www.rougier-atelier.com\/2014\/?post_type=product&#038;p=97"},"modified":"2014-05-28T06:56:48","modified_gmt":"2014-05-28T05:56:48","slug":"ficelle-n104-dieu-existe","status":"publish","type":"product","link":"http:\/\/www.rougier-atelier.com\/?product=ficelle-n104-dieu-existe","title":{"rendered":"Ficelle n\u00b0104 &#8211; DIEU EXISTE"},"content":{"rendered":"<p>Yves Jouan<br \/>\nD\u00e8s le d\u00e9but de son parcours d\u2019auteur, Yves Jouan s\u2019int\u00e9resse aux lieux de r\u00e9sistance du vivant l\u00e0 o\u00f9 il est le plus menac\u00e9. En t\u00e9moigne son tr\u00e8s beau recueil, Azadi (mot kurde qui signifie \u00ab libert\u00e9 \u00bb), rassemblant des po\u00e8mes n\u00e9s d\u2019un voyage au Kurdistan, dont il se fait t\u00e9moin de lutte dans ce que son \u00e9diteur Dumerchez qualifie de \u00ab po\u00e9sie retenue et g\u00e9n\u00e9reuse qui est aussi une mani\u00e8re d\u2019hommage \u00e0 la derni\u00e8re chance, de salut au courage et d\u2019hymne contenu \u00e0 la libert\u00e9. \u00bb<br \/>\nTirage de t\u00eate<br \/>\nEn coffret 11*16*1,6cm agr\u00e9ment\u00e9 d\u2019une gravure originale, tir\u00e9 \u00e0 20 ex. Sign\u00e9s.<br \/>\nPrix : 60\u20ac &#8211; Voir \u00ab\u00a0Bibliophilie\u00a0\u00bb &#8211; Livres rares<br \/>\nMise en vente : Septembre 2011<br \/>\nCollection \u00ab ficelle \u00bb &#8211; format 10 x 15 cm \u2013 24 pages \u2013 (broch\u00e9 en enveloppe Mail-Art). 500ex. Tirage de t\u00eate en coffret \u00ab\u00a0<strong>livres rares<\/strong>\u00a0\u00bb Gravure originale 14ex. 60\u20ac<br \/>\nPrix : 9\u20ac Mise en vente : 15 Septembre 2011<\/p>\n<p>Tirage de t\u00eate<br \/>\nEn coffret 11*16*1,6cm agr\u00e9ment\u00e9 d\u2019une gravure originale, tir\u00e9 \u00e0 20 ex. Sign\u00e9s.<br \/>\nPrix : 60\u20ac &#8211; Voir \u00ab\u00a0Bibliophilie\u00a0\u00bb &#8211; Livres rares<br \/>\nMise en vente : Septembre 2011<br \/>\nCollection \u00ab ficelle \u00bb &#8211; format 10 x 15 cm \u2013 24 pages \u2013 (broch\u00e9 en enveloppe Mail-Art). 500ex.<br \/>\nPrix : 9\u20ac Mise en vente : 15 Septembre 2011<\/p>\n","protected":false},"excerpt":{"rendered":"<p>Aut: Yves Jouan &#8211; ill : Vincent Rougier &#8211; ISBN 978-2913040-85-3<br \/>\n&#8230;\/\/ Dieu Un nom entre les balles entre les chairs entre les dents \u00ab\u00a0Ils respiraient du m\u00eame souffle\u00a0\u00bb &#8230;\/\/<\/p>\n","protected":false},"featured_media":98,"template":"","meta":[],"product_brand":[],"product_cat":[15],"product_tag":[273,40,30],"class_list":{"0":"post-97","1":"product","2":"type-product","3":"status-publish","4":"has-post-thumbnail","6":"product_cat-revue-ficelleplisurgents","7":"product_tag-dieu-existe","8":"product_tag-vincent-rougier","9":"product_tag-yves-jouan","11":"first","12":"instock","13":"shipping-taxable","14":"purchasable","15":"product-type-simple"},"_links":{"self":[{"href":"http:\/\/www.rougier-atelier.com\/index.php?rest_route=\/wp\/v2\/product\/97","targetHints":{"allow":["GET"]}}],"collection":[{"href":"http:\/\/www.rougier-atelier.com\/index.php?rest_route=\/wp\/v2\/product"}],"about":[{"href":"http:\/\/www.rougier-atelier.com\/index.php?rest_route=\/wp\/v2\/types\/product"}],"wp:featuredmedia":[{"embeddable":true,"href":"http:\/\/www.rougier-atelier.com\/index.php?rest_route=\/wp\/v2\/media\/98"}],"wp:attachment":[{"href":"http:\/\/www.rougier-atelier.com\/index.php?rest_route=%2Fwp%2Fv2%2Fmedia&parent=97"}],"wp:term":[{"taxonomy":"product_brand","embeddable":true,"href":"http:\/\/www.rougier-atelier.com\/index.php?rest_route=%2Fwp%2Fv2%2Fproduct_brand&post=97"},{"taxonomy":"product_cat","embeddable":true,"href":"http:\/\/www.rougier-atelier.com\/index.php?rest_route=%2Fwp%2Fv2%2Fproduct_cat&post=97"},{"taxonomy":"product_tag","embeddable":true,"href":"http:\/\/www.rougier-atelier.com\/index.php?rest_route=%2Fwp%2Fv2%2Fproduct_tag&post=97"}],"curies":[{"name":"wp","href":"https:\/\/api.w.org\/{rel}","templated":true}]}}