{"id":99,"date":"2014-01-21T13:13:38","date_gmt":"2014-01-21T12:13:38","guid":{"rendered":"http:\/\/www.rougier-atelier.com\/2014\/?post_type=product&#038;p=99"},"modified":"2014-05-28T06:53:59","modified_gmt":"2014-05-28T05:53:59","slug":"ficelle-n105-paris-paris-aller-retour","status":"publish","type":"product","link":"http:\/\/www.rougier-atelier.com\/?product=ficelle-n105-paris-paris-aller-retour","title":{"rendered":"Ficelle n\u00b0105 &#8211; PARIS PARIS, ALLER RETOUR"},"content":{"rendered":"<p>et pour toi lecteur, au gr\u00e9 de tes d\u00e9ambulations quelques lignes disponibles. Nd\u00e9.<br \/>\nMis en vente Novembre 2011 &#8211; 9\u20ac<br \/>\nTirage de t\u00eate en coffret \u00ab\u00a0livres rares\u00a0\u00bb 1 gravure originales 60\u20ac<\/p>\n<p>Werner Lambersy est un po\u00e8te belge n\u00e9 \u00e0 Anvers le 16 novembre 1941.<br \/>\nAuteur d&rsquo;une quarantaine d&rsquo;ouvrages, il est consid\u00e9r\u00e9 comme une voix majeure de la litt\u00e9rature francophone. Il a re\u00e7u de nombreux prix. Troisi\u00e8me et dernier ouvrage de la trilogie ouvrage\u00a0de la trilogie \u00ab Vu du train \u00bb.<br \/>\nIl vit \u00e0 Paris.<br \/>\nGravure de Ga\u00eblle Pelachaud<br \/>\nGraveur auteur de nombreux livres d\u2019artistes.<br \/>\nsite internet : evazine.com\/wlam\/wlam.htm<\/p>\n","protected":false},"excerpt":{"rendered":"<p>Aut.: Werner Lambersy, ill.: Ga\u00eblle Pelachaud &#8211; 34 pages &#8211; ISBN 9782-913040-81-0<br \/>\nPo\u00e9sie humour<br \/>\n&#8230;\/\/<br \/>\nMadame Arthur : Anus dei<br \/>\nMadame Claude : Paris burnes-t-il ?<br \/>\nMadeleine : P\u00e2t\u00e9 de foi<br \/>\nMairie de Paris : Elus panards<br \/>\n\/\/&#8230;<\/p>\n","protected":false},"featured_media":100,"template":"","meta":[],"product_brand":[],"product_cat":[15],"product_tag":[42,271,41],"class_list":{"0":"post-99","1":"product","2":"type-product","3":"status-publish","4":"has-post-thumbnail","6":"product_cat-revue-ficelleplisurgents","7":"product_tag-gaelle-pelachaud","8":"product_tag-paris-paris-aller-retour","9":"product_tag-werner-lambersy","11":"first","12":"instock","13":"shipping-taxable","14":"purchasable","15":"product-type-simple"},"_links":{"self":[{"href":"http:\/\/www.rougier-atelier.com\/index.php?rest_route=\/wp\/v2\/product\/99","targetHints":{"allow":["GET"]}}],"collection":[{"href":"http:\/\/www.rougier-atelier.com\/index.php?rest_route=\/wp\/v2\/product"}],"about":[{"href":"http:\/\/www.rougier-atelier.com\/index.php?rest_route=\/wp\/v2\/types\/product"}],"wp:featuredmedia":[{"embeddable":true,"href":"http:\/\/www.rougier-atelier.com\/index.php?rest_route=\/wp\/v2\/media\/100"}],"wp:attachment":[{"href":"http:\/\/www.rougier-atelier.com\/index.php?rest_route=%2Fwp%2Fv2%2Fmedia&parent=99"}],"wp:term":[{"taxonomy":"product_brand","embeddable":true,"href":"http:\/\/www.rougier-atelier.com\/index.php?rest_route=%2Fwp%2Fv2%2Fproduct_brand&post=99"},{"taxonomy":"product_cat","embeddable":true,"href":"http:\/\/www.rougier-atelier.com\/index.php?rest_route=%2Fwp%2Fv2%2Fproduct_cat&post=99"},{"taxonomy":"product_tag","embeddable":true,"href":"http:\/\/www.rougier-atelier.com\/index.php?rest_route=%2Fwp%2Fv2%2Fproduct_tag&post=99"}],"curies":[{"name":"wp","href":"https:\/\/api.w.org\/{rel}","templated":true}]}}